{"id":15141,"date":"2019-08-27T11:00:12","date_gmt":"2019-08-27T09:00:12","guid":{"rendered":"https:\/\/cheznu.tv\/familymanagement\/?post_type=product&#038;p=15141"},"modified":"2023-06-13T16:29:38","modified_gmt":"2023-06-13T14:29:38","slug":"nadelkissen-plott-zum-entgittern-und-aufbuegeln","status":"publish","type":"product","link":"https:\/\/cheznu.tv\/familymanagement\/produkt\/nadelkissen-plott-zum-entgittern-und-aufbuegeln\/","title":{"rendered":"Nadelkissen-Plott | Zum Entgittern und Aufb\u00fcgeln"},"content":{"rendered":"<p>Das Anleitungsvideo, sowie den Blogbeitrag mit Bildern findest Du hier:<\/p>\n<p><a href=\"https:\/\/cheznu.tv\/familymanagement\/nadelkissen-fuer-naehmaschinennadeln\/\">Nadelkissen f\u00fcr N\u00e4hmaschinennadeln \u2764\ufe0f gratis Plotterdatei \u2764\ufe0f Freebie<\/a><\/p>\n<p>Die Versandkosten f\u00fcr Deutschland, \u00d6sterreich und Schweiz sind im Preis enthalten. F\u00fcr die anderen L\u00e4nder k\u00f6nnen h\u00f6here Versandkosten anfallen, bitte nachfragen <a href=\"mailto:plotter@cheznu.tv\">plotter@cheznu.tv<\/a><\/p>\n<p><a href='https:\/\/www.spoonflower.com\/profiles\/cheznu_tv' target='_blank' title='Spoonflower-Shop mit den ChezNU-Designs'>Unseren neuen Spoonflower-Shop mit Stoffen im ChezNU-Design findest Du hier.<\/a><\/p><p>Neben dem Schnittmuster \/ Schema \/ Anleitung \/ Plotterdatei erh\u00e4ltst Du als Teil der erworbenen Leistung (gilt auch f\u00fcr kostenlose Produkte) auch unseren kostenlosen Newsletter \u201eSchnittmuster-Alarm\u201c. Im Schnittmuster-Alarm informieren wir haupts\u00e4chlich, aber nicht ausschliesslich \u00fcber neue Schnittmuster, Anleitungen, DIY-Projekte, Angebote in unserem Shop, Angebote in anderen Shops, Materialbezugsquellen und allem was irgendwie mit N\u00e4hen, H\u00e4keln, Basteln, Stricken, Upcycling, Organisation und Familie zu tun hat.<\/p><p>Nach Deiner Bestellung erh\u00e4ltst Du die E-Mails automatisch. Du kannst sie allerdings jederzeit und ohne Angabe von Gr\u00fcnden \u00fcber den Link am Ende jeder E-Mail abbestellen.<br>\n\tDie Transparenzerkl\u00e4rung zu unserem Schnittmuster-Alarm findest Du <a title='Transparenzerkl\u00e4rung' href='https:\/\/cheznu.tv\/familymanagement\/transparenzerklaerung-zum-schnittmuster-alarm-newsletter\/' target='_blank'>hier<\/a><\/p>\n<p>Unsere Anleitung darf zu privaten Zwecken und zur Fertigung von Einzelst\u00fccken\/Kleinserien (bis 5 Modelle) unter Nennung der Herkunft verwendet werden (ChezNU.TV). Massenproduktion der fertigen Ware sowie Kopieren, Weitergabe, Abdruck oder Ver\u00f6ffentlichung (auch teilweise) der Strickanleitung bedarf der schriftlichen Genehmigung. Wenn Du Dir nicht sicher bist, schreibe uns einfach kurz eine <a href=\"mailto:nu@cheznu.tv\">E-Mail<\/a>.<\/p>\n","protected":false},"excerpt":{"rendered":"<p>Du erh\u00e4lst die geplottete Flexfolie. Die Beschriftung in schwarz und die Herzen in rot. Du musst das Motiv selbst entgittern und dann aufb\u00fcgeln.<\/p>\n","protected":false},"featured_media":13937,"comment_status":"open","ping_status":"closed","template":"","meta":[],"product_brand":[],"product_cat":[1099],"product_tag":[1076,848,1100],"class_list":{"0":"post-15141","1":"product","2":"type-product","3":"status-publish","4":"has-post-thumbnail","6":"product_cat-plott","7":"product_tag-mehrfarbig-plotten","8":"product_tag-naehen","9":"product_tag-plotten","10":"product_shipping_class-versandkostenfrei","12":"first","13":"outofstock","14":"sold-individually","15":"shipping-taxable","16":"purchasable","17":"product-type-simple"},"yoast_head":"<!-- This site is optimized with the Yoast SEO plugin v27.5 - https:\/\/yoast.com\/product\/yoast-seo-wordpress\/ -->\n<title>Nadelkissen-Plott | Zum Entgittern und Aufb\u00fcgeln<\/title>\n<meta name=\"description\" content=\"Du erh\u00e4lst die geplottete Flexfolie. Die Beschriftung in schwarz und die Herzen in rot. Du musst das Motiv selbst entgittern und dann aufb\u00fcgeln.\" \/>\n<meta name=\"robots\" content=\"index, follow, max-snippet:-1, max-image-preview:large, max-video-preview:-1\" \/>\n<link rel=\"canonical\" href=\"https:\/\/cheznu.tv\/familymanagement\/produkt\/nadelkissen-plott-zum-entgittern-und-aufbuegeln\/\" \/>\n<meta property=\"og:locale\" content=\"de_DE\" \/>\n<meta property=\"og:type\" content=\"article\" \/>\n<meta property=\"og:title\" content=\"Nadelkissen-Plott | Zum Entgittern und Aufb\u00fcgeln\" \/>\n<meta property=\"og:description\" content=\"Du erh\u00e4lst die geplottete Flexfolie. Die Beschriftung in schwarz und die Herzen in rot. Du musst das Motiv selbst entgittern und dann aufb\u00fcgeln.\" \/>\n<meta property=\"og:url\" content=\"https:\/\/cheznu.tv\/familymanagement\/produkt\/nadelkissen-plott-zum-entgittern-und-aufbuegeln\/\" \/>\n<meta property=\"og:site_name\" content=\"ChezNU.TV\" \/>\n<meta property=\"article:publisher\" content=\"https:\/\/www.facebook.com\/cheznutv\/\" \/>\n<meta property=\"article:modified_time\" content=\"2023-06-13T14:29:38+00:00\" \/>\n<meta property=\"og:image\" content=\"https:\/\/cheznu.tv\/familymanagement\/wp-content\/uploads\/2019\/04\/Nadelkissen-f\u00fcr-N\u00e4hmaschinennadeln-mit-Plotterdatei-Freebie-Artikelbild.jpg\" \/>\n\t<meta property=\"og:image:width\" content=\"1200\" \/>\n\t<meta property=\"og:image:height\" content=\"630\" \/>\n\t<meta property=\"og:image:type\" content=\"image\/jpeg\" \/>\n<meta name=\"twitter:card\" content=\"summary_large_image\" \/>\n<meta name=\"twitter:site\" content=\"@cheznu_family\" \/>\n<meta name=\"twitter:label1\" content=\"Gesch\u00e4tzte Lesezeit\" \/>\n\t<meta name=\"twitter:data1\" content=\"1\u00a0Minute\" \/>\n<script type=\"application\/ld+json\" class=\"yoast-schema-graph\">{\"@context\":\"https:\\\/\\\/schema.org\",\"@graph\":[{\"@type\":\"WebPage\",\"@id\":\"https:\\\/\\\/cheznu.tv\\\/familymanagement\\\/produkt\\\/nadelkissen-plott-zum-entgittern-und-aufbuegeln\\\/\",\"url\":\"https:\\\/\\\/cheznu.tv\\\/familymanagement\\\/produkt\\\/nadelkissen-plott-zum-entgittern-und-aufbuegeln\\\/\",\"name\":\"Nadelkissen-Plott | Zum Entgittern und Aufb\u00fcgeln\",\"isPartOf\":{\"@id\":\"https:\\\/\\\/cheznu.tv\\\/familymanagement\\\/#website\"},\"primaryImageOfPage\":{\"@id\":\"https:\\\/\\\/cheznu.tv\\\/familymanagement\\\/produkt\\\/nadelkissen-plott-zum-entgittern-und-aufbuegeln\\\/#primaryimage\"},\"image\":{\"@id\":\"https:\\\/\\\/cheznu.tv\\\/familymanagement\\\/produkt\\\/nadelkissen-plott-zum-entgittern-und-aufbuegeln\\\/#primaryimage\"},\"thumbnailUrl\":\"https:\\\/\\\/cheznu.tv\\\/familymanagement\\\/wp-content\\\/uploads\\\/2019\\\/04\\\/Nadelkissen-f\u00fcr-N\u00e4hmaschinennadeln-mit-Plotterdatei-Freebie-Artikelbild.jpg\",\"datePublished\":\"2019-08-27T09:00:12+00:00\",\"dateModified\":\"2023-06-13T14:29:38+00:00\",\"description\":\"Du erh\u00e4lst die geplottete Flexfolie. Die Beschriftung in schwarz und die Herzen in rot. Du musst das Motiv selbst entgittern und dann aufb\u00fcgeln.\",\"breadcrumb\":{\"@id\":\"https:\\\/\\\/cheznu.tv\\\/familymanagement\\\/produkt\\\/nadelkissen-plott-zum-entgittern-und-aufbuegeln\\\/#breadcrumb\"},\"inLanguage\":\"de\",\"potentialAction\":[{\"@type\":\"ReadAction\",\"target\":[\"https:\\\/\\\/cheznu.tv\\\/familymanagement\\\/produkt\\\/nadelkissen-plott-zum-entgittern-und-aufbuegeln\\\/\"]}]},{\"@type\":\"ImageObject\",\"inLanguage\":\"de\",\"@id\":\"https:\\\/\\\/cheznu.tv\\\/familymanagement\\\/produkt\\\/nadelkissen-plott-zum-entgittern-und-aufbuegeln\\\/#primaryimage\",\"url\":\"https:\\\/\\\/cheznu.tv\\\/familymanagement\\\/wp-content\\\/uploads\\\/2019\\\/04\\\/Nadelkissen-f\u00fcr-N\u00e4hmaschinennadeln-mit-Plotterdatei-Freebie-Artikelbild.jpg\",\"contentUrl\":\"https:\\\/\\\/cheznu.tv\\\/familymanagement\\\/wp-content\\\/uploads\\\/2019\\\/04\\\/Nadelkissen-f\u00fcr-N\u00e4hmaschinennadeln-mit-Plotterdatei-Freebie-Artikelbild.jpg\",\"width\":1200,\"height\":630,\"caption\":\"Nadelkissen f\u00fcr N\u00e4hmaschinennadeln mit Plotterdatei Freebie\"},{\"@type\":\"BreadcrumbList\",\"@id\":\"https:\\\/\\\/cheznu.tv\\\/familymanagement\\\/produkt\\\/nadelkissen-plott-zum-entgittern-und-aufbuegeln\\\/#breadcrumb\",\"itemListElement\":[{\"@type\":\"ListItem\",\"position\":1,\"name\":\"Startseite\",\"item\":\"https:\\\/\\\/cheznu.tv\\\/familymanagement\\\/\"},{\"@type\":\"ListItem\",\"position\":2,\"name\":\"Shop\",\"item\":\"https:\\\/\\\/cheznu.tv\\\/familymanagement\\\/shop\\\/\"},{\"@type\":\"ListItem\",\"position\":3,\"name\":\"Nadelkissen-Plott | Zum Entgittern und Aufb\u00fcgeln\"}]},{\"@type\":\"WebSite\",\"@id\":\"https:\\\/\\\/cheznu.tv\\\/familymanagement\\\/#website\",\"url\":\"https:\\\/\\\/cheznu.tv\\\/familymanagement\\\/\",\"name\":\"ChezNU.TV\",\"description\":\"N\u00e4hen | Basteln | Haushalt | Familie\",\"potentialAction\":[{\"@type\":\"SearchAction\",\"target\":{\"@type\":\"EntryPoint\",\"urlTemplate\":\"https:\\\/\\\/cheznu.tv\\\/familymanagement\\\/?s={search_term_string}\"},\"query-input\":{\"@type\":\"PropertyValueSpecification\",\"valueRequired\":true,\"valueName\":\"search_term_string\"}}],\"inLanguage\":\"de\"}]}<\/script>\n<!-- \/ Yoast SEO plugin. -->","yoast_head_json":{"title":"Nadelkissen-Plott | Zum Entgittern und Aufb\u00fcgeln","description":"Du erh\u00e4lst die geplottete Flexfolie. Die Beschriftung in schwarz und die Herzen in rot. Du musst das Motiv selbst entgittern und dann aufb\u00fcgeln.","robots":{"index":"index","follow":"follow","max-snippet":"max-snippet:-1","max-image-preview":"max-image-preview:large","max-video-preview":"max-video-preview:-1"},"canonical":"https:\/\/cheznu.tv\/familymanagement\/produkt\/nadelkissen-plott-zum-entgittern-und-aufbuegeln\/","og_locale":"de_DE","og_type":"article","og_title":"Nadelkissen-Plott | Zum Entgittern und Aufb\u00fcgeln","og_description":"Du erh\u00e4lst die geplottete Flexfolie. Die Beschriftung in schwarz und die Herzen in rot. Du musst das Motiv selbst entgittern und dann aufb\u00fcgeln.","og_url":"https:\/\/cheznu.tv\/familymanagement\/produkt\/nadelkissen-plott-zum-entgittern-und-aufbuegeln\/","og_site_name":"ChezNU.TV","article_publisher":"https:\/\/www.facebook.com\/cheznutv\/","article_modified_time":"2023-06-13T14:29:38+00:00","og_image":[{"width":1200,"height":630,"url":"https:\/\/cheznu.tv\/familymanagement\/wp-content\/uploads\/2019\/04\/Nadelkissen-f\u00fcr-N\u00e4hmaschinennadeln-mit-Plotterdatei-Freebie-Artikelbild.jpg","type":"image\/jpeg"}],"twitter_card":"summary_large_image","twitter_site":"@cheznu_family","twitter_misc":{"Gesch\u00e4tzte Lesezeit":"1\u00a0Minute"},"schema":{"@context":"https:\/\/schema.org","@graph":[{"@type":"WebPage","@id":"https:\/\/cheznu.tv\/familymanagement\/produkt\/nadelkissen-plott-zum-entgittern-und-aufbuegeln\/","url":"https:\/\/cheznu.tv\/familymanagement\/produkt\/nadelkissen-plott-zum-entgittern-und-aufbuegeln\/","name":"Nadelkissen-Plott | Zum Entgittern und Aufb\u00fcgeln","isPartOf":{"@id":"https:\/\/cheznu.tv\/familymanagement\/#website"},"primaryImageOfPage":{"@id":"https:\/\/cheznu.tv\/familymanagement\/produkt\/nadelkissen-plott-zum-entgittern-und-aufbuegeln\/#primaryimage"},"image":{"@id":"https:\/\/cheznu.tv\/familymanagement\/produkt\/nadelkissen-plott-zum-entgittern-und-aufbuegeln\/#primaryimage"},"thumbnailUrl":"https:\/\/cheznu.tv\/familymanagement\/wp-content\/uploads\/2019\/04\/Nadelkissen-f\u00fcr-N\u00e4hmaschinennadeln-mit-Plotterdatei-Freebie-Artikelbild.jpg","datePublished":"2019-08-27T09:00:12+00:00","dateModified":"2023-06-13T14:29:38+00:00","description":"Du erh\u00e4lst die geplottete Flexfolie. Die Beschriftung in schwarz und die Herzen in rot. Du musst das Motiv selbst entgittern und dann aufb\u00fcgeln.","breadcrumb":{"@id":"https:\/\/cheznu.tv\/familymanagement\/produkt\/nadelkissen-plott-zum-entgittern-und-aufbuegeln\/#breadcrumb"},"inLanguage":"de","potentialAction":[{"@type":"ReadAction","target":["https:\/\/cheznu.tv\/familymanagement\/produkt\/nadelkissen-plott-zum-entgittern-und-aufbuegeln\/"]}]},{"@type":"ImageObject","inLanguage":"de","@id":"https:\/\/cheznu.tv\/familymanagement\/produkt\/nadelkissen-plott-zum-entgittern-und-aufbuegeln\/#primaryimage","url":"https:\/\/cheznu.tv\/familymanagement\/wp-content\/uploads\/2019\/04\/Nadelkissen-f\u00fcr-N\u00e4hmaschinennadeln-mit-Plotterdatei-Freebie-Artikelbild.jpg","contentUrl":"https:\/\/cheznu.tv\/familymanagement\/wp-content\/uploads\/2019\/04\/Nadelkissen-f\u00fcr-N\u00e4hmaschinennadeln-mit-Plotterdatei-Freebie-Artikelbild.jpg","width":1200,"height":630,"caption":"Nadelkissen f\u00fcr N\u00e4hmaschinennadeln mit Plotterdatei Freebie"},{"@type":"BreadcrumbList","@id":"https:\/\/cheznu.tv\/familymanagement\/produkt\/nadelkissen-plott-zum-entgittern-und-aufbuegeln\/#breadcrumb","itemListElement":[{"@type":"ListItem","position":1,"name":"Startseite","item":"https:\/\/cheznu.tv\/familymanagement\/"},{"@type":"ListItem","position":2,"name":"Shop","item":"https:\/\/cheznu.tv\/familymanagement\/shop\/"},{"@type":"ListItem","position":3,"name":"Nadelkissen-Plott | Zum Entgittern und Aufb\u00fcgeln"}]},{"@type":"WebSite","@id":"https:\/\/cheznu.tv\/familymanagement\/#website","url":"https:\/\/cheznu.tv\/familymanagement\/","name":"ChezNU.TV","description":"N\u00e4hen | Basteln | Haushalt | Familie","potentialAction":[{"@type":"SearchAction","target":{"@type":"EntryPoint","urlTemplate":"https:\/\/cheznu.tv\/familymanagement\/?s={search_term_string}"},"query-input":{"@type":"PropertyValueSpecification","valueRequired":true,"valueName":"search_term_string"}}],"inLanguage":"de"}]}},"_links":{"self":[{"href":"https:\/\/cheznu.tv\/familymanagement\/wp-json\/wp\/v2\/product\/15141","targetHints":{"allow":["GET"]}}],"collection":[{"href":"https:\/\/cheznu.tv\/familymanagement\/wp-json\/wp\/v2\/product"}],"about":[{"href":"https:\/\/cheznu.tv\/familymanagement\/wp-json\/wp\/v2\/types\/product"}],"replies":[{"embeddable":true,"href":"https:\/\/cheznu.tv\/familymanagement\/wp-json\/wp\/v2\/comments?post=15141"}],"wp:featuredmedia":[{"embeddable":true,"href":"https:\/\/cheznu.tv\/familymanagement\/wp-json\/wp\/v2\/media\/13937"}],"wp:attachment":[{"href":"https:\/\/cheznu.tv\/familymanagement\/wp-json\/wp\/v2\/media?parent=15141"}],"wp:term":[{"taxonomy":"product_brand","embeddable":true,"href":"https:\/\/cheznu.tv\/familymanagement\/wp-json\/wp\/v2\/product_brand?post=15141"},{"taxonomy":"product_cat","embeddable":true,"href":"https:\/\/cheznu.tv\/familymanagement\/wp-json\/wp\/v2\/product_cat?post=15141"},{"taxonomy":"product_tag","embeddable":true,"href":"https:\/\/cheznu.tv\/familymanagement\/wp-json\/wp\/v2\/product_tag?post=15141"}],"curies":[{"name":"wp","href":"https:\/\/api.w.org\/{rel}","templated":true}]}}