{"id":14865,"date":"2019-08-01T00:01:40","date_gmt":"2019-07-31T22:01:40","guid":{"rendered":"https:\/\/cheznu.tv\/familymanagement\/?post_type=product&#038;p=14865"},"modified":"2025-02-28T15:28:25","modified_gmt":"2025-02-28T14:28:25","slug":"rosen-man-sieht-nur-mit-dem-herzen-gut-svg-dfx-png-fcm-und-cwprj","status":"publish","type":"product","link":"https:\/\/cheznu.tv\/familymanagement\/produkt\/rosen-man-sieht-nur-mit-dem-herzen-gut-svg-dfx-png-fcm-und-cwprj\/","title":{"rendered":"Rosen \ud83c\udf39 Man sieht nur mit dem Herzen gut \ud83e\udd34 SVG, DFX, PNG, FCM und CWPRJ"},"content":{"rendered":"<p>Die Plotterdateien kommen als SVG, DFX, PNG, FCM und CWPRJ. SVG-Dateine k\u00f6nnen von Plottern verarbeietet werden. Wir arbeiten mit einem <a href=\"https:\/\/amzn.to\/2yL3Kha\">Brother ScanNCut CM 900<\/a>, wenn Du auch einen ScanNCut von Brother hast, dann kannst Du direkt die FCM bzw. CWPRJ-Dateien in Dein CanvasWorkspace laden und loslegen.<\/p>\n<p><a href='https:\/\/www.spoonflower.com\/profiles\/cheznu_tv' target='_blank' title='Spoonflower-Shop mit den ChezNU-Designs'>Unseren neuen Spoonflower-Shop mit Stoffen im ChezNU-Design findest Du hier.<\/a><\/p><p>Neben dem Schnittmuster \/ Schema \/ Anleitung \/ Plotterdatei erh\u00e4ltst Du als Teil der erworbenen Leistung (gilt auch f\u00fcr kostenlose Produkte) auch unseren kostenlosen Newsletter \u201eSchnittmuster-Alarm\u201c. Im Schnittmuster-Alarm informieren wir haupts\u00e4chlich, aber nicht ausschliesslich \u00fcber neue Schnittmuster, Anleitungen, DIY-Projekte, Angebote in unserem Shop, Angebote in anderen Shops, Materialbezugsquellen und allem was irgendwie mit N\u00e4hen, H\u00e4keln, Basteln, Stricken, Upcycling, Organisation und Familie zu tun hat.<\/p><p>Nach Deiner Bestellung erh\u00e4ltst Du die E-Mails automatisch. Du kannst sie allerdings jederzeit und ohne Angabe von Gr\u00fcnden \u00fcber den Link am Ende jeder E-Mail abbestellen.<br>\n\tDie Transparenzerkl\u00e4rung zu unserem Schnittmuster-Alarm findest Du <a title='Transparenzerkl\u00e4rung' href='https:\/\/cheznu.tv\/familymanagement\/transparenzerklaerung-zum-schnittmuster-alarm-newsletter\/' target='_blank'>hier<\/a><\/p>\n<p>Die Datei ist nur zur privaten Verwendung, keine kommerzielle Nutzung (u.a. also kein Verkauf in irgendeiner Form), keine Massenproduktion auch nicht f\u00fcr Wohlt\u00e4tige Zwecke. Die Weitergabe der Dateien an Dritte ist untersagt.<\/p>\n<p>Gerne darfst Du Deine Ergebnisse auf Deiner Homepage, Facebook, Instagram und anderen sozialen Medien teilen, vergiss nicht hierbei <strong>ChezNU.TV<\/strong> als Urheber zu nennen. \u00dcber einen Tag oder einen <em>#cheznutv<\/em> w\u00fcrden wir uns besonders freuen. Gerne darfst Du uns auch Bilder Deiner Ergebnisse per E-Mail an <a href=\"mailto:plotter@cheznu.tv\">plotter@cheznu.tv<\/a> zusenden. Wir ver\u00f6ffentlichen diese dann auf unserem Blog und den sozialen Medien. Je nach Wunsch mit oder ohne Nennung Deines Namens.<\/p>\n<p>Wenn Du Dir nicht sicher bist oder bei weiteren Fragen schreibe uns eine E-Mail an <a href=\"mailto:plotter@cheznu.tv\">plotter@cheznu.tv<\/a><\/p>\n<p>Ich bedanke mich ganz herzlich f\u00fcrs Probeplotten bei:<\/p>\n<ul>\n<li><a href=\"https:\/\/www.facebook.com\/dominique.bodergachet\" target=\"_blank\" rel=\"noopener noreferrer\">Dominique Boder<\/a><\/li>\n<li><a href=\"https:\/\/www.facebook.com\/erika.patzer.9\" target=\"_blank\" rel=\"noopener noreferrer\">Erika Patzer<\/a><\/li>\n<li><a href=\"https:\/\/www.facebook.com\/EulenMuddiInaKoppelt\" target=\"_blank\" rel=\"noopener noreferrer\">Ina Koppelt<\/a> von <a href=\"https:\/\/www.instagram.com\/eulenmuddi_ik\/\" target=\"_blank\" rel=\"noopener noreferrer\">Eulenmuddi<\/a><\/li>\n<li><a href=\"https:\/\/www.facebook.com\/christina.schnedschwarz\" target=\"_blank\" rel=\"noopener noreferrer\">Christina Schned-Schwarz<\/a><\/li>\n<li><a href=\"https:\/\/www.facebook.com\/NoKi89\" target=\"_blank\" rel=\"noopener noreferrer\">Bea Kluge<\/a><\/li>\n<li><a href=\"https:\/\/www.facebook.com\/ilka.mettler\" target=\"_blank\" rel=\"noopener noreferrer\">Ilka Mettler<\/a><\/li>\n<li><a href=\"https:\/\/www.facebook.com\/mandy.retzlaff\" target=\"_blank\" rel=\"noopener noreferrer\">Mandy Retzlaff<\/a><\/li>\n<li><a href=\"https:\/\/www.facebook.com\/erika.patzer.9\" target=\"_blank\" rel=\"noopener noreferrer\">Erika Patzer<\/a><\/li>\n<li><a href=\"https:\/\/www.facebook.com\/nina.muller.1977\" target=\"_blank\" rel=\"noopener noreferrer\">Nina M\u00fcller<\/a><\/li>\n<\/ul>\n","protected":false},"excerpt":{"rendered":"<p>Die Plotterdatei zeigt einen Rosenzweig mit 2 Rosen. Die Datei kann einfarbig oder zweifarbig geplottet werden. Einige meiner kreativen Probeplotterinnen haben sie auch 3 farbig gemacht.<\/p>\n<p>Dabei ist ein Zitat aus dem kleinen Prinzen: <em>Man sieht nur mit dem Herzen gut, das Wesentliche ist f\u00fcr das Auge unsichtbar.<\/em><\/p>\n","protected":false},"featured_media":14897,"comment_status":"open","ping_status":"closed","template":"","meta":[],"product_brand":[],"product_cat":[988],"product_tag":[994,1076,989,990],"class_list":{"0":"post-14865","1":"product","2":"type-product","3":"status-publish","4":"has-post-thumbnail","6":"product_cat-plotterdatei","7":"product_tag-flexfolie","8":"product_tag-mehrfarbig-plotten","9":"product_tag-plotter","10":"product_tag-plotterdatei","12":"first","13":"instock","14":"sale","15":"downloadable","16":"virtual","17":"purchasable","18":"product-type-simple"},"yoast_head":"<!-- This site is optimized with the Yoast SEO plugin v27.4 - https:\/\/yoast.com\/product\/yoast-seo-wordpress\/ -->\n<title>Rosen \ud83c\udf39 Man sieht nur mit dem Herzen gut \ud83e\udd34<\/title>\n<meta name=\"description\" content=\"Die Plotterdatei zeigt einen Rosenzweig mit 2 Rosen. Die Datei kann einfarbig oder zweifarbig geplottet werden &amp; Zitat aus dem kleinen Prinzen \ud83e\udd34\" \/>\n<meta name=\"robots\" content=\"index, follow, max-snippet:-1, max-image-preview:large, max-video-preview:-1\" \/>\n<link rel=\"canonical\" href=\"https:\/\/cheznu.tv\/familymanagement\/produkt\/rosen-man-sieht-nur-mit-dem-herzen-gut-svg-dfx-png-fcm-und-cwprj\/\" \/>\n<meta property=\"og:locale\" content=\"de_DE\" \/>\n<meta property=\"og:type\" content=\"article\" \/>\n<meta property=\"og:title\" content=\"Rosen in 2 Farben ? Man sieht nur mit dem Herzen gut ?\" \/>\n<meta property=\"og:description\" content=\"Die Plotterdatei zeigt einen Rosenzweig mit 2 Rosen ??. Die Datei kann einfarbig oder zweifarbig geplottet werden. Einige meiner kreativen Probeplotterinnen haben sie auch 3 farbig gemacht. Dabei ist ein Zitat aus dem kleinen Prinzen?: Man sieht nur mit dem Herzen gut, das Wesentliche ist f\u00fcr das Auge unsichtbar.\" \/>\n<meta property=\"og:url\" content=\"https:\/\/cheznu.tv\/familymanagement\/produkt\/rosen-man-sieht-nur-mit-dem-herzen-gut-svg-dfx-png-fcm-und-cwprj\/\" \/>\n<meta property=\"og:site_name\" content=\"ChezNU.TV\" \/>\n<meta property=\"article:publisher\" content=\"https:\/\/www.facebook.com\/cheznutv\/\" \/>\n<meta property=\"article:modified_time\" content=\"2025-02-28T14:28:25+00:00\" \/>\n<meta property=\"og:image\" content=\"https:\/\/cheznu.tv\/familymanagement\/wp-content\/uploads\/2019\/08\/Plotterdatei-Rose.jpg\" \/>\n\t<meta property=\"og:image:width\" content=\"1200\" \/>\n\t<meta property=\"og:image:height\" content=\"630\" \/>\n\t<meta property=\"og:image:type\" content=\"image\/jpeg\" \/>\n<meta name=\"twitter:card\" content=\"summary_large_image\" \/>\n<meta name=\"twitter:site\" content=\"@cheznu_family\" \/>\n<meta name=\"twitter:label1\" content=\"Gesch\u00e4tzte Lesezeit\" \/>\n\t<meta name=\"twitter:data1\" content=\"2\u00a0Minuten\" \/>\n<script type=\"application\/ld+json\" class=\"yoast-schema-graph\">{\"@context\":\"https:\\\/\\\/schema.org\",\"@graph\":[{\"@type\":\"WebPage\",\"@id\":\"https:\\\/\\\/cheznu.tv\\\/familymanagement\\\/produkt\\\/rosen-man-sieht-nur-mit-dem-herzen-gut-svg-dfx-png-fcm-und-cwprj\\\/\",\"url\":\"https:\\\/\\\/cheznu.tv\\\/familymanagement\\\/produkt\\\/rosen-man-sieht-nur-mit-dem-herzen-gut-svg-dfx-png-fcm-und-cwprj\\\/\",\"name\":\"Rosen \ud83c\udf39 Man sieht nur mit dem Herzen gut \ud83e\udd34\",\"isPartOf\":{\"@id\":\"https:\\\/\\\/cheznu.tv\\\/familymanagement\\\/#website\"},\"primaryImageOfPage\":{\"@id\":\"https:\\\/\\\/cheznu.tv\\\/familymanagement\\\/produkt\\\/rosen-man-sieht-nur-mit-dem-herzen-gut-svg-dfx-png-fcm-und-cwprj\\\/#primaryimage\"},\"image\":{\"@id\":\"https:\\\/\\\/cheznu.tv\\\/familymanagement\\\/produkt\\\/rosen-man-sieht-nur-mit-dem-herzen-gut-svg-dfx-png-fcm-und-cwprj\\\/#primaryimage\"},\"thumbnailUrl\":\"https:\\\/\\\/cheznu.tv\\\/familymanagement\\\/wp-content\\\/uploads\\\/2019\\\/08\\\/Plotterdatei-Rose-Ina-Koppelt-1.jpg\",\"datePublished\":\"2019-07-31T22:01:40+00:00\",\"dateModified\":\"2025-02-28T14:28:25+00:00\",\"description\":\"Die Plotterdatei zeigt einen Rosenzweig mit 2 Rosen. Die Datei kann einfarbig oder zweifarbig geplottet werden & Zitat aus dem kleinen Prinzen \ud83e\udd34\",\"breadcrumb\":{\"@id\":\"https:\\\/\\\/cheznu.tv\\\/familymanagement\\\/produkt\\\/rosen-man-sieht-nur-mit-dem-herzen-gut-svg-dfx-png-fcm-und-cwprj\\\/#breadcrumb\"},\"inLanguage\":\"de\",\"potentialAction\":[{\"@type\":\"ReadAction\",\"target\":[\"https:\\\/\\\/cheznu.tv\\\/familymanagement\\\/produkt\\\/rosen-man-sieht-nur-mit-dem-herzen-gut-svg-dfx-png-fcm-und-cwprj\\\/\"]}]},{\"@type\":\"ImageObject\",\"inLanguage\":\"de\",\"@id\":\"https:\\\/\\\/cheznu.tv\\\/familymanagement\\\/produkt\\\/rosen-man-sieht-nur-mit-dem-herzen-gut-svg-dfx-png-fcm-und-cwprj\\\/#primaryimage\",\"url\":\"https:\\\/\\\/cheznu.tv\\\/familymanagement\\\/wp-content\\\/uploads\\\/2019\\\/08\\\/Plotterdatei-Rose-Ina-Koppelt-1.jpg\",\"contentUrl\":\"https:\\\/\\\/cheznu.tv\\\/familymanagement\\\/wp-content\\\/uploads\\\/2019\\\/08\\\/Plotterdatei-Rose-Ina-Koppelt-1.jpg\",\"width\":1000,\"height\":1000},{\"@type\":\"BreadcrumbList\",\"@id\":\"https:\\\/\\\/cheznu.tv\\\/familymanagement\\\/produkt\\\/rosen-man-sieht-nur-mit-dem-herzen-gut-svg-dfx-png-fcm-und-cwprj\\\/#breadcrumb\",\"itemListElement\":[{\"@type\":\"ListItem\",\"position\":1,\"name\":\"Startseite\",\"item\":\"https:\\\/\\\/cheznu.tv\\\/familymanagement\\\/\"},{\"@type\":\"ListItem\",\"position\":2,\"name\":\"Shop\",\"item\":\"https:\\\/\\\/cheznu.tv\\\/familymanagement\\\/shop\\\/\"},{\"@type\":\"ListItem\",\"position\":3,\"name\":\"Rosen \ud83c\udf39 Man sieht nur mit dem Herzen gut \ud83e\udd34 SVG, DFX, PNG, FCM und CWPRJ\"}]},{\"@type\":\"WebSite\",\"@id\":\"https:\\\/\\\/cheznu.tv\\\/familymanagement\\\/#website\",\"url\":\"https:\\\/\\\/cheznu.tv\\\/familymanagement\\\/\",\"name\":\"ChezNU.TV\",\"description\":\"N\u00e4hen | Basteln | Haushalt | Familie\",\"potentialAction\":[{\"@type\":\"SearchAction\",\"target\":{\"@type\":\"EntryPoint\",\"urlTemplate\":\"https:\\\/\\\/cheznu.tv\\\/familymanagement\\\/?s={search_term_string}\"},\"query-input\":{\"@type\":\"PropertyValueSpecification\",\"valueRequired\":true,\"valueName\":\"search_term_string\"}}],\"inLanguage\":\"de\"}]}<\/script>\n<!-- \/ Yoast SEO plugin. -->","yoast_head_json":{"title":"Rosen \ud83c\udf39 Man sieht nur mit dem Herzen gut \ud83e\udd34","description":"Die Plotterdatei zeigt einen Rosenzweig mit 2 Rosen. Die Datei kann einfarbig oder zweifarbig geplottet werden & Zitat aus dem kleinen Prinzen \ud83e\udd34","robots":{"index":"index","follow":"follow","max-snippet":"max-snippet:-1","max-image-preview":"max-image-preview:large","max-video-preview":"max-video-preview:-1"},"canonical":"https:\/\/cheznu.tv\/familymanagement\/produkt\/rosen-man-sieht-nur-mit-dem-herzen-gut-svg-dfx-png-fcm-und-cwprj\/","og_locale":"de_DE","og_type":"article","og_title":"Rosen in 2 Farben ? Man sieht nur mit dem Herzen gut ?","og_description":"Die Plotterdatei zeigt einen Rosenzweig mit 2 Rosen ??. Die Datei kann einfarbig oder zweifarbig geplottet werden. Einige meiner kreativen Probeplotterinnen haben sie auch 3 farbig gemacht. Dabei ist ein Zitat aus dem kleinen Prinzen?: Man sieht nur mit dem Herzen gut, das Wesentliche ist f\u00fcr das Auge unsichtbar.","og_url":"https:\/\/cheznu.tv\/familymanagement\/produkt\/rosen-man-sieht-nur-mit-dem-herzen-gut-svg-dfx-png-fcm-und-cwprj\/","og_site_name":"ChezNU.TV","article_publisher":"https:\/\/www.facebook.com\/cheznutv\/","article_modified_time":"2025-02-28T14:28:25+00:00","og_image":[{"width":1200,"height":630,"url":"https:\/\/cheznu.tv\/familymanagement\/wp-content\/uploads\/2019\/08\/Plotterdatei-Rose.jpg","type":"image\/jpeg"}],"twitter_card":"summary_large_image","twitter_site":"@cheznu_family","twitter_misc":{"Gesch\u00e4tzte Lesezeit":"2\u00a0Minuten"},"schema":{"@context":"https:\/\/schema.org","@graph":[{"@type":"WebPage","@id":"https:\/\/cheznu.tv\/familymanagement\/produkt\/rosen-man-sieht-nur-mit-dem-herzen-gut-svg-dfx-png-fcm-und-cwprj\/","url":"https:\/\/cheznu.tv\/familymanagement\/produkt\/rosen-man-sieht-nur-mit-dem-herzen-gut-svg-dfx-png-fcm-und-cwprj\/","name":"Rosen \ud83c\udf39 Man sieht nur mit dem Herzen gut \ud83e\udd34","isPartOf":{"@id":"https:\/\/cheznu.tv\/familymanagement\/#website"},"primaryImageOfPage":{"@id":"https:\/\/cheznu.tv\/familymanagement\/produkt\/rosen-man-sieht-nur-mit-dem-herzen-gut-svg-dfx-png-fcm-und-cwprj\/#primaryimage"},"image":{"@id":"https:\/\/cheznu.tv\/familymanagement\/produkt\/rosen-man-sieht-nur-mit-dem-herzen-gut-svg-dfx-png-fcm-und-cwprj\/#primaryimage"},"thumbnailUrl":"https:\/\/cheznu.tv\/familymanagement\/wp-content\/uploads\/2019\/08\/Plotterdatei-Rose-Ina-Koppelt-1.jpg","datePublished":"2019-07-31T22:01:40+00:00","dateModified":"2025-02-28T14:28:25+00:00","description":"Die Plotterdatei zeigt einen Rosenzweig mit 2 Rosen. Die Datei kann einfarbig oder zweifarbig geplottet werden & Zitat aus dem kleinen Prinzen \ud83e\udd34","breadcrumb":{"@id":"https:\/\/cheznu.tv\/familymanagement\/produkt\/rosen-man-sieht-nur-mit-dem-herzen-gut-svg-dfx-png-fcm-und-cwprj\/#breadcrumb"},"inLanguage":"de","potentialAction":[{"@type":"ReadAction","target":["https:\/\/cheznu.tv\/familymanagement\/produkt\/rosen-man-sieht-nur-mit-dem-herzen-gut-svg-dfx-png-fcm-und-cwprj\/"]}]},{"@type":"ImageObject","inLanguage":"de","@id":"https:\/\/cheznu.tv\/familymanagement\/produkt\/rosen-man-sieht-nur-mit-dem-herzen-gut-svg-dfx-png-fcm-und-cwprj\/#primaryimage","url":"https:\/\/cheznu.tv\/familymanagement\/wp-content\/uploads\/2019\/08\/Plotterdatei-Rose-Ina-Koppelt-1.jpg","contentUrl":"https:\/\/cheznu.tv\/familymanagement\/wp-content\/uploads\/2019\/08\/Plotterdatei-Rose-Ina-Koppelt-1.jpg","width":1000,"height":1000},{"@type":"BreadcrumbList","@id":"https:\/\/cheznu.tv\/familymanagement\/produkt\/rosen-man-sieht-nur-mit-dem-herzen-gut-svg-dfx-png-fcm-und-cwprj\/#breadcrumb","itemListElement":[{"@type":"ListItem","position":1,"name":"Startseite","item":"https:\/\/cheznu.tv\/familymanagement\/"},{"@type":"ListItem","position":2,"name":"Shop","item":"https:\/\/cheznu.tv\/familymanagement\/shop\/"},{"@type":"ListItem","position":3,"name":"Rosen \ud83c\udf39 Man sieht nur mit dem Herzen gut \ud83e\udd34 SVG, DFX, PNG, FCM und CWPRJ"}]},{"@type":"WebSite","@id":"https:\/\/cheznu.tv\/familymanagement\/#website","url":"https:\/\/cheznu.tv\/familymanagement\/","name":"ChezNU.TV","description":"N\u00e4hen | Basteln | Haushalt | Familie","potentialAction":[{"@type":"SearchAction","target":{"@type":"EntryPoint","urlTemplate":"https:\/\/cheznu.tv\/familymanagement\/?s={search_term_string}"},"query-input":{"@type":"PropertyValueSpecification","valueRequired":true,"valueName":"search_term_string"}}],"inLanguage":"de"}]}},"_links":{"self":[{"href":"https:\/\/cheznu.tv\/familymanagement\/wp-json\/wp\/v2\/product\/14865","targetHints":{"allow":["GET"]}}],"collection":[{"href":"https:\/\/cheznu.tv\/familymanagement\/wp-json\/wp\/v2\/product"}],"about":[{"href":"https:\/\/cheznu.tv\/familymanagement\/wp-json\/wp\/v2\/types\/product"}],"replies":[{"embeddable":true,"href":"https:\/\/cheznu.tv\/familymanagement\/wp-json\/wp\/v2\/comments?post=14865"}],"wp:featuredmedia":[{"embeddable":true,"href":"https:\/\/cheznu.tv\/familymanagement\/wp-json\/wp\/v2\/media\/14897"}],"wp:attachment":[{"href":"https:\/\/cheznu.tv\/familymanagement\/wp-json\/wp\/v2\/media?parent=14865"}],"wp:term":[{"taxonomy":"product_brand","embeddable":true,"href":"https:\/\/cheznu.tv\/familymanagement\/wp-json\/wp\/v2\/product_brand?post=14865"},{"taxonomy":"product_cat","embeddable":true,"href":"https:\/\/cheznu.tv\/familymanagement\/wp-json\/wp\/v2\/product_cat?post=14865"},{"taxonomy":"product_tag","embeddable":true,"href":"https:\/\/cheznu.tv\/familymanagement\/wp-json\/wp\/v2\/product_tag?post=14865"}],"curies":[{"name":"wp","href":"https:\/\/api.w.org\/{rel}","templated":true}]}}