{"id":14616,"date":"2019-06-07T09:44:17","date_gmt":"2019-06-07T07:44:17","guid":{"rendered":"https:\/\/cheznu.tv\/familymanagement\/?post_type=product&#038;p=14616"},"modified":"2023-06-13T16:28:53","modified_gmt":"2023-06-13T14:28:53","slug":"kinder-kuenstler-mappe-schnittmuster-zum-ausdrucken","status":"publish","type":"product","link":"https:\/\/cheznu.tv\/familymanagement\/produkt\/kinder-kuenstler-mappe-schnittmuster-zum-ausdrucken\/","title":{"rendered":"Kinder K\u00fcnstler Mappe  \ud83d\udd8c Schnittmuster zum Ausdrucken"},"content":{"rendered":"<p>Die N\u00e4hanleitung mit vielen Bildern sowie das\u00a0\u00a0Anleitungsvideo findest Du hier:<\/p>\n<p><a href=\"https:\/\/cheznu.tv\/familymanagement\/kinder-kuenstler-mappe-naehen-diy-fuer-urlaub-restaurant-freibad\/\">Kinder K\u00fcnstler Mappe n\u00e4hen<\/a><\/p>\n<p><a href='https:\/\/www.spoonflower.com\/profiles\/cheznu_tv' target='_blank' title='Spoonflower-Shop mit den ChezNU-Designs'>Unseren neuen Spoonflower-Shop mit Stoffen im ChezNU-Design findest Du hier.<\/a><\/p><p>Neben dem Schnittmuster \/ Schema \/ Anleitung \/ Plotterdatei erh\u00e4ltst Du als Teil der erworbenen Leistung (gilt auch f\u00fcr kostenlose Produkte) auch unseren kostenlosen Newsletter \u201eSchnittmuster-Alarm\u201c. Im Schnittmuster-Alarm informieren wir haupts\u00e4chlich, aber nicht ausschliesslich \u00fcber neue Schnittmuster, Anleitungen, DIY-Projekte, Angebote in unserem Shop, Angebote in anderen Shops, Materialbezugsquellen und allem was irgendwie mit N\u00e4hen, H\u00e4keln, Basteln, Stricken, Upcycling, Organisation und Familie zu tun hat.<\/p><p>Nach Deiner Bestellung erh\u00e4ltst Du die E-Mails automatisch. Du kannst sie allerdings jederzeit und ohne Angabe von Gr\u00fcnden \u00fcber den Link am Ende jeder E-Mail abbestellen.<br>\n\tDie Transparenzerkl\u00e4rung zu unserem Schnittmuster-Alarm findest Du <a title='Transparenzerkl\u00e4rung' href='https:\/\/cheznu.tv\/familymanagement\/transparenzerklaerung-zum-schnittmuster-alarm-newsletter\/' target='_blank'>hier<\/a><\/p>\n<p>Das Schnittmuster kommt als PDF und kann auf A4-Papier (Standard) ausgedruckt und dann zusammengeklebt werden.<br \/>\nSo entf\u00e4llt das l\u00e4stige Schnittmuster kopieren mit teurem Seidenpapier. Das Schnittmuster kann nach dem Zusammenkleben direkt ausgeschnitten werden.<\/p>\n<p>Bitte beachte, die richtigen Druckoptionen einzustellen. Das funktioniert genauso, wie bei Burda.<br \/>\n<a href=\"http:\/\/cheznu.tv\/familymanagement\/burda-schnittmuster-ausdrucken\/\">Burda Schnittmuster Ausdrucken.<\/a><\/p>\n<p>Wie das mit dem Zusammenkleben funktioniert haben wir hier kurz erkl\u00e4rt.<br \/>\n<a href=\"http:\/\/cheznu.tv\/familymanagement\/so-gehts\/\">So geht\u00b4s<\/a>.<\/p>\n<p>Dieser Schnitt darf zu privaten Zwecken und zur Fertigung von Einzelst\u00fccken\/Kleinserien (bis 5 Modelle) unter Nennung der Herkunft verwendet werden (ChezNU.TV). Massenproduktion der fertigen Ware sowie Kopieren, Weitergabe, Abdruck oder Ver\u00f6ffentlichung (auch teilweise) des Schnittmusters bedarf der schriftlichen Genehmigung. Wenn Du Dir nicht sicher bist, schreibe uns einfach kurz eine <a href=\"mailto:nu@cheznu.tv\">E-Mail.<\/a><\/p>\n","protected":false},"excerpt":{"rendered":"<p>F\u00fcr alle, die f\u00fcr die Kinder oder Enkelkinder eine Alternative zum Tablett oder Handy suchen, wenn sie unterwegs sind. Egal ob Auto, Flugzeug, Strand, Pool, Freibad oder Restaurant, mit der Kinder-K\u00fcnstler-Mappe sind die Kinder besch\u00e4ftigt und das ganz ohne Strom und Akku. Es hat auch Platz f\u00fcr ein Quiz oder Bandolino.<\/p>\n","protected":false},"featured_media":14618,"comment_status":"open","ping_status":"closed","template":"","meta":[],"product_brand":[],"product_cat":[866,810,826,887,811,1071],"product_tag":[806,1080,1054,1079,873,1057,807,808,1055,813],"class_list":{"0":"post-14616","1":"product","2":"type-product","3":"status-publish","4":"has-post-thumbnail","6":"product_cat-kinder","7":"product_cat-naehen","8":"product_cat-organisation","9":"product_cat-ostern","10":"product_cat-schnittmuster","11":"product_cat-urlaub","12":"product_tag-ausdrucken","13":"product_tag-diebstahlsicherung","14":"product_tag-einkaufstasche","15":"product_tag-geheimfach","16":"product_tag-handtasche","17":"product_tag-koffertasche","18":"product_tag-schnittmuster","19":"product_tag-tasche","20":"product_tag-tasche-naehen","21":"product_tag-urlaub","23":"first","24":"instock","25":"downloadable","26":"virtual","27":"sold-individually","28":"purchasable","29":"product-type-simple"},"yoast_head":"<!-- This site is optimized with the Yoast SEO plugin v27.4 - https:\/\/yoast.com\/product\/yoast-seo-wordpress\/ -->\n<title>Kinder K\u00fcnstler Mappe \ud83d\udd8c Schnittmuster zum Ausdrucken<\/title>\n<meta name=\"description\" content=\"F\u00fcr die Kinder oder Enkelkinder eine Alternative zum Tablett oder Handy, wenn sie unterwegs sind. Ob Auto, Flugzeug, Strand, Freibad die Kinder besch\u00e4ftigt.\" \/>\n<meta name=\"robots\" content=\"index, follow, max-snippet:-1, max-image-preview:large, max-video-preview:-1\" \/>\n<link rel=\"canonical\" href=\"https:\/\/cheznu.tv\/familymanagement\/produkt\/kinder-kuenstler-mappe-schnittmuster-zum-ausdrucken\/\" \/>\n<meta property=\"og:locale\" content=\"de_DE\" \/>\n<meta property=\"og:type\" content=\"article\" \/>\n<meta property=\"og:title\" content=\"Kinder K\u00fcnstler Mappe ? Schnittmuster zum Ausdrucken\" \/>\n<meta property=\"og:description\" content=\"F\u00fcr alle, die f\u00fcr die Kinder oder Enkelkinder eine Alternative zum Tablett oder Handy suchen, wenn sie unterwegs sind. Egal ob Auto, Flugzeug, Strand, Pool, Freibad oder Restaurant, mit der Kinder-K\u00fcnstler-Mappe sind die Kinder besch\u00e4ftigt und das ganz ohne Strom und Akku. Es hat auch Platz f\u00fcr ein Quiz oder Bandolino.\" \/>\n<meta property=\"og:url\" content=\"https:\/\/cheznu.tv\/familymanagement\/produkt\/kinder-kuenstler-mappe-schnittmuster-zum-ausdrucken\/\" \/>\n<meta property=\"og:site_name\" content=\"ChezNU.TV\" \/>\n<meta property=\"article:publisher\" content=\"https:\/\/www.facebook.com\/cheznutv\/\" \/>\n<meta property=\"article:modified_time\" content=\"2023-06-13T14:28:53+00:00\" \/>\n<meta property=\"og:image\" content=\"https:\/\/cheznu.tv\/familymanagement\/wp-content\/uploads\/2015\/07\/Kinder-K\u00fcnstler-Mappe-n\u00e4hen.png\" \/>\n\t<meta property=\"og:image:width\" content=\"1200\" \/>\n\t<meta property=\"og:image:height\" content=\"630\" \/>\n\t<meta property=\"og:image:type\" content=\"image\/png\" \/>\n<meta name=\"twitter:card\" content=\"summary_large_image\" \/>\n<meta name=\"twitter:site\" content=\"@cheznu_family\" \/>\n<meta name=\"twitter:label1\" content=\"Gesch\u00e4tzte Lesezeit\" \/>\n\t<meta name=\"twitter:data1\" content=\"1\u00a0Minute\" \/>\n<script type=\"application\/ld+json\" class=\"yoast-schema-graph\">{\"@context\":\"https:\\\/\\\/schema.org\",\"@graph\":[{\"@type\":\"WebPage\",\"@id\":\"https:\\\/\\\/cheznu.tv\\\/familymanagement\\\/produkt\\\/kinder-kuenstler-mappe-schnittmuster-zum-ausdrucken\\\/\",\"url\":\"https:\\\/\\\/cheznu.tv\\\/familymanagement\\\/produkt\\\/kinder-kuenstler-mappe-schnittmuster-zum-ausdrucken\\\/\",\"name\":\"Kinder K\u00fcnstler Mappe \ud83d\udd8c Schnittmuster zum Ausdrucken\",\"isPartOf\":{\"@id\":\"https:\\\/\\\/cheznu.tv\\\/familymanagement\\\/#website\"},\"primaryImageOfPage\":{\"@id\":\"https:\\\/\\\/cheznu.tv\\\/familymanagement\\\/produkt\\\/kinder-kuenstler-mappe-schnittmuster-zum-ausdrucken\\\/#primaryimage\"},\"image\":{\"@id\":\"https:\\\/\\\/cheznu.tv\\\/familymanagement\\\/produkt\\\/kinder-kuenstler-mappe-schnittmuster-zum-ausdrucken\\\/#primaryimage\"},\"thumbnailUrl\":\"https:\\\/\\\/cheznu.tv\\\/familymanagement\\\/wp-content\\\/uploads\\\/2019\\\/06\\\/Kinder-K\u00fcnstler-Mappe-Schnittmuster-01.png\",\"datePublished\":\"2019-06-07T07:44:17+00:00\",\"dateModified\":\"2023-06-13T14:28:53+00:00\",\"description\":\"F\u00fcr die Kinder oder Enkelkinder eine Alternative zum Tablett oder Handy, wenn sie unterwegs sind. Ob Auto, Flugzeug, Strand, Freibad die Kinder besch\u00e4ftigt.\",\"breadcrumb\":{\"@id\":\"https:\\\/\\\/cheznu.tv\\\/familymanagement\\\/produkt\\\/kinder-kuenstler-mappe-schnittmuster-zum-ausdrucken\\\/#breadcrumb\"},\"inLanguage\":\"de\",\"potentialAction\":[{\"@type\":\"ReadAction\",\"target\":[\"https:\\\/\\\/cheznu.tv\\\/familymanagement\\\/produkt\\\/kinder-kuenstler-mappe-schnittmuster-zum-ausdrucken\\\/\"]}]},{\"@type\":\"ImageObject\",\"inLanguage\":\"de\",\"@id\":\"https:\\\/\\\/cheznu.tv\\\/familymanagement\\\/produkt\\\/kinder-kuenstler-mappe-schnittmuster-zum-ausdrucken\\\/#primaryimage\",\"url\":\"https:\\\/\\\/cheznu.tv\\\/familymanagement\\\/wp-content\\\/uploads\\\/2019\\\/06\\\/Kinder-K\u00fcnstler-Mappe-Schnittmuster-01.png\",\"contentUrl\":\"https:\\\/\\\/cheznu.tv\\\/familymanagement\\\/wp-content\\\/uploads\\\/2019\\\/06\\\/Kinder-K\u00fcnstler-Mappe-Schnittmuster-01.png\",\"width\":1000,\"height\":1000,\"caption\":\"Kinder-K\u00fcnstler-Mappe Schnittmuster\"},{\"@type\":\"BreadcrumbList\",\"@id\":\"https:\\\/\\\/cheznu.tv\\\/familymanagement\\\/produkt\\\/kinder-kuenstler-mappe-schnittmuster-zum-ausdrucken\\\/#breadcrumb\",\"itemListElement\":[{\"@type\":\"ListItem\",\"position\":1,\"name\":\"Startseite\",\"item\":\"https:\\\/\\\/cheznu.tv\\\/familymanagement\\\/\"},{\"@type\":\"ListItem\",\"position\":2,\"name\":\"Shop\",\"item\":\"https:\\\/\\\/cheznu.tv\\\/familymanagement\\\/shop\\\/\"},{\"@type\":\"ListItem\",\"position\":3,\"name\":\"Kinder K\u00fcnstler Mappe \ud83d\udd8c Schnittmuster zum Ausdrucken\"}]},{\"@type\":\"WebSite\",\"@id\":\"https:\\\/\\\/cheznu.tv\\\/familymanagement\\\/#website\",\"url\":\"https:\\\/\\\/cheznu.tv\\\/familymanagement\\\/\",\"name\":\"ChezNU.TV\",\"description\":\"N\u00e4hen | Basteln | Haushalt | Familie\",\"potentialAction\":[{\"@type\":\"SearchAction\",\"target\":{\"@type\":\"EntryPoint\",\"urlTemplate\":\"https:\\\/\\\/cheznu.tv\\\/familymanagement\\\/?s={search_term_string}\"},\"query-input\":{\"@type\":\"PropertyValueSpecification\",\"valueRequired\":true,\"valueName\":\"search_term_string\"}}],\"inLanguage\":\"de\"}]}<\/script>\n<!-- \/ Yoast SEO plugin. -->","yoast_head_json":{"title":"Kinder K\u00fcnstler Mappe \ud83d\udd8c Schnittmuster zum Ausdrucken","description":"F\u00fcr die Kinder oder Enkelkinder eine Alternative zum Tablett oder Handy, wenn sie unterwegs sind. Ob Auto, Flugzeug, Strand, Freibad die Kinder besch\u00e4ftigt.","robots":{"index":"index","follow":"follow","max-snippet":"max-snippet:-1","max-image-preview":"max-image-preview:large","max-video-preview":"max-video-preview:-1"},"canonical":"https:\/\/cheznu.tv\/familymanagement\/produkt\/kinder-kuenstler-mappe-schnittmuster-zum-ausdrucken\/","og_locale":"de_DE","og_type":"article","og_title":"Kinder K\u00fcnstler Mappe ? Schnittmuster zum Ausdrucken","og_description":"F\u00fcr alle, die f\u00fcr die Kinder oder Enkelkinder eine Alternative zum Tablett oder Handy suchen, wenn sie unterwegs sind. Egal ob Auto, Flugzeug, Strand, Pool, Freibad oder Restaurant, mit der Kinder-K\u00fcnstler-Mappe sind die Kinder besch\u00e4ftigt und das ganz ohne Strom und Akku. Es hat auch Platz f\u00fcr ein Quiz oder Bandolino.","og_url":"https:\/\/cheznu.tv\/familymanagement\/produkt\/kinder-kuenstler-mappe-schnittmuster-zum-ausdrucken\/","og_site_name":"ChezNU.TV","article_publisher":"https:\/\/www.facebook.com\/cheznutv\/","article_modified_time":"2023-06-13T14:28:53+00:00","og_image":[{"width":1200,"height":630,"url":"https:\/\/cheznu.tv\/familymanagement\/wp-content\/uploads\/2015\/07\/Kinder-K\u00fcnstler-Mappe-n\u00e4hen.png","type":"image\/png"}],"twitter_card":"summary_large_image","twitter_site":"@cheznu_family","twitter_misc":{"Gesch\u00e4tzte Lesezeit":"1\u00a0Minute"},"schema":{"@context":"https:\/\/schema.org","@graph":[{"@type":"WebPage","@id":"https:\/\/cheznu.tv\/familymanagement\/produkt\/kinder-kuenstler-mappe-schnittmuster-zum-ausdrucken\/","url":"https:\/\/cheznu.tv\/familymanagement\/produkt\/kinder-kuenstler-mappe-schnittmuster-zum-ausdrucken\/","name":"Kinder K\u00fcnstler Mappe \ud83d\udd8c Schnittmuster zum Ausdrucken","isPartOf":{"@id":"https:\/\/cheznu.tv\/familymanagement\/#website"},"primaryImageOfPage":{"@id":"https:\/\/cheznu.tv\/familymanagement\/produkt\/kinder-kuenstler-mappe-schnittmuster-zum-ausdrucken\/#primaryimage"},"image":{"@id":"https:\/\/cheznu.tv\/familymanagement\/produkt\/kinder-kuenstler-mappe-schnittmuster-zum-ausdrucken\/#primaryimage"},"thumbnailUrl":"https:\/\/cheznu.tv\/familymanagement\/wp-content\/uploads\/2019\/06\/Kinder-K\u00fcnstler-Mappe-Schnittmuster-01.png","datePublished":"2019-06-07T07:44:17+00:00","dateModified":"2023-06-13T14:28:53+00:00","description":"F\u00fcr die Kinder oder Enkelkinder eine Alternative zum Tablett oder Handy, wenn sie unterwegs sind. Ob Auto, Flugzeug, Strand, Freibad die Kinder besch\u00e4ftigt.","breadcrumb":{"@id":"https:\/\/cheznu.tv\/familymanagement\/produkt\/kinder-kuenstler-mappe-schnittmuster-zum-ausdrucken\/#breadcrumb"},"inLanguage":"de","potentialAction":[{"@type":"ReadAction","target":["https:\/\/cheznu.tv\/familymanagement\/produkt\/kinder-kuenstler-mappe-schnittmuster-zum-ausdrucken\/"]}]},{"@type":"ImageObject","inLanguage":"de","@id":"https:\/\/cheznu.tv\/familymanagement\/produkt\/kinder-kuenstler-mappe-schnittmuster-zum-ausdrucken\/#primaryimage","url":"https:\/\/cheznu.tv\/familymanagement\/wp-content\/uploads\/2019\/06\/Kinder-K\u00fcnstler-Mappe-Schnittmuster-01.png","contentUrl":"https:\/\/cheznu.tv\/familymanagement\/wp-content\/uploads\/2019\/06\/Kinder-K\u00fcnstler-Mappe-Schnittmuster-01.png","width":1000,"height":1000,"caption":"Kinder-K\u00fcnstler-Mappe Schnittmuster"},{"@type":"BreadcrumbList","@id":"https:\/\/cheznu.tv\/familymanagement\/produkt\/kinder-kuenstler-mappe-schnittmuster-zum-ausdrucken\/#breadcrumb","itemListElement":[{"@type":"ListItem","position":1,"name":"Startseite","item":"https:\/\/cheznu.tv\/familymanagement\/"},{"@type":"ListItem","position":2,"name":"Shop","item":"https:\/\/cheznu.tv\/familymanagement\/shop\/"},{"@type":"ListItem","position":3,"name":"Kinder K\u00fcnstler Mappe \ud83d\udd8c Schnittmuster zum Ausdrucken"}]},{"@type":"WebSite","@id":"https:\/\/cheznu.tv\/familymanagement\/#website","url":"https:\/\/cheznu.tv\/familymanagement\/","name":"ChezNU.TV","description":"N\u00e4hen | Basteln | Haushalt | Familie","potentialAction":[{"@type":"SearchAction","target":{"@type":"EntryPoint","urlTemplate":"https:\/\/cheznu.tv\/familymanagement\/?s={search_term_string}"},"query-input":{"@type":"PropertyValueSpecification","valueRequired":true,"valueName":"search_term_string"}}],"inLanguage":"de"}]}},"_links":{"self":[{"href":"https:\/\/cheznu.tv\/familymanagement\/wp-json\/wp\/v2\/product\/14616","targetHints":{"allow":["GET"]}}],"collection":[{"href":"https:\/\/cheznu.tv\/familymanagement\/wp-json\/wp\/v2\/product"}],"about":[{"href":"https:\/\/cheznu.tv\/familymanagement\/wp-json\/wp\/v2\/types\/product"}],"replies":[{"embeddable":true,"href":"https:\/\/cheznu.tv\/familymanagement\/wp-json\/wp\/v2\/comments?post=14616"}],"wp:featuredmedia":[{"embeddable":true,"href":"https:\/\/cheznu.tv\/familymanagement\/wp-json\/wp\/v2\/media\/14618"}],"wp:attachment":[{"href":"https:\/\/cheznu.tv\/familymanagement\/wp-json\/wp\/v2\/media?parent=14616"}],"wp:term":[{"taxonomy":"product_brand","embeddable":true,"href":"https:\/\/cheznu.tv\/familymanagement\/wp-json\/wp\/v2\/product_brand?post=14616"},{"taxonomy":"product_cat","embeddable":true,"href":"https:\/\/cheznu.tv\/familymanagement\/wp-json\/wp\/v2\/product_cat?post=14616"},{"taxonomy":"product_tag","embeddable":true,"href":"https:\/\/cheznu.tv\/familymanagement\/wp-json\/wp\/v2\/product_tag?post=14616"}],"curies":[{"name":"wp","href":"https:\/\/api.w.org\/{rel}","templated":true}]}}