{"id":11633,"date":"2018-11-03T22:35:03","date_gmt":"2018-11-03T21:35:03","guid":{"rendered":"https:\/\/cheznu.tv\/familymanagement\/?post_type=product&#038;p=11633"},"modified":"2024-11-12T23:00:09","modified_gmt":"2024-11-12T22:00:09","slug":"laterne-mit-motiv-plotterdatei","status":"publish","type":"product","link":"https:\/\/cheznu.tv\/familymanagement\/produkt\/laterne-mit-motiv-plotterdatei\/","title":{"rendered":"Laterne mit Motiv | Plotterdatei | SVG, DFX, PNG, FCM und CWPRJ"},"content":{"rendered":"<p>Die Bastelanleitung mit vielen Bildern sowie das\u00a0\u00a0Anleitungsvideo findest Du hier:<\/p>\n<p><a href=\"https:\/\/cheznu.tv\/familymanagement\/laterne-basteln-mit-dem-plotter\/\">Laterne basteln mit dem Plotter<\/a><\/p>\n<p>Die Plotterdateien kommen als SVG, DFX, PNG, FCM und CWPRJ. SVG-Dateine k\u00f6nnen von Plottern verarbeietet werden. Wir arbeiten mit einem <a href=\"https:\/\/amzn.to\/2yL3Kha\">Brother ScanNCut CM 900<\/a>, wenn Du auch einen ScanNCut von Brother hast, dann kannst Du direkt die FCM bzw. CWPRJ-Dateien in Dein CanvasWorkspace laden und loslegen.<\/p>\n<p><a href='https:\/\/www.spoonflower.com\/profiles\/cheznu_tv' target='_blank' title='Spoonflower-Shop mit den ChezNU-Designs'>Unseren neuen Spoonflower-Shop mit Stoffen im ChezNU-Design findest Du hier.<\/a><\/p><p>Neben dem Schnittmuster \/ Schema \/ Anleitung \/ Plotterdatei erh\u00e4ltst Du als Teil der erworbenen Leistung (gilt auch f\u00fcr kostenlose Produkte) auch unseren kostenlosen Newsletter \u201eSchnittmuster-Alarm\u201c. Im Schnittmuster-Alarm informieren wir haupts\u00e4chlich, aber nicht ausschliesslich \u00fcber neue Schnittmuster, Anleitungen, DIY-Projekte, Angebote in unserem Shop, Angebote in anderen Shops, Materialbezugsquellen und allem was irgendwie mit N\u00e4hen, H\u00e4keln, Basteln, Stricken, Upcycling, Organisation und Familie zu tun hat.<\/p><p>Nach Deiner Bestellung erh\u00e4ltst Du die E-Mails automatisch. Du kannst sie allerdings jederzeit und ohne Angabe von Gr\u00fcnden \u00fcber den Link am Ende jeder E-Mail abbestellen.<br>\n\tDie Transparenzerkl\u00e4rung zu unserem Schnittmuster-Alarm findest Du <a title='Transparenzerkl\u00e4rung' href='https:\/\/cheznu.tv\/familymanagement\/transparenzerklaerung-zum-schnittmuster-alarm-newsletter\/' target='_blank'>hier<\/a><\/p>\n<p>Die Datei ist nur zur privaten Verwendung, keine kommerzielle Nutzung (u.a. also kein Verkauf in irgendeiner Form), keine Massenproduktion auch nicht f\u00fcr Wohlt\u00e4tige Zwecke. Die Weitergabe der Dateien an Dritte ist untersagt.<\/p>\n<p>Gerne darfst Du Deine Ergebnisse auf Deiner Homepage, Facebook, Instagram und anderen sozialen Medien teilen, vergiss nicht hierbei <strong>ChezNU.TV<\/strong> als Urheber zu nennen. \u00dcber einen Tag oder einen <em>#cheznutv<\/em> w\u00fcrden wir uns besonders freuen. Gerne darfst Du uns auch Bilder Deiner Ergebnisse per E-Mail an <a href=\"mailto:plotter@cheznu.tv\">plotter@cheznu.tv<\/a> zusenden. Wir ver\u00f6ffentlichen diese dann auf unserem Blog und den sozialen Medien. Je nach Wunsch mit oder ohne Nennung Deines Namens.<\/p>\n<p>Wenn Du Dir nicht sicher bist oder bei weiteren Fragen schreibe uns eine E-Mail an <a href=\"mailto:plotter@cheznu.tv\">plotter@cheznu.tv<\/a><\/p>\n","protected":false},"excerpt":{"rendered":"<p>Laternen zum Laternelaufen oder als Zimmerdekoration. Die Abmessungen der fertigen Laterne sind 23x21x8cm.<\/p>\n<p>Die Laterne gibt es mit verschiedenen Motiven<\/p>\n<ul>\n<li>Spukschloss<\/li>\n<li>Schneeflocke 1<\/li>\n<li>Schneeflocke 2<\/li>\n<li>Meerjungfrau<\/li>\n<li>Einhorn<\/li>\n<\/ul>\n","protected":false},"featured_media":11659,"comment_status":"open","ping_status":"closed","template":"","meta":[],"product_brand":[],"product_cat":[869,866,988,851],"product_tag":[993,844,991,992,989,990],"class_list":{"0":"post-11633","1":"product","2":"type-product","3":"status-publish","4":"has-post-thumbnail","6":"product_cat-deko","7":"product_cat-kinder","8":"product_cat-plotterdatei","9":"product_cat-weihnachten","10":"product_tag-deko","11":"product_tag-kinder","12":"product_tag-laterne","13":"product_tag-laternenlaufen","14":"product_tag-plotter","15":"product_tag-plotterdatei","17":"first","18":"instock","19":"downloadable","20":"virtual","21":"purchasable","22":"product-type-simple"},"yoast_head":"<!-- This site is optimized with the Yoast SEO plugin v27.4 - https:\/\/yoast.com\/product\/yoast-seo-wordpress\/ -->\n<title>Laterne mit Motiv | Plotterdatei | SVG, DFX, PNG, FCM und CWPRJ - ChezNU.TV<\/title>\n<meta name=\"robots\" content=\"index, follow, max-snippet:-1, max-image-preview:large, max-video-preview:-1\" \/>\n<link rel=\"canonical\" href=\"https:\/\/cheznu.tv\/familymanagement\/produkt\/laterne-mit-motiv-plotterdatei\/\" \/>\n<meta property=\"og:locale\" content=\"de_DE\" \/>\n<meta property=\"og:type\" content=\"article\" \/>\n<meta property=\"og:title\" content=\"Laterne mit Motiv | Plotterdatei | SVG, DFX, PNG, FCM und CWPRJ - ChezNU.TV\" \/>\n<meta property=\"og:description\" content=\"Laternen zum Laternelaufen oder als Zimmerdekoration. Die Abmessungen der fertigen Laterne sind 23x21x8cm.  Die Laterne gibt es mit verschiedenen Motiven   Spukschloss  Schneeflocke 1  Schneeflocke 2  Meerjungfrau  Einhorn\" \/>\n<meta property=\"og:url\" content=\"https:\/\/cheznu.tv\/familymanagement\/produkt\/laterne-mit-motiv-plotterdatei\/\" \/>\n<meta property=\"og:site_name\" content=\"ChezNU.TV\" \/>\n<meta property=\"article:publisher\" content=\"https:\/\/www.facebook.com\/cheznutv\/\" \/>\n<meta property=\"article:modified_time\" content=\"2024-11-12T22:00:09+00:00\" \/>\n<meta property=\"og:image\" content=\"https:\/\/cheznu.tv\/familymanagement\/wp-content\/uploads\/2018\/11\/Laterne-mit-Motiv-Spukschloss.png\" \/>\n\t<meta property=\"og:image:width\" content=\"800\" \/>\n\t<meta property=\"og:image:height\" content=\"800\" \/>\n\t<meta property=\"og:image:type\" content=\"image\/png\" \/>\n<meta name=\"twitter:card\" content=\"summary_large_image\" \/>\n<meta name=\"twitter:site\" content=\"@cheznu_family\" \/>\n<meta name=\"twitter:label1\" content=\"Gesch\u00e4tzte Lesezeit\" \/>\n\t<meta name=\"twitter:data1\" content=\"2\u00a0Minuten\" \/>\n<script type=\"application\/ld+json\" class=\"yoast-schema-graph\">{\"@context\":\"https:\\\/\\\/schema.org\",\"@graph\":[{\"@type\":\"WebPage\",\"@id\":\"https:\\\/\\\/cheznu.tv\\\/familymanagement\\\/produkt\\\/laterne-mit-motiv-plotterdatei\\\/\",\"url\":\"https:\\\/\\\/cheznu.tv\\\/familymanagement\\\/produkt\\\/laterne-mit-motiv-plotterdatei\\\/\",\"name\":\"Laterne mit Motiv | Plotterdatei | SVG, DFX, PNG, FCM und CWPRJ - ChezNU.TV\",\"isPartOf\":{\"@id\":\"https:\\\/\\\/cheznu.tv\\\/familymanagement\\\/#website\"},\"primaryImageOfPage\":{\"@id\":\"https:\\\/\\\/cheznu.tv\\\/familymanagement\\\/produkt\\\/laterne-mit-motiv-plotterdatei\\\/#primaryimage\"},\"image\":{\"@id\":\"https:\\\/\\\/cheznu.tv\\\/familymanagement\\\/produkt\\\/laterne-mit-motiv-plotterdatei\\\/#primaryimage\"},\"thumbnailUrl\":\"https:\\\/\\\/cheznu.tv\\\/familymanagement\\\/wp-content\\\/uploads\\\/2018\\\/11\\\/Laterne-mit-Motiv-Spukschloss.png\",\"datePublished\":\"2018-11-03T21:35:03+00:00\",\"dateModified\":\"2024-11-12T22:00:09+00:00\",\"breadcrumb\":{\"@id\":\"https:\\\/\\\/cheznu.tv\\\/familymanagement\\\/produkt\\\/laterne-mit-motiv-plotterdatei\\\/#breadcrumb\"},\"inLanguage\":\"de\",\"potentialAction\":[{\"@type\":\"ReadAction\",\"target\":[\"https:\\\/\\\/cheznu.tv\\\/familymanagement\\\/produkt\\\/laterne-mit-motiv-plotterdatei\\\/\"]}]},{\"@type\":\"ImageObject\",\"inLanguage\":\"de\",\"@id\":\"https:\\\/\\\/cheznu.tv\\\/familymanagement\\\/produkt\\\/laterne-mit-motiv-plotterdatei\\\/#primaryimage\",\"url\":\"https:\\\/\\\/cheznu.tv\\\/familymanagement\\\/wp-content\\\/uploads\\\/2018\\\/11\\\/Laterne-mit-Motiv-Spukschloss.png\",\"contentUrl\":\"https:\\\/\\\/cheznu.tv\\\/familymanagement\\\/wp-content\\\/uploads\\\/2018\\\/11\\\/Laterne-mit-Motiv-Spukschloss.png\",\"width\":800,\"height\":800,\"caption\":\"Laterne mit Motiv Spukschloss\"},{\"@type\":\"BreadcrumbList\",\"@id\":\"https:\\\/\\\/cheznu.tv\\\/familymanagement\\\/produkt\\\/laterne-mit-motiv-plotterdatei\\\/#breadcrumb\",\"itemListElement\":[{\"@type\":\"ListItem\",\"position\":1,\"name\":\"Startseite\",\"item\":\"https:\\\/\\\/cheznu.tv\\\/familymanagement\\\/\"},{\"@type\":\"ListItem\",\"position\":2,\"name\":\"Shop\",\"item\":\"https:\\\/\\\/cheznu.tv\\\/familymanagement\\\/shop\\\/\"},{\"@type\":\"ListItem\",\"position\":3,\"name\":\"Laterne mit Motiv | Plotterdatei | SVG, DFX, PNG, FCM und CWPRJ\"}]},{\"@type\":\"WebSite\",\"@id\":\"https:\\\/\\\/cheznu.tv\\\/familymanagement\\\/#website\",\"url\":\"https:\\\/\\\/cheznu.tv\\\/familymanagement\\\/\",\"name\":\"ChezNU.TV\",\"description\":\"N\u00e4hen | Basteln | Haushalt | Familie\",\"potentialAction\":[{\"@type\":\"SearchAction\",\"target\":{\"@type\":\"EntryPoint\",\"urlTemplate\":\"https:\\\/\\\/cheznu.tv\\\/familymanagement\\\/?s={search_term_string}\"},\"query-input\":{\"@type\":\"PropertyValueSpecification\",\"valueRequired\":true,\"valueName\":\"search_term_string\"}}],\"inLanguage\":\"de\"}]}<\/script>\n<!-- \/ Yoast SEO plugin. -->","yoast_head_json":{"title":"Laterne mit Motiv | Plotterdatei | SVG, DFX, PNG, FCM und CWPRJ - ChezNU.TV","robots":{"index":"index","follow":"follow","max-snippet":"max-snippet:-1","max-image-preview":"max-image-preview:large","max-video-preview":"max-video-preview:-1"},"canonical":"https:\/\/cheznu.tv\/familymanagement\/produkt\/laterne-mit-motiv-plotterdatei\/","og_locale":"de_DE","og_type":"article","og_title":"Laterne mit Motiv | Plotterdatei | SVG, DFX, PNG, FCM und CWPRJ - ChezNU.TV","og_description":"Laternen zum Laternelaufen oder als Zimmerdekoration. Die Abmessungen der fertigen Laterne sind 23x21x8cm.  Die Laterne gibt es mit verschiedenen Motiven   Spukschloss  Schneeflocke 1  Schneeflocke 2  Meerjungfrau  Einhorn","og_url":"https:\/\/cheznu.tv\/familymanagement\/produkt\/laterne-mit-motiv-plotterdatei\/","og_site_name":"ChezNU.TV","article_publisher":"https:\/\/www.facebook.com\/cheznutv\/","article_modified_time":"2024-11-12T22:00:09+00:00","og_image":[{"width":800,"height":800,"url":"https:\/\/cheznu.tv\/familymanagement\/wp-content\/uploads\/2018\/11\/Laterne-mit-Motiv-Spukschloss.png","type":"image\/png"}],"twitter_card":"summary_large_image","twitter_site":"@cheznu_family","twitter_misc":{"Gesch\u00e4tzte Lesezeit":"2\u00a0Minuten"},"schema":{"@context":"https:\/\/schema.org","@graph":[{"@type":"WebPage","@id":"https:\/\/cheznu.tv\/familymanagement\/produkt\/laterne-mit-motiv-plotterdatei\/","url":"https:\/\/cheznu.tv\/familymanagement\/produkt\/laterne-mit-motiv-plotterdatei\/","name":"Laterne mit Motiv | Plotterdatei | SVG, DFX, PNG, FCM und CWPRJ - ChezNU.TV","isPartOf":{"@id":"https:\/\/cheznu.tv\/familymanagement\/#website"},"primaryImageOfPage":{"@id":"https:\/\/cheznu.tv\/familymanagement\/produkt\/laterne-mit-motiv-plotterdatei\/#primaryimage"},"image":{"@id":"https:\/\/cheznu.tv\/familymanagement\/produkt\/laterne-mit-motiv-plotterdatei\/#primaryimage"},"thumbnailUrl":"https:\/\/cheznu.tv\/familymanagement\/wp-content\/uploads\/2018\/11\/Laterne-mit-Motiv-Spukschloss.png","datePublished":"2018-11-03T21:35:03+00:00","dateModified":"2024-11-12T22:00:09+00:00","breadcrumb":{"@id":"https:\/\/cheznu.tv\/familymanagement\/produkt\/laterne-mit-motiv-plotterdatei\/#breadcrumb"},"inLanguage":"de","potentialAction":[{"@type":"ReadAction","target":["https:\/\/cheznu.tv\/familymanagement\/produkt\/laterne-mit-motiv-plotterdatei\/"]}]},{"@type":"ImageObject","inLanguage":"de","@id":"https:\/\/cheznu.tv\/familymanagement\/produkt\/laterne-mit-motiv-plotterdatei\/#primaryimage","url":"https:\/\/cheznu.tv\/familymanagement\/wp-content\/uploads\/2018\/11\/Laterne-mit-Motiv-Spukschloss.png","contentUrl":"https:\/\/cheznu.tv\/familymanagement\/wp-content\/uploads\/2018\/11\/Laterne-mit-Motiv-Spukschloss.png","width":800,"height":800,"caption":"Laterne mit Motiv Spukschloss"},{"@type":"BreadcrumbList","@id":"https:\/\/cheznu.tv\/familymanagement\/produkt\/laterne-mit-motiv-plotterdatei\/#breadcrumb","itemListElement":[{"@type":"ListItem","position":1,"name":"Startseite","item":"https:\/\/cheznu.tv\/familymanagement\/"},{"@type":"ListItem","position":2,"name":"Shop","item":"https:\/\/cheznu.tv\/familymanagement\/shop\/"},{"@type":"ListItem","position":3,"name":"Laterne mit Motiv | Plotterdatei | SVG, DFX, PNG, FCM und CWPRJ"}]},{"@type":"WebSite","@id":"https:\/\/cheznu.tv\/familymanagement\/#website","url":"https:\/\/cheznu.tv\/familymanagement\/","name":"ChezNU.TV","description":"N\u00e4hen | Basteln | Haushalt | Familie","potentialAction":[{"@type":"SearchAction","target":{"@type":"EntryPoint","urlTemplate":"https:\/\/cheznu.tv\/familymanagement\/?s={search_term_string}"},"query-input":{"@type":"PropertyValueSpecification","valueRequired":true,"valueName":"search_term_string"}}],"inLanguage":"de"}]}},"_links":{"self":[{"href":"https:\/\/cheznu.tv\/familymanagement\/wp-json\/wp\/v2\/product\/11633","targetHints":{"allow":["GET"]}}],"collection":[{"href":"https:\/\/cheznu.tv\/familymanagement\/wp-json\/wp\/v2\/product"}],"about":[{"href":"https:\/\/cheznu.tv\/familymanagement\/wp-json\/wp\/v2\/types\/product"}],"replies":[{"embeddable":true,"href":"https:\/\/cheznu.tv\/familymanagement\/wp-json\/wp\/v2\/comments?post=11633"}],"wp:featuredmedia":[{"embeddable":true,"href":"https:\/\/cheznu.tv\/familymanagement\/wp-json\/wp\/v2\/media\/11659"}],"wp:attachment":[{"href":"https:\/\/cheznu.tv\/familymanagement\/wp-json\/wp\/v2\/media?parent=11633"}],"wp:term":[{"taxonomy":"product_brand","embeddable":true,"href":"https:\/\/cheznu.tv\/familymanagement\/wp-json\/wp\/v2\/product_brand?post=11633"},{"taxonomy":"product_cat","embeddable":true,"href":"https:\/\/cheznu.tv\/familymanagement\/wp-json\/wp\/v2\/product_cat?post=11633"},{"taxonomy":"product_tag","embeddable":true,"href":"https:\/\/cheznu.tv\/familymanagement\/wp-json\/wp\/v2\/product_tag?post=11633"}],"curies":[{"name":"wp","href":"https:\/\/api.w.org\/{rel}","templated":true}]}}