{"id":108018,"date":"2026-05-15T14:15:40","date_gmt":"2026-05-15T12:15:40","guid":{"rendered":"https:\/\/cheznu.tv\/familymanagement\/?post_type=product&#038;p=108018"},"modified":"2026-05-15T14:49:01","modified_gmt":"2026-05-15T12:49:01","slug":"oversize-shirtkleid-alva-schnittmuster","status":"publish","type":"product","link":"https:\/\/cheznu.tv\/familymanagement\/produkt\/oversize-shirtkleid-alva-schnittmuster\/","title":{"rendered":"Einfaches Oversize Shirt Kleid Schnittmuster Alva bis 4XL (Gr\u00f6sse 60)"},"content":{"rendered":"<p>Die Anleitung mit Video f\u00fcr das Oversize-Shirtkleid Alva findest Du hier:<\/p>\n<p><a href=\"https:\/\/cheznu.tv\/familymanagement\/oversize-shirtkleid-alva-anleitung\/\">Oversize Shirt Kleid n\u00e4hen \u2702\ufe0f\ud83d\udc57 \u2013 Schritt f\u00fcr Schritt Anleitung f\u00fcr das Shirtkleid Alva<\/a><\/p>\n<p>Das <strong>Oversize Shirt Kleid Alva<\/strong> ist ein bequemes und modernes Schnittmuster f\u00fcr Damen, das speziell f\u00fcr <strong>2 Jersey-Stoffcoupons \u00e0 1 m<\/strong>&nbsp;entwickelt wurde. Durch die kontrastfarbenen Seitenteile entsteht ein l\u00e4ssiger Look, der das Shirt deutlich spannender wirken l\u00e4sst als ein klassisches Bigshirt.<\/p>\n<p>Das Schnittmuster eignet sich perfekt, um Jersey-Stoffcoupons kreativ zu vern\u00e4hen, denn f\u00fcr die gezeigte Variante wurden jeweils 2 Jersey-Stoffcoupons \u00e0 1 m verwendet. Besonders praktisch: Trotz der lockeren Oversize-Passform passt das Shirt genau auf diese Stoffmenge.<\/p>\n<p>Alva kombiniert eine <strong>gem\u00fctliche Oversize-Passform<\/strong> mit modernen Details wie den eingesetzten Seitenteilen, den weiten \u00c4rmeln und optionalen Rolls\u00e4umen. Dadurch entsteht ein entspanntes <strong>Loungekleid<\/strong>, das sich ideal f\u00fcr gem\u00fctliche Tage zuhause, als Loungewear oder als bequemes Oversize-Shirt eignet.<\/p>\n<p>Du kannst das Shirt entweder mit klassischen S\u00e4umen oder mit dekorativen Rolls\u00e4umen n\u00e4hen. Zus\u00e4tzlich kannst Du zwischen einer <strong>Kurzarm- und Langarm-Version<\/strong> w\u00e4hlen.<\/p>\n<p>Ein besonderes Highlight dieses Schnittmusters ist die erweiterte Gr\u00f6ssenauswahl: Alva ist <strong>bis 4XL (Gr\u00f6sse 60)<\/strong> enthalten. Damit geh\u00f6rt es zu den bisher gr\u00f6sseninklusivsten Schnittmustern bei ChezNU.<\/p>\n<p>Das Schnittmuster eignet sich ideal f\u00fcr Jersey, Sommersweat oder andere dehnbare Stoffe und kann je nach Stoffwahl sportlich, verspielt oder schlicht wirken.<\/p>\n<p>Die ausf\u00fchrliche Anleitung mit Video begleitet Dich Schritt f\u00fcr Schritt durch das komplette Projekt \u2013 vom Zuschneiden bis zum fertigen Oversize-Shirtkleid.<\/p>\n<p><a href='https:\/\/www.spoonflower.com\/profiles\/cheznu_tv' target='_blank' title='Spoonflower-Shop mit den ChezNU-Designs'>Unseren neuen Spoonflower-Shop mit Stoffen im ChezNU-Design findest Du hier.<\/a><\/p><p>Neben dem Schnittmuster \/ Schema \/ Anleitung \/ Plotterdatei erh\u00e4ltst Du als Teil der erworbenen Leistung (gilt auch f\u00fcr kostenlose Produkte) auch unseren kostenlosen Newsletter \u201eSchnittmuster-Alarm\u201c. Im Schnittmuster-Alarm informieren wir haupts\u00e4chlich, aber nicht ausschliesslich \u00fcber neue Schnittmuster, Anleitungen, DIY-Projekte, Angebote in unserem Shop, Angebote in anderen Shops, Materialbezugsquellen und allem was irgendwie mit N\u00e4hen, H\u00e4keln, Basteln, Stricken, Upcycling, Organisation und Familie zu tun hat.<\/p><p>Nach Deiner Bestellung erh\u00e4ltst Du die E-Mails automatisch. Du kannst sie allerdings jederzeit und ohne Angabe von Gr\u00fcnden \u00fcber den Link am Ende jeder E-Mail abbestellen.<br>\n\tDie Transparenzerkl\u00e4rung zu unserem Schnittmuster-Alarm findest Du <a title='Transparenzerkl\u00e4rung' href='https:\/\/cheznu.tv\/familymanagement\/transparenzerklaerung-zum-schnittmuster-alarm-newsletter\/' target='_blank'>hier<\/a><\/p>\n<p><strong>Zum Schnittmuster<\/strong><\/p>\n<p><em>Lieferform: Digital (Download)<\/em><\/p>\n<p>Das Schnittmuster kommt als PDF, wenn es sich um mehrere PDFs handelt packen wir diese in eine ZIP-Datei. Diese muss erst abgespeichert und entpackt werden, bevor man sie auf A4-Papier (Standard) ausdrucken und dann zusammenkleben kann.<br \/>\nFalls Du das noch nie gemacht hast findest Du eine Anleitung in unseren <a href=\"https:\/\/cheznu.tv\/familymanagement\/faq\/\">FAQs<\/a>.<\/p>\n<p>So entf\u00e4llt das l\u00e4stige Schnittmuster kopieren mit teurem Seidenpapier. Das Schnittmuster kann nach dem Zusammenkleben direkt ausgeschnitten werden.<\/p>\n<p>Bitte beachte, die richtigen Druckoptionen einzustellen. Das funktioniert genauso, wie bei Burda.<br \/>\n<a href=\"https:\/\/cheznu.tv\/familymanagement\/schnittmuster-ausdrucken-und-zusammenkleben\/\">Schnittmuster ausdrucken und zuammenkleben<\/a><\/p>\n<p><em>Lieferform Papier (Post)<\/em><\/p>\n<p>Du erh\u00e4ltst einen oder mehrere Papierb\u00f6gen mit dem Schnittmuster. Die Teile \u00fcberlappen sich nicht. Du kannst sie also wahlweise ausschneiden oder auf Schnittmusterpapier kopieren.<br \/>\nWir versenden in der Regel sp\u00e4testens nach 7 Tagen, aber meistens viel schneller.<\/p>\n<p>Eine Ausf\u00fchrliche, reichlich bebilderte N\u00e4hanleitung liegt dem Schnittmuster bei.<\/p>\n<p>&nbsp;<\/p>\n<p>Wie das mit dem Zusammenkleben funktioniert haben wir hier kurz erkl\u00e4rt.<br \/>\n<a href=\"http:\/\/cheznu.tv\/familymanagement\/so-gehts\/\">So geht\u00b4s<\/a>.<\/p>\n<p><a href=\"https:\/\/cheznu.tv\/familymanagement\/wp-content\/uploads\/2021\/09\/ChezNU-Groessentabelle_fuer_Damen_2021.pdf\">Die Gr\u00f6ssentabelle mit den Massen f\u00fcr Damen findest Du hier.<\/a><\/p>\n<p>Dieser Schnitt darf zu privaten Zwecken und zur Fertigung von Einzelst\u00fccken\/Kleinserien (bis 5 Modelle) unter Nennung der Herkunft verwendet werden (ChezNU.TV). Massenproduktion der fertigen Ware sowie Kopieren, Weitergabe, Abdruck oder Ver\u00f6ffentlichung (auch teilweise) des Schnittmusters bedarf der schriftlichen Genehmigung. Wenn Du Dir nicht sicher bist, schreibe uns einfach kurz eine <a href=\"mailto:nu@cheznu.tv\">E-Mail.<\/a><\/p>\n","protected":false},"excerpt":{"rendered":"<p data-start=\"125\" data-end=\"289\">N\u00e4he Dir ein <strong data-start=\"138\" data-end=\"173\">gem\u00fctliches Oversize-Shirtkleid<\/strong>, das perfekt f\u00fcr <strong>2 Jersey-Stoffcoupons \u00e0 1 m <\/strong>geeignet ist und durch die kontrastfarbenen Seitenteile sofort ins Auge f\u00e4llt.<\/p>\n<p data-start=\"293\" data-end=\"488\">Das Schnittmuster Alva kombiniert eine <strong data-start=\"334\" data-end=\"363\">l\u00e4ssige Oversize-Passform<\/strong>, bequeme weite \u00c4rmel und moderne Teilungsn\u00e4hte zu einem vielseitigen Loungekleid f\u00fcr Zuhause, Freizeit oder gem\u00fctliche Tage.<\/p>\n<p data-start=\"492\" data-end=\"605\">Ein besonderes Highlight: Das Schnittmuster ist in praktischen <strong>Doppelgr\u00f6ssen angelegt und sogar bis 4XL (Gr\u00f6sse 60)<\/strong> enthalten.<\/p>\n<p data-start=\"609\" data-end=\"750\">Du kannst Alva als Kurzarm- oder Langarm-Version n\u00e4hen und je nach Stoffwahl ganz unterschiedlich wirken lassen \u2013 von schlicht bis verspielt.<\/p>\n<p data-start=\"754\" data-end=\"899\">Das Schnittmuster eignet sich f\u00fcr ambitionierte Anf\u00e4nger*innen und Fortgeschrittene und wird durch eine ausf\u00fchrliche Anleitung mit Video erg\u00e4nzt.<\/p>\n","protected":false},"featured_media":108048,"comment_status":"open","ping_status":"closed","template":"","meta":[],"product_brand":[],"product_cat":[840,822,810,3901,811,3081],"product_tag":[4830,4831,4832,4834,4829,4828,4826,4833,4835,4827],"class_list":{"0":"post-108018","1":"product","2":"type-product","3":"status-publish","4":"has-post-thumbnail","6":"product_cat-kleid","7":"product_cat-kleidung","8":"product_cat-naehen","9":"product_cat-papierschnittmuster","10":"product_cat-schnittmuster","11":"product_cat-shirt","12":"product_tag-bigshirt-schnittmuster","13":"product_tag-damen-schnittmuster-4xl","14":"product_tag-jersey-shirtkleid","15":"product_tag-loungekleid-naehen","16":"product_tag-loungewear-schnittmuster","17":"product_tag-oversize-kleid-naehen","18":"product_tag-oversize-shirt-kleid-schnittmuster","19":"product_tag-oversize-shirt-naehen","20":"product_tag-schnittmuster-groesse-60","21":"product_tag-shirtkleid-naehen","22":"product_shipping_class-grossbrief","24":"first","25":"instock","26":"sale","27":"shipping-taxable","28":"purchasable","29":"product-type-variable"},"yoast_head":"<!-- This site is optimized with the Yoast SEO plugin v27.6 - https:\/\/yoast.com\/product\/yoast-seo-wordpress\/ -->\n<title>Einfaches Oversize Shirt Kleid Schnittmuster Alva Gr\u00f6ssen S-4XL<\/title>\n<meta name=\"description\" content=\"N\u00e4he ein gem\u00fctliches Oversize Shirt Kleid bis Gr\u00f6sse 4XL (60). Das Schnittmuster Alva eignet sich perfekt f\u00fcr zwei 1m Jersey-Stoffcoupons und Loungewear.\" \/>\n<meta name=\"robots\" content=\"index, follow, max-snippet:-1, max-image-preview:large, max-video-preview:-1\" \/>\n<link rel=\"canonical\" href=\"https:\/\/cheznu.tv\/familymanagement\/produkt\/oversize-shirtkleid-alva-schnittmuster\/\" \/>\n<meta property=\"og:locale\" content=\"de_DE\" \/>\n<meta property=\"og:type\" content=\"article\" \/>\n<meta property=\"og:title\" content=\"Einfaches Oversize Shirt Kleid Schnittmuster Alva Gr\u00f6ssen S-4XL\" \/>\n<meta property=\"og:description\" content=\"N\u00e4he ein gem\u00fctliches Oversize Shirt Kleid bis Gr\u00f6sse 4XL (60). Das Schnittmuster Alva eignet sich perfekt f\u00fcr zwei 1m Jersey-Stoffcoupons und Loungewear.\" \/>\n<meta property=\"og:url\" content=\"https:\/\/cheznu.tv\/familymanagement\/produkt\/oversize-shirtkleid-alva-schnittmuster\/\" \/>\n<meta property=\"og:site_name\" content=\"ChezNU.TV\" \/>\n<meta property=\"article:publisher\" content=\"https:\/\/www.facebook.com\/cheznutv\/\" \/>\n<meta property=\"article:modified_time\" content=\"2026-05-15T12:49:01+00:00\" \/>\n<meta property=\"og:image\" content=\"https:\/\/cheznu.tv\/familymanagement\/wp-content\/uploads\/2026\/05\/oversize-shirtkleid-naehen-laessig-front.jpg\" \/>\n\t<meta property=\"og:image:width\" content=\"1200\" \/>\n\t<meta property=\"og:image:height\" content=\"1200\" \/>\n\t<meta property=\"og:image:type\" content=\"image\/jpeg\" \/>\n<meta name=\"twitter:card\" content=\"summary_large_image\" \/>\n<meta name=\"twitter:site\" content=\"@cheznu_family\" \/>\n<meta name=\"twitter:label1\" content=\"Gesch\u00e4tzte Lesezeit\" \/>\n\t<meta name=\"twitter:data1\" content=\"4\u00a0Minuten\" \/>\n<script type=\"application\/ld+json\" class=\"yoast-schema-graph\">{\"@context\":\"https:\\\/\\\/schema.org\",\"@graph\":[{\"@type\":\"WebPage\",\"@id\":\"https:\\\/\\\/cheznu.tv\\\/familymanagement\\\/produkt\\\/oversize-shirtkleid-alva-schnittmuster\\\/\",\"url\":\"https:\\\/\\\/cheznu.tv\\\/familymanagement\\\/produkt\\\/oversize-shirtkleid-alva-schnittmuster\\\/\",\"name\":\"Einfaches Oversize Shirt Kleid Schnittmuster Alva Gr\u00f6ssen S-4XL\",\"isPartOf\":{\"@id\":\"https:\\\/\\\/cheznu.tv\\\/familymanagement\\\/#website\"},\"primaryImageOfPage\":{\"@id\":\"https:\\\/\\\/cheznu.tv\\\/familymanagement\\\/produkt\\\/oversize-shirtkleid-alva-schnittmuster\\\/#primaryimage\"},\"image\":{\"@id\":\"https:\\\/\\\/cheznu.tv\\\/familymanagement\\\/produkt\\\/oversize-shirtkleid-alva-schnittmuster\\\/#primaryimage\"},\"thumbnailUrl\":\"https:\\\/\\\/cheznu.tv\\\/familymanagement\\\/wp-content\\\/uploads\\\/2026\\\/05\\\/oversize-shirtkleid-naehen-laessig-front.jpg\",\"datePublished\":\"2026-05-15T12:15:40+00:00\",\"dateModified\":\"2026-05-15T12:49:01+00:00\",\"description\":\"N\u00e4he ein gem\u00fctliches Oversize Shirt Kleid bis Gr\u00f6sse 4XL (60). Das Schnittmuster Alva eignet sich perfekt f\u00fcr zwei 1m Jersey-Stoffcoupons und Loungewear.\",\"breadcrumb\":{\"@id\":\"https:\\\/\\\/cheznu.tv\\\/familymanagement\\\/produkt\\\/oversize-shirtkleid-alva-schnittmuster\\\/#breadcrumb\"},\"inLanguage\":\"de\",\"potentialAction\":[{\"@type\":\"ReadAction\",\"target\":[\"https:\\\/\\\/cheznu.tv\\\/familymanagement\\\/produkt\\\/oversize-shirtkleid-alva-schnittmuster\\\/\"]}]},{\"@type\":\"ImageObject\",\"inLanguage\":\"de\",\"@id\":\"https:\\\/\\\/cheznu.tv\\\/familymanagement\\\/produkt\\\/oversize-shirtkleid-alva-schnittmuster\\\/#primaryimage\",\"url\":\"https:\\\/\\\/cheznu.tv\\\/familymanagement\\\/wp-content\\\/uploads\\\/2026\\\/05\\\/oversize-shirtkleid-naehen-laessig-front.jpg\",\"contentUrl\":\"https:\\\/\\\/cheznu.tv\\\/familymanagement\\\/wp-content\\\/uploads\\\/2026\\\/05\\\/oversize-shirtkleid-naehen-laessig-front.jpg\",\"width\":1200,\"height\":1200,\"caption\":\"Laessige Kurzarm-Version vom Oversize Shirtkleid Schnittmuster Alva\"},{\"@type\":\"BreadcrumbList\",\"@id\":\"https:\\\/\\\/cheznu.tv\\\/familymanagement\\\/produkt\\\/oversize-shirtkleid-alva-schnittmuster\\\/#breadcrumb\",\"itemListElement\":[{\"@type\":\"ListItem\",\"position\":1,\"name\":\"Startseite\",\"item\":\"https:\\\/\\\/cheznu.tv\\\/familymanagement\\\/\"},{\"@type\":\"ListItem\",\"position\":2,\"name\":\"Shop\",\"item\":\"https:\\\/\\\/cheznu.tv\\\/familymanagement\\\/shop\\\/\"},{\"@type\":\"ListItem\",\"position\":3,\"name\":\"Einfaches Oversize Shirt Kleid Schnittmuster Alva bis 4XL (Gr\u00f6sse 60)\"}]},{\"@type\":\"WebSite\",\"@id\":\"https:\\\/\\\/cheznu.tv\\\/familymanagement\\\/#website\",\"url\":\"https:\\\/\\\/cheznu.tv\\\/familymanagement\\\/\",\"name\":\"ChezNU.TV\",\"description\":\"N\u00e4hen | Basteln | Haushalt | Familie\",\"potentialAction\":[{\"@type\":\"SearchAction\",\"target\":{\"@type\":\"EntryPoint\",\"urlTemplate\":\"https:\\\/\\\/cheznu.tv\\\/familymanagement\\\/?s={search_term_string}\"},\"query-input\":{\"@type\":\"PropertyValueSpecification\",\"valueRequired\":true,\"valueName\":\"search_term_string\"}}],\"inLanguage\":\"de\"}]}<\/script>\n<!-- \/ Yoast SEO plugin. -->","yoast_head_json":{"title":"Einfaches Oversize Shirt Kleid Schnittmuster Alva Gr\u00f6ssen S-4XL","description":"N\u00e4he ein gem\u00fctliches Oversize Shirt Kleid bis Gr\u00f6sse 4XL (60). Das Schnittmuster Alva eignet sich perfekt f\u00fcr zwei 1m Jersey-Stoffcoupons und Loungewear.","robots":{"index":"index","follow":"follow","max-snippet":"max-snippet:-1","max-image-preview":"max-image-preview:large","max-video-preview":"max-video-preview:-1"},"canonical":"https:\/\/cheznu.tv\/familymanagement\/produkt\/oversize-shirtkleid-alva-schnittmuster\/","og_locale":"de_DE","og_type":"article","og_title":"Einfaches Oversize Shirt Kleid Schnittmuster Alva Gr\u00f6ssen S-4XL","og_description":"N\u00e4he ein gem\u00fctliches Oversize Shirt Kleid bis Gr\u00f6sse 4XL (60). Das Schnittmuster Alva eignet sich perfekt f\u00fcr zwei 1m Jersey-Stoffcoupons und Loungewear.","og_url":"https:\/\/cheznu.tv\/familymanagement\/produkt\/oversize-shirtkleid-alva-schnittmuster\/","og_site_name":"ChezNU.TV","article_publisher":"https:\/\/www.facebook.com\/cheznutv\/","article_modified_time":"2026-05-15T12:49:01+00:00","og_image":[{"width":1200,"height":1200,"url":"https:\/\/cheznu.tv\/familymanagement\/wp-content\/uploads\/2026\/05\/oversize-shirtkleid-naehen-laessig-front.jpg","type":"image\/jpeg"}],"twitter_card":"summary_large_image","twitter_site":"@cheznu_family","twitter_misc":{"Gesch\u00e4tzte Lesezeit":"4\u00a0Minuten"},"schema":{"@context":"https:\/\/schema.org","@graph":[{"@type":"WebPage","@id":"https:\/\/cheznu.tv\/familymanagement\/produkt\/oversize-shirtkleid-alva-schnittmuster\/","url":"https:\/\/cheznu.tv\/familymanagement\/produkt\/oversize-shirtkleid-alva-schnittmuster\/","name":"Einfaches Oversize Shirt Kleid Schnittmuster Alva Gr\u00f6ssen S-4XL","isPartOf":{"@id":"https:\/\/cheznu.tv\/familymanagement\/#website"},"primaryImageOfPage":{"@id":"https:\/\/cheznu.tv\/familymanagement\/produkt\/oversize-shirtkleid-alva-schnittmuster\/#primaryimage"},"image":{"@id":"https:\/\/cheznu.tv\/familymanagement\/produkt\/oversize-shirtkleid-alva-schnittmuster\/#primaryimage"},"thumbnailUrl":"https:\/\/cheznu.tv\/familymanagement\/wp-content\/uploads\/2026\/05\/oversize-shirtkleid-naehen-laessig-front.jpg","datePublished":"2026-05-15T12:15:40+00:00","dateModified":"2026-05-15T12:49:01+00:00","description":"N\u00e4he ein gem\u00fctliches Oversize Shirt Kleid bis Gr\u00f6sse 4XL (60). Das Schnittmuster Alva eignet sich perfekt f\u00fcr zwei 1m Jersey-Stoffcoupons und Loungewear.","breadcrumb":{"@id":"https:\/\/cheznu.tv\/familymanagement\/produkt\/oversize-shirtkleid-alva-schnittmuster\/#breadcrumb"},"inLanguage":"de","potentialAction":[{"@type":"ReadAction","target":["https:\/\/cheznu.tv\/familymanagement\/produkt\/oversize-shirtkleid-alva-schnittmuster\/"]}]},{"@type":"ImageObject","inLanguage":"de","@id":"https:\/\/cheznu.tv\/familymanagement\/produkt\/oversize-shirtkleid-alva-schnittmuster\/#primaryimage","url":"https:\/\/cheznu.tv\/familymanagement\/wp-content\/uploads\/2026\/05\/oversize-shirtkleid-naehen-laessig-front.jpg","contentUrl":"https:\/\/cheznu.tv\/familymanagement\/wp-content\/uploads\/2026\/05\/oversize-shirtkleid-naehen-laessig-front.jpg","width":1200,"height":1200,"caption":"Laessige Kurzarm-Version vom Oversize Shirtkleid Schnittmuster Alva"},{"@type":"BreadcrumbList","@id":"https:\/\/cheznu.tv\/familymanagement\/produkt\/oversize-shirtkleid-alva-schnittmuster\/#breadcrumb","itemListElement":[{"@type":"ListItem","position":1,"name":"Startseite","item":"https:\/\/cheznu.tv\/familymanagement\/"},{"@type":"ListItem","position":2,"name":"Shop","item":"https:\/\/cheznu.tv\/familymanagement\/shop\/"},{"@type":"ListItem","position":3,"name":"Einfaches Oversize Shirt Kleid Schnittmuster Alva bis 4XL (Gr\u00f6sse 60)"}]},{"@type":"WebSite","@id":"https:\/\/cheznu.tv\/familymanagement\/#website","url":"https:\/\/cheznu.tv\/familymanagement\/","name":"ChezNU.TV","description":"N\u00e4hen | Basteln | Haushalt | Familie","potentialAction":[{"@type":"SearchAction","target":{"@type":"EntryPoint","urlTemplate":"https:\/\/cheznu.tv\/familymanagement\/?s={search_term_string}"},"query-input":{"@type":"PropertyValueSpecification","valueRequired":true,"valueName":"search_term_string"}}],"inLanguage":"de"}]}},"_links":{"self":[{"href":"https:\/\/cheznu.tv\/familymanagement\/wp-json\/wp\/v2\/product\/108018","targetHints":{"allow":["GET"]}}],"collection":[{"href":"https:\/\/cheznu.tv\/familymanagement\/wp-json\/wp\/v2\/product"}],"about":[{"href":"https:\/\/cheznu.tv\/familymanagement\/wp-json\/wp\/v2\/types\/product"}],"replies":[{"embeddable":true,"href":"https:\/\/cheznu.tv\/familymanagement\/wp-json\/wp\/v2\/comments?post=108018"}],"wp:featuredmedia":[{"embeddable":true,"href":"https:\/\/cheznu.tv\/familymanagement\/wp-json\/wp\/v2\/media\/108048"}],"wp:attachment":[{"href":"https:\/\/cheznu.tv\/familymanagement\/wp-json\/wp\/v2\/media?parent=108018"}],"wp:term":[{"taxonomy":"product_brand","embeddable":true,"href":"https:\/\/cheznu.tv\/familymanagement\/wp-json\/wp\/v2\/product_brand?post=108018"},{"taxonomy":"product_cat","embeddable":true,"href":"https:\/\/cheznu.tv\/familymanagement\/wp-json\/wp\/v2\/product_cat?post=108018"},{"taxonomy":"product_tag","embeddable":true,"href":"https:\/\/cheznu.tv\/familymanagement\/wp-json\/wp\/v2\/product_tag?post=108018"}],"curies":[{"name":"wp","href":"https:\/\/api.w.org\/{rel}","templated":true}]}}