{"id":105595,"date":"2025-12-16T16:42:50","date_gmt":"2025-12-16T15:42:50","guid":{"rendered":"https:\/\/cheznu.tv\/familymanagement\/?post_type=product&#038;p=105595"},"modified":"2025-12-18T08:32:29","modified_gmt":"2025-12-18T07:32:29","slug":"ak202517-deluxe","status":"publish","type":"product","link":"https:\/\/cheznu.tv\/familymanagement\/produkt\/ak202517-deluxe\/","title":{"rendered":"Adventskalender 2025 T\u00fcr 17 \ud83d\udd6f\ud83d\udd6f\ud83d\udd6f Schnittmuster-Paket Handtaschen Deluxe"},"content":{"rendered":"<p>Die N\u00e4hanleitungen mit vielen Bildern sowie das Anleitungsvideo findest Du hier:<\/p>\n<ul>\n<li><a href=\"https:\/\/cheznu.tv\/familymanagement\/handtasche-brighton-anleitung\/\">Brighton<\/a><\/li>\n<li><a href=\"https:\/\/cheznu.tv\/familymanagement\/handtasche-mit-klappe-naehen-anleitung-handtasche-valencia\/\">Valencia<\/a><\/li>\n<li><a href=\"https:\/\/cheznu.tv\/familymanagement\/einfache-handtasche-naehen-anleitung-fuer-anfaenger-handtasche-york\/\">York<\/a><\/li>\n<li><a href=\"https:\/\/cheznu.tv\/familymanagement\/abendtasche-naehen-schnittmuster-edle-handtasche-naehen-mit-reissverschluss\/\">Aspen<\/a><\/li>\n<li><a href=\"https:\/\/cheznu.tv\/familymanagement\/handtasche-naehen-mit-reissverschluss-handtasche-sylt\/\">Sylt<\/a><\/li>\n<li><a href=\"https:\/\/cheznu.tv\/familymanagement\/handtasche-naehen-mit-schnittmuster-mit-vielen-innentaschen-handtasche-milano\/\">Milano<\/a><\/li>\n<li><a href=\"https:\/\/cheznu.tv\/familymanagement\/handtasche-rio-naehen\/\">Rio<\/a><\/li>\n<\/ul>\n<p>Elegante Handtaschen in vielen Formen \u2013 von schlicht bis glamour\u00f6s \u2013 f\u00fcr Alltag und besondere Anl\u00e4sse.<\/p>\n<p><a href='https:\/\/www.spoonflower.com\/profiles\/cheznu_tv' target='_blank' title='Spoonflower-Shop mit den ChezNU-Designs'>Unseren neuen Spoonflower-Shop mit Stoffen im ChezNU-Design findest Du hier.<\/a><\/p><p>Neben dem Schnittmuster \/ Schema \/ Anleitung \/ Plotterdatei erh\u00e4ltst Du als Teil der erworbenen Leistung (gilt auch f\u00fcr kostenlose Produkte) auch unseren kostenlosen Newsletter \u201eSchnittmuster-Alarm\u201c. Im Schnittmuster-Alarm informieren wir haupts\u00e4chlich, aber nicht ausschliesslich \u00fcber neue Schnittmuster, Anleitungen, DIY-Projekte, Angebote in unserem Shop, Angebote in anderen Shops, Materialbezugsquellen und allem was irgendwie mit N\u00e4hen, H\u00e4keln, Basteln, Stricken, Upcycling, Organisation und Familie zu tun hat.<\/p><p>Nach Deiner Bestellung erh\u00e4ltst Du die E-Mails automatisch. Du kannst sie allerdings jederzeit und ohne Angabe von Gr\u00fcnden \u00fcber den Link am Ende jeder E-Mail abbestellen.<br>\n\tDie Transparenzerkl\u00e4rung zu unserem Schnittmuster-Alarm findest Du <a title='Transparenzerkl\u00e4rung' href='https:\/\/cheznu.tv\/familymanagement\/transparenzerklaerung-zum-schnittmuster-alarm-newsletter\/' target='_blank'>hier<\/a><\/p>\n<p><strong>Zum Schnittmuster<\/strong><\/p>\n<p>Das Schnittmuster kommt als PDF, wenn es sich um mehrere PDFs handelt packen wir diese in eine ZIP-Datei. diese muss erst abgespeichert und entpackt werden, bevor man sie auf A4-Papier (Standard) ausdrucken und dann zusammenkleben kann.<br \/>\nSo entf\u00e4llt das l\u00e4stige Schnittmuster kopieren mit teurem Seidenpapier. Das Schnittmuster kann nach dem Zusammenkleben direkt ausgeschnitten werden.<\/p>\n<p>Bitte beachte, die richtigen Druckoptionen einzustellen. Das funktioniert genauso, wie bei Burda.<br \/>\n<a href=\"http:\/\/cheznu.tv\/familymanagement\/burda-schnittmuster-ausdrucken\/\">Burda Schnittmuster Ausdrucken.<\/a><\/p>\n<p>Wie das mit dem Zusammenkleben funktioniert haben wir hier kurz erkl\u00e4rt.<br \/>\n<a href=\"http:\/\/cheznu.tv\/familymanagement\/so-gehts\/\">So geht\u00b4s<\/a>.<\/p>\n<p><a href=\"http:\/\/cheznu.tv\/familymanagement\/wp-content\/uploads\/2018\/01\/ChezNU-Groessentabelle_fuer_Damen.pdf\" target=\"_blank\" rel=\"noopener noreferrer\">Die Gr\u00f6ssetabelle mit den Massen f\u00fcr Damen findest Du hier.<\/a><\/p>\n<p>Dieser Schnitt darf zu privaten Zwecken und zur Fertigung von Einzelst\u00fccken\/Kleinserien (bis 5 Modelle) unter Nennung der Herkunft verwendet werden (ChezNU.TV). Massenproduktion der fertigen Ware sowie Kopieren, Weitergabe, Abdruck oder Ver\u00f6ffentlichung (auch teilweise) des Schnittmusters bedarf der schriftlichen Genehmigung. Wenn Du Dir nicht sicher bist, schreibe uns einfach kurz eine <a href=\"mailto:nu@cheznu.tv\">E-Mail.<\/a><\/p>\n<p><img decoding=\"async\" src=\"https:\/\/klick.cheznu.tv\/pix\/1jqcz4na2zfze5d5\" width=\"1\" height=\"1\" \/><\/p>\n","protected":false},"excerpt":{"rendered":"<p><strong>Nur am 17. Dezember 2025!<\/strong><\/p>\n<p><strong>Handtaschen Deluxe:<\/strong> elegante Modelle f\u00fcr Alltag, Events und Reisen.<\/p>\n<p><strong>Highlights des Pakets:<\/strong><\/p>\n<ol>\n<li><strong><a href=\"https:\/\/cheznu.tv\/familymanagement\/produkt\/handtasche-brighton-schnittmuster\/\">Brighton<\/a><\/strong> (Digitale Version \u2013 1000120): schlichte Einsteiger-Handtasche mit Reissverschluss.<\/li>\n<li><strong><a href=\"https:\/\/cheznu.tv\/familymanagement\/produkt\/handtasche-valencia-schnittmuster\/\">Valencia<\/a><\/strong> (Digitale Version \u2013 1000118): elegante Tasche mit Klappe und formsch\u00f6nem Design.<\/li>\n<li><strong><a href=\"https:\/\/cheznu.tv\/familymanagement\/produkt\/handtasche-york-schnittmuster\/\">York<\/a><\/strong> (Digitale Version \u2013 1000109): einfach zu n\u00e4hende Handtasche mit Innenfach.<\/li>\n<li><strong><a href=\"https:\/\/cheznu.tv\/familymanagement\/produkt\/schnittmuster-abendtasche-aspen\/\">Aspen<\/a><\/strong> (Digitale Version \u2013 1000113): edle Abendtasche f\u00fcr festliche Outfits.<\/li>\n<li><strong><a href=\"https:\/\/cheznu.tv\/familymanagement\/produkt\/handtasche-sylt-schnittmuster\/\">Sylt<\/a><\/strong> (Digitale Version \u2013 1000102): praktische Tasche mit Reissverschluss und Aussenfach.<\/li>\n<li><strong><a href=\"https:\/\/cheznu.tv\/familymanagement\/produkt\/handtasche-milano-mit-vielen-innentaschen-schnittmuster-zum-ausdrucken\/\">Milano<\/a><\/strong> (Digitale Version \u2013 1000040): vielseitige Tasche mit vielen Innenf\u00e4chern.<\/li>\n<li><strong><a href=\"https:\/\/cheznu.tv\/familymanagement\/produkt\/handtasche-rio-schnittmuster\/\">Rio<\/a><\/strong> (Digitale Version \u2013 1000094): kompakte Alltagstasche mit klarer Form.<\/li>\n<\/ol>\n","protected":false},"featured_media":105268,"comment_status":"open","ping_status":"closed","template":"","meta":[],"product_brand":[],"product_cat":[15],"product_tag":[],"class_list":{"0":"post-105595","1":"product","2":"type-product","3":"status-publish","4":"has-post-thumbnail","6":"product_cat-uncategorized","8":"first","9":"instock","10":"downloadable","11":"virtual","12":"sold-individually","13":"purchasable","14":"product-type-simple"},"yoast_head":"<!-- This site is optimized with the Yoast SEO plugin v27.4 - https:\/\/yoast.com\/product\/yoast-seo-wordpress\/ -->\n<title>Adventskalender 2025 T\u00fcr 17 \ud83d\udd6f\ud83d\udd6f\ud83d\udd6f Schnittmuster-Paket Handtaschen Deluxe - ChezNU.TV<\/title>\n<meta name=\"robots\" content=\"index, follow, max-snippet:-1, max-image-preview:large, max-video-preview:-1\" \/>\n<link rel=\"canonical\" href=\"https:\/\/cheznu.tv\/familymanagement\/produkt\/ak202517-deluxe\/\" \/>\n<meta property=\"og:locale\" content=\"de_DE\" \/>\n<meta property=\"og:type\" content=\"article\" \/>\n<meta property=\"og:title\" content=\"Adventskalender 2025 T\u00fcr 17 \ud83d\udd6f\ud83d\udd6f\ud83d\udd6f Schnittmuster-Paket Handtaschen Deluxe - ChezNU.TV\" \/>\n<meta property=\"og:description\" content=\"Nur am 17. Dezember 2025!  Handtaschen Deluxe: elegante Modelle f\u00fcr Alltag, Events und Reisen.  Highlights des Pakets:   Brighton (Digitale Version \u2013 1000120): schlichte Einsteiger-Handtasche mit Reissverschluss.  Valencia (Digitale Version \u2013 1000118): elegante Tasche mit Klappe und formsch\u00f6nem Design.  York (Digitale Version \u2013 1000109): einfach zu n\u00e4hende Handtasche mit Innenfach.  Aspen (Digitale Version \u2013 1000113): edle Abendtasche f\u00fcr festliche Outfits.  Sylt (Digitale Version \u2013 1000102): praktische Tasche mit Reissverschluss und Aussenfach.  Milano (Digitale Version \u2013 1000040): vielseitige Tasche mit vielen Innenf\u00e4chern.  Rio (Digitale Version \u2013 1000094): kompakte Alltagstasche mit klarer Form.\" \/>\n<meta property=\"og:url\" content=\"https:\/\/cheznu.tv\/familymanagement\/produkt\/ak202517-deluxe\/\" \/>\n<meta property=\"og:site_name\" content=\"ChezNU.TV\" \/>\n<meta property=\"article:publisher\" content=\"https:\/\/www.facebook.com\/cheznutv\/\" \/>\n<meta property=\"article:modified_time\" content=\"2025-12-18T07:32:29+00:00\" \/>\n<meta property=\"og:image\" content=\"https:\/\/cheznu.tv\/familymanagement\/wp-content\/uploads\/2020\/10\/3D-Stofmaske-naehen-Artikelbild.jpg\" \/>\n\t<meta property=\"og:image:width\" content=\"1200\" \/>\n\t<meta property=\"og:image:height\" content=\"630\" \/>\n\t<meta property=\"og:image:type\" content=\"image\/jpeg\" \/>\n<meta name=\"twitter:card\" content=\"summary_large_image\" \/>\n<meta name=\"twitter:image\" content=\"https:\/\/cheznu.tv\/familymanagement\/wp-content\/uploads\/2020\/08\/Stoffbinde-gratis-Schnittmuster-von-oben-offen-mit-Fluegel.jpg\" \/>\n<meta name=\"twitter:site\" content=\"@cheznu_family\" \/>\n<meta name=\"twitter:label1\" content=\"Gesch\u00e4tzte Lesezeit\" \/>\n\t<meta name=\"twitter:data1\" content=\"2\u00a0Minuten\" \/>\n<script type=\"application\/ld+json\" class=\"yoast-schema-graph\">{\"@context\":\"https:\\\/\\\/schema.org\",\"@graph\":[{\"@type\":\"WebPage\",\"@id\":\"https:\\\/\\\/cheznu.tv\\\/familymanagement\\\/produkt\\\/ak202517-deluxe\\\/\",\"url\":\"https:\\\/\\\/cheznu.tv\\\/familymanagement\\\/produkt\\\/ak202517-deluxe\\\/\",\"name\":\"Adventskalender 2025 T\u00fcr 17 \ud83d\udd6f\ud83d\udd6f\ud83d\udd6f Schnittmuster-Paket Handtaschen Deluxe - ChezNU.TV\",\"isPartOf\":{\"@id\":\"https:\\\/\\\/cheznu.tv\\\/familymanagement\\\/#website\"},\"primaryImageOfPage\":{\"@id\":\"https:\\\/\\\/cheznu.tv\\\/familymanagement\\\/produkt\\\/ak202517-deluxe\\\/#primaryimage\"},\"image\":{\"@id\":\"https:\\\/\\\/cheznu.tv\\\/familymanagement\\\/produkt\\\/ak202517-deluxe\\\/#primaryimage\"},\"thumbnailUrl\":\"https:\\\/\\\/cheznu.tv\\\/familymanagement\\\/wp-content\\\/uploads\\\/2025\\\/12\\\/Adventskalender-2025-17-Produktbild.jpg\",\"datePublished\":\"2025-12-16T15:42:50+00:00\",\"dateModified\":\"2025-12-18T07:32:29+00:00\",\"breadcrumb\":{\"@id\":\"https:\\\/\\\/cheznu.tv\\\/familymanagement\\\/produkt\\\/ak202517-deluxe\\\/#breadcrumb\"},\"inLanguage\":\"de\",\"potentialAction\":[{\"@type\":\"ReadAction\",\"target\":[\"https:\\\/\\\/cheznu.tv\\\/familymanagement\\\/produkt\\\/ak202517-deluxe\\\/\"]}]},{\"@type\":\"ImageObject\",\"inLanguage\":\"de\",\"@id\":\"https:\\\/\\\/cheznu.tv\\\/familymanagement\\\/produkt\\\/ak202517-deluxe\\\/#primaryimage\",\"url\":\"https:\\\/\\\/cheznu.tv\\\/familymanagement\\\/wp-content\\\/uploads\\\/2025\\\/12\\\/Adventskalender-2025-17-Produktbild.jpg\",\"contentUrl\":\"https:\\\/\\\/cheznu.tv\\\/familymanagement\\\/wp-content\\\/uploads\\\/2025\\\/12\\\/Adventskalender-2025-17-Produktbild.jpg\",\"width\":1200,\"height\":1200,\"caption\":\"Adventskalender 2025 17 Produktbild\"},{\"@type\":\"BreadcrumbList\",\"@id\":\"https:\\\/\\\/cheznu.tv\\\/familymanagement\\\/produkt\\\/ak202517-deluxe\\\/#breadcrumb\",\"itemListElement\":[{\"@type\":\"ListItem\",\"position\":1,\"name\":\"Startseite\",\"item\":\"https:\\\/\\\/cheznu.tv\\\/familymanagement\\\/\"},{\"@type\":\"ListItem\",\"position\":2,\"name\":\"Shop\",\"item\":\"https:\\\/\\\/cheznu.tv\\\/familymanagement\\\/shop\\\/\"},{\"@type\":\"ListItem\",\"position\":3,\"name\":\"Adventskalender 2025 T\u00fcr 17 \ud83d\udd6f\ud83d\udd6f\ud83d\udd6f Schnittmuster-Paket Handtaschen Deluxe\"}]},{\"@type\":\"WebSite\",\"@id\":\"https:\\\/\\\/cheznu.tv\\\/familymanagement\\\/#website\",\"url\":\"https:\\\/\\\/cheznu.tv\\\/familymanagement\\\/\",\"name\":\"ChezNU.TV\",\"description\":\"N\u00e4hen | Basteln | Haushalt | Familie\",\"potentialAction\":[{\"@type\":\"SearchAction\",\"target\":{\"@type\":\"EntryPoint\",\"urlTemplate\":\"https:\\\/\\\/cheznu.tv\\\/familymanagement\\\/?s={search_term_string}\"},\"query-input\":{\"@type\":\"PropertyValueSpecification\",\"valueRequired\":true,\"valueName\":\"search_term_string\"}}],\"inLanguage\":\"de\"}]}<\/script>\n<!-- \/ Yoast SEO plugin. -->","yoast_head_json":{"title":"Adventskalender 2025 T\u00fcr 17 \ud83d\udd6f\ud83d\udd6f\ud83d\udd6f Schnittmuster-Paket Handtaschen Deluxe - ChezNU.TV","robots":{"index":"index","follow":"follow","max-snippet":"max-snippet:-1","max-image-preview":"max-image-preview:large","max-video-preview":"max-video-preview:-1"},"canonical":"https:\/\/cheznu.tv\/familymanagement\/produkt\/ak202517-deluxe\/","og_locale":"de_DE","og_type":"article","og_title":"Adventskalender 2025 T\u00fcr 17 \ud83d\udd6f\ud83d\udd6f\ud83d\udd6f Schnittmuster-Paket Handtaschen Deluxe - ChezNU.TV","og_description":"Nur am 17. Dezember 2025!  Handtaschen Deluxe: elegante Modelle f\u00fcr Alltag, Events und Reisen.  Highlights des Pakets:   Brighton (Digitale Version \u2013 1000120): schlichte Einsteiger-Handtasche mit Reissverschluss.  Valencia (Digitale Version \u2013 1000118): elegante Tasche mit Klappe und formsch\u00f6nem Design.  York (Digitale Version \u2013 1000109): einfach zu n\u00e4hende Handtasche mit Innenfach.  Aspen (Digitale Version \u2013 1000113): edle Abendtasche f\u00fcr festliche Outfits.  Sylt (Digitale Version \u2013 1000102): praktische Tasche mit Reissverschluss und Aussenfach.  Milano (Digitale Version \u2013 1000040): vielseitige Tasche mit vielen Innenf\u00e4chern.  Rio (Digitale Version \u2013 1000094): kompakte Alltagstasche mit klarer Form.","og_url":"https:\/\/cheznu.tv\/familymanagement\/produkt\/ak202517-deluxe\/","og_site_name":"ChezNU.TV","article_publisher":"https:\/\/www.facebook.com\/cheznutv\/","article_modified_time":"2025-12-18T07:32:29+00:00","og_image":[{"width":1200,"height":630,"url":"https:\/\/cheznu.tv\/familymanagement\/wp-content\/uploads\/2020\/10\/3D-Stofmaske-naehen-Artikelbild.jpg","type":"image\/jpeg"}],"twitter_card":"summary_large_image","twitter_image":"https:\/\/cheznu.tv\/familymanagement\/wp-content\/uploads\/2020\/08\/Stoffbinde-gratis-Schnittmuster-von-oben-offen-mit-Fluegel.jpg","twitter_site":"@cheznu_family","twitter_misc":{"Gesch\u00e4tzte Lesezeit":"2\u00a0Minuten"},"schema":{"@context":"https:\/\/schema.org","@graph":[{"@type":"WebPage","@id":"https:\/\/cheznu.tv\/familymanagement\/produkt\/ak202517-deluxe\/","url":"https:\/\/cheznu.tv\/familymanagement\/produkt\/ak202517-deluxe\/","name":"Adventskalender 2025 T\u00fcr 17 \ud83d\udd6f\ud83d\udd6f\ud83d\udd6f Schnittmuster-Paket Handtaschen Deluxe - ChezNU.TV","isPartOf":{"@id":"https:\/\/cheznu.tv\/familymanagement\/#website"},"primaryImageOfPage":{"@id":"https:\/\/cheznu.tv\/familymanagement\/produkt\/ak202517-deluxe\/#primaryimage"},"image":{"@id":"https:\/\/cheznu.tv\/familymanagement\/produkt\/ak202517-deluxe\/#primaryimage"},"thumbnailUrl":"https:\/\/cheznu.tv\/familymanagement\/wp-content\/uploads\/2025\/12\/Adventskalender-2025-17-Produktbild.jpg","datePublished":"2025-12-16T15:42:50+00:00","dateModified":"2025-12-18T07:32:29+00:00","breadcrumb":{"@id":"https:\/\/cheznu.tv\/familymanagement\/produkt\/ak202517-deluxe\/#breadcrumb"},"inLanguage":"de","potentialAction":[{"@type":"ReadAction","target":["https:\/\/cheznu.tv\/familymanagement\/produkt\/ak202517-deluxe\/"]}]},{"@type":"ImageObject","inLanguage":"de","@id":"https:\/\/cheznu.tv\/familymanagement\/produkt\/ak202517-deluxe\/#primaryimage","url":"https:\/\/cheznu.tv\/familymanagement\/wp-content\/uploads\/2025\/12\/Adventskalender-2025-17-Produktbild.jpg","contentUrl":"https:\/\/cheznu.tv\/familymanagement\/wp-content\/uploads\/2025\/12\/Adventskalender-2025-17-Produktbild.jpg","width":1200,"height":1200,"caption":"Adventskalender 2025 17 Produktbild"},{"@type":"BreadcrumbList","@id":"https:\/\/cheznu.tv\/familymanagement\/produkt\/ak202517-deluxe\/#breadcrumb","itemListElement":[{"@type":"ListItem","position":1,"name":"Startseite","item":"https:\/\/cheznu.tv\/familymanagement\/"},{"@type":"ListItem","position":2,"name":"Shop","item":"https:\/\/cheznu.tv\/familymanagement\/shop\/"},{"@type":"ListItem","position":3,"name":"Adventskalender 2025 T\u00fcr 17 \ud83d\udd6f\ud83d\udd6f\ud83d\udd6f Schnittmuster-Paket Handtaschen Deluxe"}]},{"@type":"WebSite","@id":"https:\/\/cheznu.tv\/familymanagement\/#website","url":"https:\/\/cheznu.tv\/familymanagement\/","name":"ChezNU.TV","description":"N\u00e4hen | Basteln | Haushalt | Familie","potentialAction":[{"@type":"SearchAction","target":{"@type":"EntryPoint","urlTemplate":"https:\/\/cheznu.tv\/familymanagement\/?s={search_term_string}"},"query-input":{"@type":"PropertyValueSpecification","valueRequired":true,"valueName":"search_term_string"}}],"inLanguage":"de"}]}},"_links":{"self":[{"href":"https:\/\/cheznu.tv\/familymanagement\/wp-json\/wp\/v2\/product\/105595","targetHints":{"allow":["GET"]}}],"collection":[{"href":"https:\/\/cheznu.tv\/familymanagement\/wp-json\/wp\/v2\/product"}],"about":[{"href":"https:\/\/cheznu.tv\/familymanagement\/wp-json\/wp\/v2\/types\/product"}],"replies":[{"embeddable":true,"href":"https:\/\/cheznu.tv\/familymanagement\/wp-json\/wp\/v2\/comments?post=105595"}],"wp:featuredmedia":[{"embeddable":true,"href":"https:\/\/cheznu.tv\/familymanagement\/wp-json\/wp\/v2\/media\/105268"}],"wp:attachment":[{"href":"https:\/\/cheznu.tv\/familymanagement\/wp-json\/wp\/v2\/media?parent=105595"}],"wp:term":[{"taxonomy":"product_brand","embeddable":true,"href":"https:\/\/cheznu.tv\/familymanagement\/wp-json\/wp\/v2\/product_brand?post=105595"},{"taxonomy":"product_cat","embeddable":true,"href":"https:\/\/cheznu.tv\/familymanagement\/wp-json\/wp\/v2\/product_cat?post=105595"},{"taxonomy":"product_tag","embeddable":true,"href":"https:\/\/cheznu.tv\/familymanagement\/wp-json\/wp\/v2\/product_tag?post=105595"}],"curies":[{"name":"wp","href":"https:\/\/api.w.org\/{rel}","templated":true}]}}