{"id":105461,"date":"2025-12-09T15:35:42","date_gmt":"2025-12-09T14:35:42","guid":{"rendered":"https:\/\/cheznu.tv\/familymanagement\/?post_type=product&#038;p=105461"},"modified":"2025-12-12T23:00:12","modified_gmt":"2025-12-12T22:00:12","slug":"ak202511-nfa-mix","status":"publish","type":"product","link":"https:\/\/cheznu.tv\/familymanagement\/produkt\/ak202511-nfa-mix\/","title":{"rendered":"Adventskalender 2025 T\u00fcr 11 \ud83d\udd6f\ud83d\udd6f Schnittmuster-Paket Kleidung n\u00e4hen f\u00fcr Anf\u00e4nger \u2013\u00a0Mix"},"content":{"rendered":"<p>Die N\u00e4hanleitungen mit vielen Bildern sowie das Anleitungsvideo findest Du hier:<\/p>\n<ul>\n<li><a href=\"https:\/\/cheznu.tv\/familymanagement\/einfache-tunika-naehen-aus-musselin-schnittmuster-tunika-jasmin\/\">Tunika Jasmin<\/a><\/li>\n<li><a href=\"https:\/\/cheznu.tv\/familymanagement\/einfaches-t-shirt-naehen-fuer-anfaenger-t-shirt-olivia\/\">T-Shirt Olivia<\/a><\/li>\n<li><a href=\"https:\/\/cheznu.tv\/familymanagement\/kapuzenjacke-jenny-anleitung\/\">Kapuzenjacke Jenny<\/a><\/li>\n<li><a href=\"https:\/\/cheznu.tv\/familymanagement\/aermelstola-naehen-mit-schnittmuster-groesse-36-46\/\">\u00c4rmelstola<\/a><\/li>\n<li><a href=\"https:\/\/cheznu.tv\/familymanagement\/produkt\/morgenmantel-yuna-schnittmuster\/\">Morgenmantel Yuna<\/a><\/li>\n<li><a href=\"https:\/\/cheznu.tv\/familymanagement\/produkt\/shirt-ronja-schnittmuster\/\">Shirt Ronja<\/a><\/li>\n<li><a href=\"https:\/\/cheznu.tv\/familymanagement\/bigshirt-sabrina-anleitung\/\">Bigshirt Sabrina<\/a><\/li>\n<li><a href=\"https:\/\/cheznu.tv\/familymanagement\/schlafanzug-klara-und-klaus-anleitung\/\">Schlafanzug Klara &amp; Klaus<\/a><\/li>\n<\/ul>\n<p>Diese Anleitungen zeigen Dir Schritt f\u00fcr Schritt, wie Du modische Kleidung wie Tuniken, Shirts, einen Morgenmantel oder einen gem\u00fctlichen Schlafanzug n\u00e4hst \u2013 ideal f\u00fcr Anf\u00e4ngerinnen.<\/p>\n<p><a href='https:\/\/www.spoonflower.com\/profiles\/cheznu_tv' target='_blank' title='Spoonflower-Shop mit den ChezNU-Designs'>Unseren neuen Spoonflower-Shop mit Stoffen im ChezNU-Design findest Du hier.<\/a><\/p><p>Neben dem Schnittmuster \/ Schema \/ Anleitung \/ Plotterdatei erh\u00e4ltst Du als Teil der erworbenen Leistung (gilt auch f\u00fcr kostenlose Produkte) auch unseren kostenlosen Newsletter \u201eSchnittmuster-Alarm\u201c. Im Schnittmuster-Alarm informieren wir haupts\u00e4chlich, aber nicht ausschliesslich \u00fcber neue Schnittmuster, Anleitungen, DIY-Projekte, Angebote in unserem Shop, Angebote in anderen Shops, Materialbezugsquellen und allem was irgendwie mit N\u00e4hen, H\u00e4keln, Basteln, Stricken, Upcycling, Organisation und Familie zu tun hat.<\/p><p>Nach Deiner Bestellung erh\u00e4ltst Du die E-Mails automatisch. Du kannst sie allerdings jederzeit und ohne Angabe von Gr\u00fcnden \u00fcber den Link am Ende jeder E-Mail abbestellen.<br>\n\tDie Transparenzerkl\u00e4rung zu unserem Schnittmuster-Alarm findest Du <a title='Transparenzerkl\u00e4rung' href='https:\/\/cheznu.tv\/familymanagement\/transparenzerklaerung-zum-schnittmuster-alarm-newsletter\/' target='_blank'>hier<\/a><\/p>\n<p><strong>Zum Schnittmuster<\/strong><\/p>\n<p>Das Schnittmuster kommt als PDF, wenn es sich um mehrere PDFs handelt packen wir diese in eine ZIP-Datei. diese muss erst abgespeichert und entpackt werden, bevor man sie auf A4-Papier (Standard) ausdrucken und dann zusammenkleben kann.<br \/>\nSo entf\u00e4llt das l\u00e4stige Schnittmuster kopieren mit teurem Seidenpapier. Das Schnittmuster kann nach dem Zusammenkleben direkt ausgeschnitten werden.<\/p>\n<p>Bitte beachte, die richtigen Druckoptionen einzustellen. Das funktioniert genauso, wie bei Burda.<br \/>\n<a href=\"http:\/\/cheznu.tv\/familymanagement\/burda-schnittmuster-ausdrucken\/\">Burda Schnittmuster Ausdrucken.<\/a><\/p>\n<p>Wie das mit dem Zusammenkleben funktioniert haben wir hier kurz erkl\u00e4rt.<br \/>\n<a href=\"http:\/\/cheznu.tv\/familymanagement\/so-gehts\/\">So geht\u00b4s<\/a>.<\/p>\n<p><a href=\"http:\/\/cheznu.tv\/familymanagement\/wp-content\/uploads\/2018\/01\/ChezNU-Groessentabelle_fuer_Damen.pdf\" target=\"_blank\" rel=\"noopener noreferrer\">Die Gr\u00f6ssetabelle mit den Massen f\u00fcr Damen findest Du hier.<\/a><\/p>\n<p>Dieser Schnitt darf zu privaten Zwecken und zur Fertigung von Einzelst\u00fccken\/Kleinserien (bis 5 Modelle) unter Nennung der Herkunft verwendet werden (ChezNU.TV). Massenproduktion der fertigen Ware sowie Kopieren, Weitergabe, Abdruck oder Ver\u00f6ffentlichung (auch teilweise) des Schnittmusters bedarf der schriftlichen Genehmigung. Wenn Du Dir nicht sicher bist, schreibe uns einfach kurz eine <a href=\"mailto:nu@cheznu.tv\">E-Mail.<\/a><\/p>\n<p><img decoding=\"async\" src=\"https:\/\/klick.cheznu.tv\/pix\/1jqcz4na2zfze5d5\" width=\"1\" height=\"1\" \/><\/p>\n","protected":false},"excerpt":{"rendered":"<p><strong>Nur\u00a0am\u00a011.\u00a0Dezember\u00a02025!<\/strong><\/p>\n<p><strong>Kleidung n\u00e4hen f\u00fcr Anf\u00e4nger \u2013\u00a0Mix:<\/strong>\u00a09\u00a0beliebte Kleidungsprojekte \u2013 perfekt f\u00fcr Deinen Einstieg in die N\u00e4hwelt.<\/p>\n<ol>\n<li><strong><a href=\"https:\/\/cheznu.tv\/familymanagement\/produkt\/tunika-jasmin-schnittmuster\/\">Tunika\u00a0Jasmin<\/a><\/strong>\u00a0(Digitale\u00a0Version\u00a0\u2013\u00a02000029)<\/li>\n<li><strong><a href=\"https:\/\/cheznu.tv\/familymanagement\/produkt\/schnittmuster-t-shirt-olivia\/\">T\u2011Shirt\u00a0Olivia<\/a><\/strong>\u00a0(Digitale\u00a0Version\u00a0\u2013\u00a02000028)<\/li>\n<li><strong><a href=\"https:\/\/cheznu.tv\/familymanagement\/produkt\/kapuzenjacke-jenny-schnittmuster\/\">Kapuzenjacke\u00a0Jenny<\/a><\/strong>\u00a0(Digitale\u00a0Version\u00a0\u2013\u00a02000061)<\/li>\n<li><strong><a href=\"https:\/\/cheznu.tv\/familymanagement\/produkt\/aermelschal-groesse-36-46-schnittmuster-zum-audrucken\/\">\u00c4rmelstola<\/a><\/strong>\u00a0(Digitale\u00a0Version\u00a0\u2013\u00a02000005)<\/li>\n<li><strong><a href=\"https:\/\/cheznu.tv\/familymanagement\/produkt\/morgenmantel-yuna-schnittmuster\/\">Morgenmantel\u00a0Yuna<\/a><\/strong>\u00a0(Digitale\u00a0Version\u00a0\u2013\u00a02000082)<\/li>\n<li><strong><a href=\"https:\/\/cheznu.tv\/familymanagement\/produkt\/shirt-ronja-schnittmuster\/\">Shirt\u00a0Ronja<\/a><\/strong>\u00a0(Digitale\u00a0Version\u00a0\u2013\u00a02000064)<\/li>\n<li><strong><a href=\"https:\/\/cheznu.tv\/familymanagement\/produkt\/bigshirt-sabrina-schnittmuster\/\">Bigshirt\u00a0Sabrina<\/a><\/strong>\u00a0(Digitale\u00a0Version\u00a0\u2013\u00a02000034)<\/li>\n<li><strong><a href=\"https:\/\/cheznu.tv\/familymanagement\/produkt\/paerchenschlafanzug-klara-und-klaus-schnittmuster\/\">P\u00e4rchen\u2011Schlafanzug\u00a0Klara\u00a0<\/a><\/strong><\/li>\n<li><strong><a href=\"https:\/\/cheznu.tv\/familymanagement\/produkt\/paerchenschlafanzug-klara-und-klaus-schnittmuster\/\">Klaus<\/a><\/strong>\u00a0(Digitale\u00a0Version\u00a0\u2013\u00a0920237172)<\/li>\n<\/ol>\n","protected":false},"featured_media":105262,"comment_status":"open","ping_status":"closed","template":"","meta":[],"product_brand":[],"product_cat":[15],"product_tag":[],"class_list":{"0":"post-105461","1":"product","2":"type-product","3":"status-publish","4":"has-post-thumbnail","6":"product_cat-uncategorized","8":"first","9":"instock","10":"downloadable","11":"virtual","12":"sold-individually","13":"purchasable","14":"product-type-simple"},"yoast_head":"<!-- This site is optimized with the Yoast SEO plugin v27.4 - https:\/\/yoast.com\/product\/yoast-seo-wordpress\/ -->\n<title>Adventskalender 2025 T\u00fcr 11 \ud83d\udd6f\ud83d\udd6f Schnittmuster-Paket Kleidung n\u00e4hen f\u00fcr Anf\u00e4nger \u2013\u00a0Mix - ChezNU.TV<\/title>\n<meta name=\"robots\" content=\"index, follow, max-snippet:-1, max-image-preview:large, max-video-preview:-1\" \/>\n<link rel=\"canonical\" href=\"https:\/\/cheznu.tv\/familymanagement\/produkt\/ak202511-nfa-mix\/\" \/>\n<meta property=\"og:locale\" content=\"de_DE\" \/>\n<meta property=\"og:type\" content=\"article\" \/>\n<meta property=\"og:title\" content=\"Adventskalender 2025 T\u00fcr 11 \ud83d\udd6f\ud83d\udd6f Schnittmuster-Paket Kleidung n\u00e4hen f\u00fcr Anf\u00e4nger \u2013\u00a0Mix - ChezNU.TV\" \/>\n<meta property=\"og:description\" content=\"Nur\u00a0am\u00a011.\u00a0Dezember\u00a02025!  Kleidung n\u00e4hen f\u00fcr Anf\u00e4nger \u2013\u00a0Mix:\u00a09\u00a0beliebte Kleidungsprojekte \u2013 perfekt f\u00fcr Deinen Einstieg in die N\u00e4hwelt.   Tunika\u00a0Jasmin\u00a0(Digitale\u00a0Version\u00a0\u2013\u00a02000029)  T\u2011Shirt\u00a0Olivia\u00a0(Digitale\u00a0Version\u00a0\u2013\u00a02000028)  Kapuzenjacke\u00a0Jenny\u00a0(Digitale\u00a0Version\u00a0\u2013\u00a02000061)  \u00c4rmelstola\u00a0(Digitale\u00a0Version\u00a0\u2013\u00a02000005)  Morgenmantel\u00a0Yuna\u00a0(Digitale\u00a0Version\u00a0\u2013\u00a02000082)  Shirt\u00a0Ronja\u00a0(Digitale\u00a0Version\u00a0\u2013\u00a02000064)  Bigshirt\u00a0Sabrina\u00a0(Digitale\u00a0Version\u00a0\u2013\u00a02000034)  P\u00e4rchen\u2011Schlafanzug\u00a0Klara\u00a0  Klaus\u00a0(Digitale\u00a0Version\u00a0\u2013\u00a0920237172)\" \/>\n<meta property=\"og:url\" content=\"https:\/\/cheznu.tv\/familymanagement\/produkt\/ak202511-nfa-mix\/\" \/>\n<meta property=\"og:site_name\" content=\"ChezNU.TV\" \/>\n<meta property=\"article:publisher\" content=\"https:\/\/www.facebook.com\/cheznutv\/\" \/>\n<meta property=\"article:modified_time\" content=\"2025-12-12T22:00:12+00:00\" \/>\n<meta property=\"og:image\" content=\"https:\/\/cheznu.tv\/familymanagement\/wp-content\/uploads\/2020\/10\/3D-Stofmaske-naehen-Artikelbild.jpg\" \/>\n\t<meta property=\"og:image:width\" content=\"1200\" \/>\n\t<meta property=\"og:image:height\" content=\"630\" \/>\n\t<meta property=\"og:image:type\" content=\"image\/jpeg\" \/>\n<meta name=\"twitter:card\" content=\"summary_large_image\" \/>\n<meta name=\"twitter:image\" content=\"https:\/\/cheznu.tv\/familymanagement\/wp-content\/uploads\/2020\/08\/Stoffbinde-gratis-Schnittmuster-von-oben-offen-mit-Fluegel.jpg\" \/>\n<meta name=\"twitter:site\" content=\"@cheznu_family\" \/>\n<meta name=\"twitter:label1\" content=\"Gesch\u00e4tzte Lesezeit\" \/>\n\t<meta name=\"twitter:data1\" content=\"3\u00a0Minuten\" \/>\n<script type=\"application\/ld+json\" class=\"yoast-schema-graph\">{\"@context\":\"https:\\\/\\\/schema.org\",\"@graph\":[{\"@type\":\"WebPage\",\"@id\":\"https:\\\/\\\/cheznu.tv\\\/familymanagement\\\/produkt\\\/ak202511-nfa-mix\\\/\",\"url\":\"https:\\\/\\\/cheznu.tv\\\/familymanagement\\\/produkt\\\/ak202511-nfa-mix\\\/\",\"name\":\"Adventskalender 2025 T\u00fcr 11 \ud83d\udd6f\ud83d\udd6f Schnittmuster-Paket Kleidung n\u00e4hen f\u00fcr Anf\u00e4nger \u2013\u00a0Mix - ChezNU.TV\",\"isPartOf\":{\"@id\":\"https:\\\/\\\/cheznu.tv\\\/familymanagement\\\/#website\"},\"primaryImageOfPage\":{\"@id\":\"https:\\\/\\\/cheznu.tv\\\/familymanagement\\\/produkt\\\/ak202511-nfa-mix\\\/#primaryimage\"},\"image\":{\"@id\":\"https:\\\/\\\/cheznu.tv\\\/familymanagement\\\/produkt\\\/ak202511-nfa-mix\\\/#primaryimage\"},\"thumbnailUrl\":\"https:\\\/\\\/cheznu.tv\\\/familymanagement\\\/wp-content\\\/uploads\\\/2025\\\/12\\\/Adventskalender-2025-11-Produktbild.jpg\",\"datePublished\":\"2025-12-09T14:35:42+00:00\",\"dateModified\":\"2025-12-12T22:00:12+00:00\",\"breadcrumb\":{\"@id\":\"https:\\\/\\\/cheznu.tv\\\/familymanagement\\\/produkt\\\/ak202511-nfa-mix\\\/#breadcrumb\"},\"inLanguage\":\"de\",\"potentialAction\":[{\"@type\":\"ReadAction\",\"target\":[\"https:\\\/\\\/cheznu.tv\\\/familymanagement\\\/produkt\\\/ak202511-nfa-mix\\\/\"]}]},{\"@type\":\"ImageObject\",\"inLanguage\":\"de\",\"@id\":\"https:\\\/\\\/cheznu.tv\\\/familymanagement\\\/produkt\\\/ak202511-nfa-mix\\\/#primaryimage\",\"url\":\"https:\\\/\\\/cheznu.tv\\\/familymanagement\\\/wp-content\\\/uploads\\\/2025\\\/12\\\/Adventskalender-2025-11-Produktbild.jpg\",\"contentUrl\":\"https:\\\/\\\/cheznu.tv\\\/familymanagement\\\/wp-content\\\/uploads\\\/2025\\\/12\\\/Adventskalender-2025-11-Produktbild.jpg\",\"width\":1200,\"height\":1200,\"caption\":\"Adventskalender 2025 11 Produktbild\"},{\"@type\":\"BreadcrumbList\",\"@id\":\"https:\\\/\\\/cheznu.tv\\\/familymanagement\\\/produkt\\\/ak202511-nfa-mix\\\/#breadcrumb\",\"itemListElement\":[{\"@type\":\"ListItem\",\"position\":1,\"name\":\"Startseite\",\"item\":\"https:\\\/\\\/cheznu.tv\\\/familymanagement\\\/\"},{\"@type\":\"ListItem\",\"position\":2,\"name\":\"Shop\",\"item\":\"https:\\\/\\\/cheznu.tv\\\/familymanagement\\\/shop\\\/\"},{\"@type\":\"ListItem\",\"position\":3,\"name\":\"Adventskalender 2025 T\u00fcr 11 \ud83d\udd6f\ud83d\udd6f Schnittmuster-Paket Kleidung n\u00e4hen f\u00fcr Anf\u00e4nger \u2013\u00a0Mix\"}]},{\"@type\":\"WebSite\",\"@id\":\"https:\\\/\\\/cheznu.tv\\\/familymanagement\\\/#website\",\"url\":\"https:\\\/\\\/cheznu.tv\\\/familymanagement\\\/\",\"name\":\"ChezNU.TV\",\"description\":\"N\u00e4hen | Basteln | Haushalt | Familie\",\"potentialAction\":[{\"@type\":\"SearchAction\",\"target\":{\"@type\":\"EntryPoint\",\"urlTemplate\":\"https:\\\/\\\/cheznu.tv\\\/familymanagement\\\/?s={search_term_string}\"},\"query-input\":{\"@type\":\"PropertyValueSpecification\",\"valueRequired\":true,\"valueName\":\"search_term_string\"}}],\"inLanguage\":\"de\"}]}<\/script>\n<!-- \/ Yoast SEO plugin. -->","yoast_head_json":{"title":"Adventskalender 2025 T\u00fcr 11 \ud83d\udd6f\ud83d\udd6f Schnittmuster-Paket Kleidung n\u00e4hen f\u00fcr Anf\u00e4nger \u2013\u00a0Mix - ChezNU.TV","robots":{"index":"index","follow":"follow","max-snippet":"max-snippet:-1","max-image-preview":"max-image-preview:large","max-video-preview":"max-video-preview:-1"},"canonical":"https:\/\/cheznu.tv\/familymanagement\/produkt\/ak202511-nfa-mix\/","og_locale":"de_DE","og_type":"article","og_title":"Adventskalender 2025 T\u00fcr 11 \ud83d\udd6f\ud83d\udd6f Schnittmuster-Paket Kleidung n\u00e4hen f\u00fcr Anf\u00e4nger \u2013\u00a0Mix - ChezNU.TV","og_description":"Nur\u00a0am\u00a011.\u00a0Dezember\u00a02025!  Kleidung n\u00e4hen f\u00fcr Anf\u00e4nger \u2013\u00a0Mix:\u00a09\u00a0beliebte Kleidungsprojekte \u2013 perfekt f\u00fcr Deinen Einstieg in die N\u00e4hwelt.   Tunika\u00a0Jasmin\u00a0(Digitale\u00a0Version\u00a0\u2013\u00a02000029)  T\u2011Shirt\u00a0Olivia\u00a0(Digitale\u00a0Version\u00a0\u2013\u00a02000028)  Kapuzenjacke\u00a0Jenny\u00a0(Digitale\u00a0Version\u00a0\u2013\u00a02000061)  \u00c4rmelstola\u00a0(Digitale\u00a0Version\u00a0\u2013\u00a02000005)  Morgenmantel\u00a0Yuna\u00a0(Digitale\u00a0Version\u00a0\u2013\u00a02000082)  Shirt\u00a0Ronja\u00a0(Digitale\u00a0Version\u00a0\u2013\u00a02000064)  Bigshirt\u00a0Sabrina\u00a0(Digitale\u00a0Version\u00a0\u2013\u00a02000034)  P\u00e4rchen\u2011Schlafanzug\u00a0Klara\u00a0  Klaus\u00a0(Digitale\u00a0Version\u00a0\u2013\u00a0920237172)","og_url":"https:\/\/cheznu.tv\/familymanagement\/produkt\/ak202511-nfa-mix\/","og_site_name":"ChezNU.TV","article_publisher":"https:\/\/www.facebook.com\/cheznutv\/","article_modified_time":"2025-12-12T22:00:12+00:00","og_image":[{"width":1200,"height":630,"url":"https:\/\/cheznu.tv\/familymanagement\/wp-content\/uploads\/2020\/10\/3D-Stofmaske-naehen-Artikelbild.jpg","type":"image\/jpeg"}],"twitter_card":"summary_large_image","twitter_image":"https:\/\/cheznu.tv\/familymanagement\/wp-content\/uploads\/2020\/08\/Stoffbinde-gratis-Schnittmuster-von-oben-offen-mit-Fluegel.jpg","twitter_site":"@cheznu_family","twitter_misc":{"Gesch\u00e4tzte Lesezeit":"3\u00a0Minuten"},"schema":{"@context":"https:\/\/schema.org","@graph":[{"@type":"WebPage","@id":"https:\/\/cheznu.tv\/familymanagement\/produkt\/ak202511-nfa-mix\/","url":"https:\/\/cheznu.tv\/familymanagement\/produkt\/ak202511-nfa-mix\/","name":"Adventskalender 2025 T\u00fcr 11 \ud83d\udd6f\ud83d\udd6f Schnittmuster-Paket Kleidung n\u00e4hen f\u00fcr Anf\u00e4nger \u2013\u00a0Mix - ChezNU.TV","isPartOf":{"@id":"https:\/\/cheznu.tv\/familymanagement\/#website"},"primaryImageOfPage":{"@id":"https:\/\/cheznu.tv\/familymanagement\/produkt\/ak202511-nfa-mix\/#primaryimage"},"image":{"@id":"https:\/\/cheznu.tv\/familymanagement\/produkt\/ak202511-nfa-mix\/#primaryimage"},"thumbnailUrl":"https:\/\/cheznu.tv\/familymanagement\/wp-content\/uploads\/2025\/12\/Adventskalender-2025-11-Produktbild.jpg","datePublished":"2025-12-09T14:35:42+00:00","dateModified":"2025-12-12T22:00:12+00:00","breadcrumb":{"@id":"https:\/\/cheznu.tv\/familymanagement\/produkt\/ak202511-nfa-mix\/#breadcrumb"},"inLanguage":"de","potentialAction":[{"@type":"ReadAction","target":["https:\/\/cheznu.tv\/familymanagement\/produkt\/ak202511-nfa-mix\/"]}]},{"@type":"ImageObject","inLanguage":"de","@id":"https:\/\/cheznu.tv\/familymanagement\/produkt\/ak202511-nfa-mix\/#primaryimage","url":"https:\/\/cheznu.tv\/familymanagement\/wp-content\/uploads\/2025\/12\/Adventskalender-2025-11-Produktbild.jpg","contentUrl":"https:\/\/cheznu.tv\/familymanagement\/wp-content\/uploads\/2025\/12\/Adventskalender-2025-11-Produktbild.jpg","width":1200,"height":1200,"caption":"Adventskalender 2025 11 Produktbild"},{"@type":"BreadcrumbList","@id":"https:\/\/cheznu.tv\/familymanagement\/produkt\/ak202511-nfa-mix\/#breadcrumb","itemListElement":[{"@type":"ListItem","position":1,"name":"Startseite","item":"https:\/\/cheznu.tv\/familymanagement\/"},{"@type":"ListItem","position":2,"name":"Shop","item":"https:\/\/cheznu.tv\/familymanagement\/shop\/"},{"@type":"ListItem","position":3,"name":"Adventskalender 2025 T\u00fcr 11 \ud83d\udd6f\ud83d\udd6f Schnittmuster-Paket Kleidung n\u00e4hen f\u00fcr Anf\u00e4nger \u2013\u00a0Mix"}]},{"@type":"WebSite","@id":"https:\/\/cheznu.tv\/familymanagement\/#website","url":"https:\/\/cheznu.tv\/familymanagement\/","name":"ChezNU.TV","description":"N\u00e4hen | Basteln | Haushalt | Familie","potentialAction":[{"@type":"SearchAction","target":{"@type":"EntryPoint","urlTemplate":"https:\/\/cheznu.tv\/familymanagement\/?s={search_term_string}"},"query-input":{"@type":"PropertyValueSpecification","valueRequired":true,"valueName":"search_term_string"}}],"inLanguage":"de"}]}},"_links":{"self":[{"href":"https:\/\/cheznu.tv\/familymanagement\/wp-json\/wp\/v2\/product\/105461","targetHints":{"allow":["GET"]}}],"collection":[{"href":"https:\/\/cheznu.tv\/familymanagement\/wp-json\/wp\/v2\/product"}],"about":[{"href":"https:\/\/cheznu.tv\/familymanagement\/wp-json\/wp\/v2\/types\/product"}],"replies":[{"embeddable":true,"href":"https:\/\/cheznu.tv\/familymanagement\/wp-json\/wp\/v2\/comments?post=105461"}],"wp:featuredmedia":[{"embeddable":true,"href":"https:\/\/cheznu.tv\/familymanagement\/wp-json\/wp\/v2\/media\/105262"}],"wp:attachment":[{"href":"https:\/\/cheznu.tv\/familymanagement\/wp-json\/wp\/v2\/media?parent=105461"}],"wp:term":[{"taxonomy":"product_brand","embeddable":true,"href":"https:\/\/cheznu.tv\/familymanagement\/wp-json\/wp\/v2\/product_brand?post=105461"},{"taxonomy":"product_cat","embeddable":true,"href":"https:\/\/cheznu.tv\/familymanagement\/wp-json\/wp\/v2\/product_cat?post=105461"},{"taxonomy":"product_tag","embeddable":true,"href":"https:\/\/cheznu.tv\/familymanagement\/wp-json\/wp\/v2\/product_tag?post=105461"}],"curies":[{"name":"wp","href":"https:\/\/api.w.org\/{rel}","templated":true}]}}