{"id":105276,"date":"2025-12-01T17:23:40","date_gmt":"2025-12-01T16:23:40","guid":{"rendered":"https:\/\/cheznu.tv\/familymanagement\/?post_type=product&#038;p=105276"},"modified":"2025-12-03T00:27:38","modified_gmt":"2025-12-02T23:27:38","slug":"ak202502-kfa-klassiker","status":"publish","type":"product","link":"https:\/\/cheznu.tv\/familymanagement\/produkt\/ak202502-kfa-klassiker\/","title":{"rendered":"Adventskalender 2025 T\u00fcr 2 \ud83d\udd6f Schnittmuster-Paket Kleidung n\u00e4hen f\u00fcr Anf\u00e4nger \u2013 Klassiker"},"content":{"rendered":"<p>Die N\u00e4hanleitungen mit vielen Bildern sowie das\u00a0\u00a0Anleitungsvideo findest Du hier:<\/p>\n<ul>\n<li><a href=\"https:\/\/cheznu.tv\/familymanagement\/kleid-shirt-linny-anleitung\/\">Kleid, Shirt &amp; Rock Linny<\/a><\/li>\n<li><a href=\"https:\/\/cheznu.tv\/familymanagement\/shirt-claire-anleitung\/\">Shirt Claire<\/a><\/li>\n<li><a href=\"https:\/\/cheznu.tv\/familymanagement\/wasserfall-shirt-selina-anleitung\/\">Wasserfall-Shirt Selina<\/a><\/li>\n<li><a href=\"https:\/\/cheznu.tv\/familymanagement\/shirt-wendy-anleitung\/\">Shirt Wendy<\/a><\/li>\n<li><a href=\"https:\/\/cheznu.tv\/familymanagement\/hose-jana-anleitung\/\">Hose Jana<\/a><\/li>\n<li><a href=\"https:\/\/cheznu.tv\/familymanagement\/pullover-romy-anleitung\/\">Pullover Romy<\/a><\/li>\n<li><a href=\"https:\/\/cheznu.tv\/familymanagement\/shirt-fleur-anleitung\/\">Shirt Fleur<\/a><\/li>\n<li><a href=\"https:\/\/cheznu.tv\/familymanagement\/palazzo-hose-kira-anleitung\/\">Palazzo-Hose Kira<\/a><\/li>\n<\/ul>\n<p><a href='https:\/\/www.spoonflower.com\/profiles\/cheznu_tv' target='_blank' title='Spoonflower-Shop mit den ChezNU-Designs'>Unseren neuen Spoonflower-Shop mit Stoffen im ChezNU-Design findest Du hier.<\/a><\/p><p>Neben dem Schnittmuster \/ Schema \/ Anleitung \/ Plotterdatei erh\u00e4ltst Du als Teil der erworbenen Leistung (gilt auch f\u00fcr kostenlose Produkte) auch unseren kostenlosen Newsletter \u201eSchnittmuster-Alarm\u201c. Im Schnittmuster-Alarm informieren wir haupts\u00e4chlich, aber nicht ausschliesslich \u00fcber neue Schnittmuster, Anleitungen, DIY-Projekte, Angebote in unserem Shop, Angebote in anderen Shops, Materialbezugsquellen und allem was irgendwie mit N\u00e4hen, H\u00e4keln, Basteln, Stricken, Upcycling, Organisation und Familie zu tun hat.<\/p><p>Nach Deiner Bestellung erh\u00e4ltst Du die E-Mails automatisch. Du kannst sie allerdings jederzeit und ohne Angabe von Gr\u00fcnden \u00fcber den Link am Ende jeder E-Mail abbestellen.<br>\n\tDie Transparenzerkl\u00e4rung zu unserem Schnittmuster-Alarm findest Du <a title='Transparenzerkl\u00e4rung' href='https:\/\/cheznu.tv\/familymanagement\/transparenzerklaerung-zum-schnittmuster-alarm-newsletter\/' target='_blank'>hier<\/a><\/p>\n<p><strong>Zum Schnittmuster<\/strong><\/p>\n<p>Das Schnittmuster kommt als PDF, wenn es sich um mehrere PDFs handelt packen wir diese in eine ZIP-Datei. diese muss erst abgespeichert und entpackt werden, bevor man sie auf A4-Papier (Standard) ausdrucken und dann zusammenkleben kann.<br \/>\nSo entf\u00e4llt das l\u00e4stige Schnittmuster kopieren mit teurem Seidenpapier. Das Schnittmuster kann nach dem Zusammenkleben direkt ausgeschnitten werden.<\/p>\n<p>Bitte beachte, die richtigen Druckoptionen einzustellen. Das funktioniert genauso, wie bei Burda.<br \/>\n<a href=\"http:\/\/cheznu.tv\/familymanagement\/burda-schnittmuster-ausdrucken\/\">Burda Schnittmuster Ausdrucken.<\/a><\/p>\n<p>Wie das mit dem Zusammenkleben funktioniert haben wir hier kurz erkl\u00e4rt.<br \/>\n<a href=\"http:\/\/cheznu.tv\/familymanagement\/so-gehts\/\">So geht\u00b4s<\/a>.<\/p>\n<p><a href=\"http:\/\/cheznu.tv\/familymanagement\/wp-content\/uploads\/2018\/01\/ChezNU-Groessentabelle_fuer_Damen.pdf\" target=\"_blank\" rel=\"noopener noreferrer\">Die Gr\u00f6ssetabelle mit den Massen f\u00fcr Damen findest Du hier.<\/a><\/p>\n<p>Dieser Schnitt darf zu privaten Zwecken und zur Fertigung von Einzelst\u00fccken\/Kleinserien (bis 5 Modelle) unter Nennung der Herkunft verwendet werden (ChezNU.TV). Massenproduktion der fertigen Ware sowie Kopieren, Weitergabe, Abdruck oder Ver\u00f6ffentlichung (auch teilweise) des Schnittmusters bedarf der schriftlichen Genehmigung. Wenn Du Dir nicht sicher bist, schreibe uns einfach kurz eine <a href=\"mailto:nu@cheznu.tv\">E-Mail.<\/a><\/p>\n<p><img decoding=\"async\" src=\"https:\/\/klick.cheznu.tv\/pix\/1jqcz4na2zfze5d5\" width=\"1\" height=\"1\" \/><\/p>\n","protected":false},"excerpt":{"rendered":"<p><strong>Nur heute am\u00a02.\u00a012.\u00a02025!<\/strong> <strong>Kleidung n\u00e4hen f\u00fcr Anf\u00e4nger\u00a0\u2013\u00a0Klassiker:<\/strong> Acht beliebte Schnittmuster f\u00fcr Shirts, Pullover, Hose und Rock \u2013 perfekt, wenn Du Deine Garderobe Schritt f\u00fcr Schritt selbst n\u00e4hen m\u00f6chtest.<\/p>\n<p><strong>Highlights des Pakets:<\/strong><\/p>\n<ol>\n<li><strong><a href=\"https:\/\/cheznu.tv\/familymanagement\/produkt\/kleid-linny-schnittmuster\/\">Kleid,\u00a0Shirt\u00a0&amp;\u00a0Rock\u00a0Linny<\/a><\/strong> (Digitale\u00a0Version\u00a0\u2013\u00a02000085):<br \/>\nEin vielseitiges All\u2011in\u2011One\u2011Schnittmuster f\u00fcr Kleid, Shirt und Rock. Mit \u00fcber\u00a0218\u00a0Varianten, zahlreichen Rockl\u00e4ngen, Ausschnitt\u2011 und \u00c4rmell\u00e4ngenoptionen l\u00e4sst sich Dein Outfit ganz individuell gestalten. Perfekt, wenn Du aus einem Schnitt gleich mehrere Lieblingsst\u00fccke n\u00e4hen willst.<\/li>\n<li><strong><a href=\"https:\/\/cheznu.tv\/familymanagement\/produkt\/asymmetrisches-shirt-claire-schnittmuster\/\">Shirt\u00a0Claire<\/a><\/strong> (Digitale\u00a0Version\u00a0\u2013\u00a02000033):<br \/>\nEin raffiniertes Shirt mit asymmetrischem Halsausschnitt. Kurz\u00e4rmlig, aber im Video lernst Du, wie Du die \u00c4rmel ganz einfach auf 3\u20444\u2011L\u00e4nge verl\u00e4ngern kannst. Das mitgelieferte E\u2011Book macht dieses stylische Shirt zum unkomplizierten und zugleich besonderen Projekt f\u00fcr Dich.<\/li>\n<li><strong><a href=\"https:\/\/cheznu.tv\/familymanagement\/produkt\/wasserfall-shirt-selina-schnittmuster\/\">Wasserfall\u2011Shirt\u00a0Selina<\/a><\/strong> (Digitale\u00a0Version\u00a0\u2013\u00a02000053):<br \/>\nEin elegantes Shirt mit weichem Wasserfallkragen, leicht tailliert und mit kurzen \u00c4rmeln. Ideal f\u00fcr flie\u00dfende Jerseys und wunderbar angenehm zu tragen \u2013 ein echter Figurschmeichler f\u00fcr Deine Garderobe.<\/li>\n<li><strong><a href=\"https:\/\/cheznu.tv\/familymanagement\/produkt\/shirt-wendy-schnittmuster\/\">Shirt\u00a0Wendy<\/a><\/strong> (Digitale\u00a0Version\u00a0\u2013\u00a02000063):<br \/>\nEin l\u00e4ssiges Langarmshirt mit U\u2011Boot\u2011Ausschnitt, das ohne B\u00fcndchen gen\u00e4ht wird. Dank des schlichten Schnittes ist es schnell gen\u00e4ht und perfekt f\u00fcr elastische Stoffe \u2013 ein tolles Basic f\u00fcr Anf\u00e4ngerinnen und Fortgeschrittene.<\/li>\n<li><strong><a href=\"https:\/\/cheznu.tv\/familymanagement\/produkt\/hose-jana-schnittmuster\/\">Hose\u00a0Jana<\/a><\/strong> (Digitale\u00a0Version\u00a0\u2013\u00a02000057):<br \/>\nEine gem\u00fctliche Lounge\u2011Hose mit Gummizug, Kordel und praktischen Taschen. Du kannst Taschen und Kordel weglassen, wenn Du es noch einfacher m\u00f6chtest. Gen\u00e4ht aus Musselin oder anderen Webstoffen wird sie schnell zu Deinem Lieblingsst\u00fcck f\u00fcr entspannte Momente.<\/li>\n<li><strong><a href=\"https:\/\/cheznu.tv\/familymanagement\/produkt\/pullover-romy-schnittmuster\/\">Pullover\u00a0Romy<\/a><\/strong> (Digitale\u00a0Version\u00a0\u2013\u00a02000046):<br \/>\nEin locker geschnittener Pullover zum Dr\u00fcberziehen mit gro\u00dfem Ausschnitt. Der einfache Schnitt macht ihn zum idealen Zwiebellook\u2011Teil, egal ob \u00fcber einem Rollkragenshirt oder einer Bluse \u2013 schnell gen\u00e4ht und wundersch\u00f6n kombiniert.<\/li>\n<li><strong><a href=\"https:\/\/cheznu.tv\/familymanagement\/produkt\/shirt-fleur-schnittmuster\/\">Shirt\u00a0Fleur<\/a><\/strong> (Digitale\u00a0Version\u00a0\u2013\u00a02000055):<br \/>\nEin Langarmshirt mit \u00fcberlappendem V\u2011Ausschnitt. Der leicht taillierte Schnitt passt sich sch\u00f6n an und ist ein tolles Basic f\u00fcr jede Saison. Besonders h\u00fcbsch aus weichem Jersey \u2013 optional kannst Du das Shirt mit Plotts verzieren.<\/li>\n<li><strong><a href=\"https:\/\/cheznu.tv\/familymanagement\/produkt\/palazzo-hose-kira-schnittmuster\/\">Palazzo\u2011Hose\u00a0Kira<\/a><\/strong> (Digitale\u00a0Version\u00a0\u2013\u00a02000054):<br \/>\nEine weite Palazzo\u2011Hose mit Gummizug im Bund und optionalen Taschen. Oben schmal und unten weit geschnitten, ist sie bequem und angesagt zugleich. Perfekt f\u00fcr flie\u00dfende Webstoffe wie Viskose oder Tencel \u2013 eine coole Erg\u00e4nzung f\u00fcr Deine selbstgen\u00e4hte Garderobe.<\/li>\n<\/ol>\n<p>Zu jedem Schnittmuster geh\u00f6rt eine Videoanleitung, die Dir Schritt f\u00fcr Schritt zeigt, wie Du Dein Projekt erfolgreich umsetzen kannst. Diese Anleitungen sind ideal f\u00fcr N\u00e4heinsteigerinnen und bieten hilfreiche Tipps und Tricks.<\/p>\n<p><strong>Starte am\u00a02.\u00a0Dezember in Dein n\u00e4chstes N\u00e4h\u2011Abenteuer mit unserem Schnittmuster\u2011Paket!<\/strong><\/p>\n<p><strong>Die Videoanleitungen zu den einzelnen Schnittmustern sind weiter unten verlinkt.<\/strong><\/p>\n","protected":false},"featured_media":105245,"comment_status":"open","ping_status":"closed","template":"","meta":[],"product_brand":[],"product_cat":[15],"product_tag":[],"class_list":{"0":"post-105276","1":"product","2":"type-product","3":"status-publish","4":"has-post-thumbnail","6":"product_cat-uncategorized","8":"first","9":"instock","10":"downloadable","11":"virtual","12":"sold-individually","13":"purchasable","14":"product-type-simple"},"yoast_head":"<!-- This site is optimized with the Yoast SEO plugin v27.4 - https:\/\/yoast.com\/product\/yoast-seo-wordpress\/ -->\n<title>Adventskalender 2025 T\u00fcr 2 \ud83d\udd6f Schnittmuster-Paket Kleidung n\u00e4hen f\u00fcr Anf\u00e4nger \u2013 Klassiker - ChezNU.TV<\/title>\n<meta name=\"robots\" content=\"index, follow, max-snippet:-1, max-image-preview:large, max-video-preview:-1\" \/>\n<link rel=\"canonical\" href=\"https:\/\/cheznu.tv\/familymanagement\/produkt\/ak202502-kfa-klassiker\/\" \/>\n<meta property=\"og:locale\" content=\"de_DE\" \/>\n<meta property=\"og:type\" content=\"article\" \/>\n<meta property=\"og:title\" content=\"Adventskalender 2025 T\u00fcr 2 \ud83d\udd6f Schnittmuster-Paket Kleidung n\u00e4hen f\u00fcr Anf\u00e4nger \u2013 Klassiker - ChezNU.TV\" \/>\n<meta property=\"og:description\" content=\"Nur heute am\u00a02.\u00a012.\u00a02025! Kleidung n\u00e4hen f\u00fcr Anf\u00e4nger\u00a0\u2013\u00a0Klassiker: Acht beliebte Schnittmuster f\u00fcr Shirts, Pullover, Hose und Rock \u2013 perfekt, wenn Du Deine Garderobe Schritt f\u00fcr Schritt selbst n\u00e4hen m\u00f6chtest.  Highlights des Pakets:   Kleid,\u00a0Shirt\u00a0&amp;\u00a0Rock\u00a0Linny (Digitale\u00a0Version\u00a0\u2013\u00a02000085): Ein vielseitiges All\u2011in\u2011One\u2011Schnittmuster f\u00fcr Kleid, Shirt und Rock. Mit \u00fcber\u00a0218\u00a0Varianten, zahlreichen Rockl\u00e4ngen, Ausschnitt\u2011 und \u00c4rmell\u00e4ngenoptionen l\u00e4sst sich Dein Outfit ganz individuell gestalten. Perfekt, wenn Du aus einem Schnitt gleich mehrere Lieblingsst\u00fccke n\u00e4hen willst.  Shirt\u00a0Claire (Digitale\u00a0Version\u00a0\u2013\u00a02000033): Ein raffiniertes Shirt mit asymmetrischem Halsausschnitt. Kurz\u00e4rmlig, aber im Video lernst Du, wie Du die \u00c4rmel ganz einfach auf 3\u20444\u2011L\u00e4nge verl\u00e4ngern kannst. Das mitgelieferte E\u2011Book macht dieses stylische Shirt zum unkomplizierten und zugleich besonderen Projekt f\u00fcr Dich.  Wasserfall\u2011Shirt\u00a0Selina (Digitale\u00a0Version\u00a0\u2013\u00a02000053): Ein elegantes Shirt mit weichem Wasserfallkragen, leicht tailliert und mit kurzen \u00c4rmeln. Ideal f\u00fcr flie\u00dfende Jerseys und wunderbar angenehm zu tragen \u2013 ein echter Figurschmeichler f\u00fcr Deine Garderobe.  Shirt\u00a0Wendy (Digitale\u00a0Version\u00a0\u2013\u00a02000063): Ein l\u00e4ssiges Langarmshirt mit U\u2011Boot\u2011Ausschnitt, das ohne B\u00fcndchen gen\u00e4ht wird. Dank des schlichten Schnittes ist es schnell gen\u00e4ht und perfekt f\u00fcr elastische Stoffe \u2013 ein tolles Basic f\u00fcr Anf\u00e4ngerinnen und Fortgeschrittene.  Hose\u00a0Jana (Digitale\u00a0Version\u00a0\u2013\u00a02000057): Eine gem\u00fctliche Lounge\u2011Hose mit Gummizug, Kordel und praktischen Taschen. Du kannst Taschen und Kordel weglassen, wenn Du es noch einfacher m\u00f6chtest. Gen\u00e4ht aus Musselin oder anderen Webstoffen wird sie schnell zu Deinem Lieblingsst\u00fcck f\u00fcr entspannte Momente.  Pullover\u00a0Romy (Digitale\u00a0Version\u00a0\u2013\u00a02000046): Ein locker geschnittener Pullover zum Dr\u00fcberziehen mit gro\u00dfem Ausschnitt. Der einfache Schnitt macht ihn zum idealen Zwiebellook\u2011Teil, egal ob \u00fcber einem Rollkragenshirt oder einer Bluse \u2013 schnell gen\u00e4ht und wundersch\u00f6n kombiniert.  Shirt\u00a0Fleur (Digitale\u00a0Version\u00a0\u2013\u00a02000055): Ein Langarmshirt mit \u00fcberlappendem V\u2011Ausschnitt. Der leicht taillierte Schnitt passt sich sch\u00f6n an und ist ein tolles Basic f\u00fcr jede Saison. Besonders h\u00fcbsch aus weichem Jersey \u2013 optional kannst Du das Shirt mit Plotts verzieren.  Palazzo\u2011Hose\u00a0Kira (Digitale\u00a0Version\u00a0\u2013\u00a02000054): Eine weite Palazzo\u2011Hose mit Gummizug im Bund und optionalen Taschen. Oben schmal und unten weit geschnitten, ist sie bequem und angesagt zugleich. Perfekt f\u00fcr flie\u00dfende Webstoffe wie Viskose oder Tencel \u2013 eine coole Erg\u00e4nzung f\u00fcr Deine selbstgen\u00e4hte Garderobe.  Zu jedem Schnittmuster geh\u00f6rt eine Videoanleitung, die Dir Schritt f\u00fcr Schritt zeigt, wie Du Dein Projekt erfolgreich umsetzen kannst. Diese Anleitungen sind ideal f\u00fcr N\u00e4heinsteigerinnen und bieten hilfreiche Tipps und Tricks.  Starte am\u00a02.\u00a0Dezember in Dein n\u00e4chstes N\u00e4h\u2011Abenteuer mit unserem Schnittmuster\u2011Paket!  Die Videoanleitungen zu den einzelnen Schnittmustern sind weiter unten verlinkt.\" \/>\n<meta property=\"og:url\" content=\"https:\/\/cheznu.tv\/familymanagement\/produkt\/ak202502-kfa-klassiker\/\" \/>\n<meta property=\"og:site_name\" content=\"ChezNU.TV\" \/>\n<meta property=\"article:publisher\" content=\"https:\/\/www.facebook.com\/cheznutv\/\" \/>\n<meta property=\"article:modified_time\" content=\"2025-12-02T23:27:38+00:00\" \/>\n<meta property=\"og:image\" content=\"https:\/\/cheznu.tv\/familymanagement\/wp-content\/uploads\/2020\/10\/3D-Stofmaske-naehen-Artikelbild.jpg\" \/>\n\t<meta property=\"og:image:width\" content=\"1200\" \/>\n\t<meta property=\"og:image:height\" content=\"630\" \/>\n\t<meta property=\"og:image:type\" content=\"image\/jpeg\" \/>\n<meta name=\"twitter:card\" content=\"summary_large_image\" \/>\n<meta name=\"twitter:image\" content=\"https:\/\/cheznu.tv\/familymanagement\/wp-content\/uploads\/2020\/08\/Stoffbinde-gratis-Schnittmuster-von-oben-offen-mit-Fluegel.jpg\" \/>\n<meta name=\"twitter:site\" content=\"@cheznu_family\" \/>\n<meta name=\"twitter:label1\" content=\"Gesch\u00e4tzte Lesezeit\" \/>\n\t<meta name=\"twitter:data1\" content=\"2\u00a0Minuten\" \/>\n<script type=\"application\/ld+json\" class=\"yoast-schema-graph\">{\"@context\":\"https:\\\/\\\/schema.org\",\"@graph\":[{\"@type\":\"WebPage\",\"@id\":\"https:\\\/\\\/cheznu.tv\\\/familymanagement\\\/produkt\\\/ak202502-kfa-klassiker\\\/\",\"url\":\"https:\\\/\\\/cheznu.tv\\\/familymanagement\\\/produkt\\\/ak202502-kfa-klassiker\\\/\",\"name\":\"Adventskalender 2025 T\u00fcr 2 \ud83d\udd6f Schnittmuster-Paket Kleidung n\u00e4hen f\u00fcr Anf\u00e4nger \u2013 Klassiker - ChezNU.TV\",\"isPartOf\":{\"@id\":\"https:\\\/\\\/cheznu.tv\\\/familymanagement\\\/#website\"},\"primaryImageOfPage\":{\"@id\":\"https:\\\/\\\/cheznu.tv\\\/familymanagement\\\/produkt\\\/ak202502-kfa-klassiker\\\/#primaryimage\"},\"image\":{\"@id\":\"https:\\\/\\\/cheznu.tv\\\/familymanagement\\\/produkt\\\/ak202502-kfa-klassiker\\\/#primaryimage\"},\"thumbnailUrl\":\"https:\\\/\\\/cheznu.tv\\\/familymanagement\\\/wp-content\\\/uploads\\\/2025\\\/12\\\/Adventskalender-2025-2-Produktbild.jpg\",\"datePublished\":\"2025-12-01T16:23:40+00:00\",\"dateModified\":\"2025-12-02T23:27:38+00:00\",\"breadcrumb\":{\"@id\":\"https:\\\/\\\/cheznu.tv\\\/familymanagement\\\/produkt\\\/ak202502-kfa-klassiker\\\/#breadcrumb\"},\"inLanguage\":\"de\",\"potentialAction\":[{\"@type\":\"ReadAction\",\"target\":[\"https:\\\/\\\/cheznu.tv\\\/familymanagement\\\/produkt\\\/ak202502-kfa-klassiker\\\/\"]}]},{\"@type\":\"ImageObject\",\"inLanguage\":\"de\",\"@id\":\"https:\\\/\\\/cheznu.tv\\\/familymanagement\\\/produkt\\\/ak202502-kfa-klassiker\\\/#primaryimage\",\"url\":\"https:\\\/\\\/cheznu.tv\\\/familymanagement\\\/wp-content\\\/uploads\\\/2025\\\/12\\\/Adventskalender-2025-2-Produktbild.jpg\",\"contentUrl\":\"https:\\\/\\\/cheznu.tv\\\/familymanagement\\\/wp-content\\\/uploads\\\/2025\\\/12\\\/Adventskalender-2025-2-Produktbild.jpg\",\"width\":2048,\"height\":2048,\"caption\":\"Adventskalender 2025 2 Produktbild\"},{\"@type\":\"BreadcrumbList\",\"@id\":\"https:\\\/\\\/cheznu.tv\\\/familymanagement\\\/produkt\\\/ak202502-kfa-klassiker\\\/#breadcrumb\",\"itemListElement\":[{\"@type\":\"ListItem\",\"position\":1,\"name\":\"Startseite\",\"item\":\"https:\\\/\\\/cheznu.tv\\\/familymanagement\\\/\"},{\"@type\":\"ListItem\",\"position\":2,\"name\":\"Shop\",\"item\":\"https:\\\/\\\/cheznu.tv\\\/familymanagement\\\/shop\\\/\"},{\"@type\":\"ListItem\",\"position\":3,\"name\":\"Adventskalender 2025 T\u00fcr 2 \ud83d\udd6f Schnittmuster-Paket Kleidung n\u00e4hen f\u00fcr Anf\u00e4nger \u2013 Klassiker\"}]},{\"@type\":\"WebSite\",\"@id\":\"https:\\\/\\\/cheznu.tv\\\/familymanagement\\\/#website\",\"url\":\"https:\\\/\\\/cheznu.tv\\\/familymanagement\\\/\",\"name\":\"ChezNU.TV\",\"description\":\"N\u00e4hen | Basteln | Haushalt | Familie\",\"potentialAction\":[{\"@type\":\"SearchAction\",\"target\":{\"@type\":\"EntryPoint\",\"urlTemplate\":\"https:\\\/\\\/cheznu.tv\\\/familymanagement\\\/?s={search_term_string}\"},\"query-input\":{\"@type\":\"PropertyValueSpecification\",\"valueRequired\":true,\"valueName\":\"search_term_string\"}}],\"inLanguage\":\"de\"}]}<\/script>\n<!-- \/ Yoast SEO plugin. -->","yoast_head_json":{"title":"Adventskalender 2025 T\u00fcr 2 \ud83d\udd6f Schnittmuster-Paket Kleidung n\u00e4hen f\u00fcr Anf\u00e4nger \u2013 Klassiker - ChezNU.TV","robots":{"index":"index","follow":"follow","max-snippet":"max-snippet:-1","max-image-preview":"max-image-preview:large","max-video-preview":"max-video-preview:-1"},"canonical":"https:\/\/cheznu.tv\/familymanagement\/produkt\/ak202502-kfa-klassiker\/","og_locale":"de_DE","og_type":"article","og_title":"Adventskalender 2025 T\u00fcr 2 \ud83d\udd6f Schnittmuster-Paket Kleidung n\u00e4hen f\u00fcr Anf\u00e4nger \u2013 Klassiker - ChezNU.TV","og_description":"Nur heute am\u00a02.\u00a012.\u00a02025! Kleidung n\u00e4hen f\u00fcr Anf\u00e4nger\u00a0\u2013\u00a0Klassiker: Acht beliebte Schnittmuster f\u00fcr Shirts, Pullover, Hose und Rock \u2013 perfekt, wenn Du Deine Garderobe Schritt f\u00fcr Schritt selbst n\u00e4hen m\u00f6chtest.  Highlights des Pakets:   Kleid,\u00a0Shirt\u00a0&amp;\u00a0Rock\u00a0Linny (Digitale\u00a0Version\u00a0\u2013\u00a02000085): Ein vielseitiges All\u2011in\u2011One\u2011Schnittmuster f\u00fcr Kleid, Shirt und Rock. Mit \u00fcber\u00a0218\u00a0Varianten, zahlreichen Rockl\u00e4ngen, Ausschnitt\u2011 und \u00c4rmell\u00e4ngenoptionen l\u00e4sst sich Dein Outfit ganz individuell gestalten. Perfekt, wenn Du aus einem Schnitt gleich mehrere Lieblingsst\u00fccke n\u00e4hen willst.  Shirt\u00a0Claire (Digitale\u00a0Version\u00a0\u2013\u00a02000033): Ein raffiniertes Shirt mit asymmetrischem Halsausschnitt. Kurz\u00e4rmlig, aber im Video lernst Du, wie Du die \u00c4rmel ganz einfach auf 3\u20444\u2011L\u00e4nge verl\u00e4ngern kannst. Das mitgelieferte E\u2011Book macht dieses stylische Shirt zum unkomplizierten und zugleich besonderen Projekt f\u00fcr Dich.  Wasserfall\u2011Shirt\u00a0Selina (Digitale\u00a0Version\u00a0\u2013\u00a02000053): Ein elegantes Shirt mit weichem Wasserfallkragen, leicht tailliert und mit kurzen \u00c4rmeln. Ideal f\u00fcr flie\u00dfende Jerseys und wunderbar angenehm zu tragen \u2013 ein echter Figurschmeichler f\u00fcr Deine Garderobe.  Shirt\u00a0Wendy (Digitale\u00a0Version\u00a0\u2013\u00a02000063): Ein l\u00e4ssiges Langarmshirt mit U\u2011Boot\u2011Ausschnitt, das ohne B\u00fcndchen gen\u00e4ht wird. Dank des schlichten Schnittes ist es schnell gen\u00e4ht und perfekt f\u00fcr elastische Stoffe \u2013 ein tolles Basic f\u00fcr Anf\u00e4ngerinnen und Fortgeschrittene.  Hose\u00a0Jana (Digitale\u00a0Version\u00a0\u2013\u00a02000057): Eine gem\u00fctliche Lounge\u2011Hose mit Gummizug, Kordel und praktischen Taschen. Du kannst Taschen und Kordel weglassen, wenn Du es noch einfacher m\u00f6chtest. Gen\u00e4ht aus Musselin oder anderen Webstoffen wird sie schnell zu Deinem Lieblingsst\u00fcck f\u00fcr entspannte Momente.  Pullover\u00a0Romy (Digitale\u00a0Version\u00a0\u2013\u00a02000046): Ein locker geschnittener Pullover zum Dr\u00fcberziehen mit gro\u00dfem Ausschnitt. Der einfache Schnitt macht ihn zum idealen Zwiebellook\u2011Teil, egal ob \u00fcber einem Rollkragenshirt oder einer Bluse \u2013 schnell gen\u00e4ht und wundersch\u00f6n kombiniert.  Shirt\u00a0Fleur (Digitale\u00a0Version\u00a0\u2013\u00a02000055): Ein Langarmshirt mit \u00fcberlappendem V\u2011Ausschnitt. Der leicht taillierte Schnitt passt sich sch\u00f6n an und ist ein tolles Basic f\u00fcr jede Saison. Besonders h\u00fcbsch aus weichem Jersey \u2013 optional kannst Du das Shirt mit Plotts verzieren.  Palazzo\u2011Hose\u00a0Kira (Digitale\u00a0Version\u00a0\u2013\u00a02000054): Eine weite Palazzo\u2011Hose mit Gummizug im Bund und optionalen Taschen. Oben schmal und unten weit geschnitten, ist sie bequem und angesagt zugleich. Perfekt f\u00fcr flie\u00dfende Webstoffe wie Viskose oder Tencel \u2013 eine coole Erg\u00e4nzung f\u00fcr Deine selbstgen\u00e4hte Garderobe.  Zu jedem Schnittmuster geh\u00f6rt eine Videoanleitung, die Dir Schritt f\u00fcr Schritt zeigt, wie Du Dein Projekt erfolgreich umsetzen kannst. Diese Anleitungen sind ideal f\u00fcr N\u00e4heinsteigerinnen und bieten hilfreiche Tipps und Tricks.  Starte am\u00a02.\u00a0Dezember in Dein n\u00e4chstes N\u00e4h\u2011Abenteuer mit unserem Schnittmuster\u2011Paket!  Die Videoanleitungen zu den einzelnen Schnittmustern sind weiter unten verlinkt.","og_url":"https:\/\/cheznu.tv\/familymanagement\/produkt\/ak202502-kfa-klassiker\/","og_site_name":"ChezNU.TV","article_publisher":"https:\/\/www.facebook.com\/cheznutv\/","article_modified_time":"2025-12-02T23:27:38+00:00","og_image":[{"width":1200,"height":630,"url":"https:\/\/cheznu.tv\/familymanagement\/wp-content\/uploads\/2020\/10\/3D-Stofmaske-naehen-Artikelbild.jpg","type":"image\/jpeg"}],"twitter_card":"summary_large_image","twitter_image":"https:\/\/cheznu.tv\/familymanagement\/wp-content\/uploads\/2020\/08\/Stoffbinde-gratis-Schnittmuster-von-oben-offen-mit-Fluegel.jpg","twitter_site":"@cheznu_family","twitter_misc":{"Gesch\u00e4tzte Lesezeit":"2\u00a0Minuten"},"schema":{"@context":"https:\/\/schema.org","@graph":[{"@type":"WebPage","@id":"https:\/\/cheznu.tv\/familymanagement\/produkt\/ak202502-kfa-klassiker\/","url":"https:\/\/cheznu.tv\/familymanagement\/produkt\/ak202502-kfa-klassiker\/","name":"Adventskalender 2025 T\u00fcr 2 \ud83d\udd6f Schnittmuster-Paket Kleidung n\u00e4hen f\u00fcr Anf\u00e4nger \u2013 Klassiker - ChezNU.TV","isPartOf":{"@id":"https:\/\/cheznu.tv\/familymanagement\/#website"},"primaryImageOfPage":{"@id":"https:\/\/cheznu.tv\/familymanagement\/produkt\/ak202502-kfa-klassiker\/#primaryimage"},"image":{"@id":"https:\/\/cheznu.tv\/familymanagement\/produkt\/ak202502-kfa-klassiker\/#primaryimage"},"thumbnailUrl":"https:\/\/cheznu.tv\/familymanagement\/wp-content\/uploads\/2025\/12\/Adventskalender-2025-2-Produktbild.jpg","datePublished":"2025-12-01T16:23:40+00:00","dateModified":"2025-12-02T23:27:38+00:00","breadcrumb":{"@id":"https:\/\/cheznu.tv\/familymanagement\/produkt\/ak202502-kfa-klassiker\/#breadcrumb"},"inLanguage":"de","potentialAction":[{"@type":"ReadAction","target":["https:\/\/cheznu.tv\/familymanagement\/produkt\/ak202502-kfa-klassiker\/"]}]},{"@type":"ImageObject","inLanguage":"de","@id":"https:\/\/cheznu.tv\/familymanagement\/produkt\/ak202502-kfa-klassiker\/#primaryimage","url":"https:\/\/cheznu.tv\/familymanagement\/wp-content\/uploads\/2025\/12\/Adventskalender-2025-2-Produktbild.jpg","contentUrl":"https:\/\/cheznu.tv\/familymanagement\/wp-content\/uploads\/2025\/12\/Adventskalender-2025-2-Produktbild.jpg","width":2048,"height":2048,"caption":"Adventskalender 2025 2 Produktbild"},{"@type":"BreadcrumbList","@id":"https:\/\/cheznu.tv\/familymanagement\/produkt\/ak202502-kfa-klassiker\/#breadcrumb","itemListElement":[{"@type":"ListItem","position":1,"name":"Startseite","item":"https:\/\/cheznu.tv\/familymanagement\/"},{"@type":"ListItem","position":2,"name":"Shop","item":"https:\/\/cheznu.tv\/familymanagement\/shop\/"},{"@type":"ListItem","position":3,"name":"Adventskalender 2025 T\u00fcr 2 \ud83d\udd6f Schnittmuster-Paket Kleidung n\u00e4hen f\u00fcr Anf\u00e4nger \u2013 Klassiker"}]},{"@type":"WebSite","@id":"https:\/\/cheznu.tv\/familymanagement\/#website","url":"https:\/\/cheznu.tv\/familymanagement\/","name":"ChezNU.TV","description":"N\u00e4hen | Basteln | Haushalt | Familie","potentialAction":[{"@type":"SearchAction","target":{"@type":"EntryPoint","urlTemplate":"https:\/\/cheznu.tv\/familymanagement\/?s={search_term_string}"},"query-input":{"@type":"PropertyValueSpecification","valueRequired":true,"valueName":"search_term_string"}}],"inLanguage":"de"}]}},"_links":{"self":[{"href":"https:\/\/cheznu.tv\/familymanagement\/wp-json\/wp\/v2\/product\/105276","targetHints":{"allow":["GET"]}}],"collection":[{"href":"https:\/\/cheznu.tv\/familymanagement\/wp-json\/wp\/v2\/product"}],"about":[{"href":"https:\/\/cheznu.tv\/familymanagement\/wp-json\/wp\/v2\/types\/product"}],"replies":[{"embeddable":true,"href":"https:\/\/cheznu.tv\/familymanagement\/wp-json\/wp\/v2\/comments?post=105276"}],"wp:featuredmedia":[{"embeddable":true,"href":"https:\/\/cheznu.tv\/familymanagement\/wp-json\/wp\/v2\/media\/105245"}],"wp:attachment":[{"href":"https:\/\/cheznu.tv\/familymanagement\/wp-json\/wp\/v2\/media?parent=105276"}],"wp:term":[{"taxonomy":"product_brand","embeddable":true,"href":"https:\/\/cheznu.tv\/familymanagement\/wp-json\/wp\/v2\/product_brand?post=105276"},{"taxonomy":"product_cat","embeddable":true,"href":"https:\/\/cheznu.tv\/familymanagement\/wp-json\/wp\/v2\/product_cat?post=105276"},{"taxonomy":"product_tag","embeddable":true,"href":"https:\/\/cheznu.tv\/familymanagement\/wp-json\/wp\/v2\/product_tag?post=105276"}],"curies":[{"name":"wp","href":"https:\/\/api.w.org\/{rel}","templated":true}]}}