{"id":101189,"date":"2025-05-12T16:25:06","date_gmt":"2025-05-12T14:25:06","guid":{"rendered":"https:\/\/cheznu.tv\/familymanagement\/?post_type=product&#038;p=101189"},"modified":"2025-06-16T10:14:40","modified_gmt":"2025-06-16T08:14:40","slug":"sommerjacke-liv-schnittmuster","status":"publish","type":"product","link":"https:\/\/cheznu.tv\/familymanagement\/produkt\/sommerjacke-liv-schnittmuster\/","title":{"rendered":"Sommerjacke Liv aus Musselin \u2702\ufe0f\ud83e\uddf5\ud83d\udc5a Gr\u00f6sse 36-52 \u2702\ufe0f Schnittmuster"},"content":{"rendered":"<p>Die Anleitung mit Video f\u00fcr die Sommerjacke Liv findest Du hier:<\/p>\n<p><a href=\"https:\/\/cheznu.tv\/familymanagement\/sommerjacke-liv-anleitung\/\">Sommerjacke aus Musselin n\u00e4hen \ud83d\udc5a\u2702\ufe0f \u2013 Musselinjacke Liv<\/a><\/p>\n<p><a href='https:\/\/www.spoonflower.com\/profiles\/cheznu_tv' target='_blank' title='Spoonflower-Shop mit den ChezNU-Designs'>Unseren neuen Spoonflower-Shop mit Stoffen im ChezNU-Design findest Du hier.<\/a><\/p><p>Neben dem Schnittmuster \/ Schema \/ Anleitung \/ Plotterdatei erh\u00e4ltst Du als Teil der erworbenen Leistung (gilt auch f\u00fcr kostenlose Produkte) auch unseren kostenlosen Newsletter \u201eSchnittmuster-Alarm\u201c. Im Schnittmuster-Alarm informieren wir haupts\u00e4chlich, aber nicht ausschliesslich \u00fcber neue Schnittmuster, Anleitungen, DIY-Projekte, Angebote in unserem Shop, Angebote in anderen Shops, Materialbezugsquellen und allem was irgendwie mit N\u00e4hen, H\u00e4keln, Basteln, Stricken, Upcycling, Organisation und Familie zu tun hat.<\/p><p>Nach Deiner Bestellung erh\u00e4ltst Du die E-Mails automatisch. Du kannst sie allerdings jederzeit und ohne Angabe von Gr\u00fcnden \u00fcber den Link am Ende jeder E-Mail abbestellen.<br>\n\tDie Transparenzerkl\u00e4rung zu unserem Schnittmuster-Alarm findest Du <a title='Transparenzerkl\u00e4rung' href='https:\/\/cheznu.tv\/familymanagement\/transparenzerklaerung-zum-schnittmuster-alarm-newsletter\/' target='_blank'>hier<\/a><\/p>\n<p><strong>Zum Schnittmuster<\/strong><\/p>\n<p><em>Lieferform: Digital (Download)<\/em><\/p>\n<p>Das Schnittmuster kommt als PDF, wenn es sich um mehrere PDFs handelt packen wir diese in eine ZIP-Datei. Diese muss erst abgespeichert und entpackt werden, bevor man sie auf A4-Papier (Standard) ausdrucken und dann zusammenkleben kann.<br \/>\nFalls Du das noch nie gemacht hast findest Du eine Anleitung in unseren <a href=\"https:\/\/cheznu.tv\/familymanagement\/faq\/\">FAQs<\/a>.<\/p>\n<p>So entf\u00e4llt das l\u00e4stige Schnittmuster kopieren mit teurem Seidenpapier. Das Schnittmuster kann nach dem Zusammenkleben direkt ausgeschnitten werden.<\/p>\n<p>Bitte beachte, die richtigen Druckoptionen einzustellen. Das funktioniert genauso, wie bei Burda.<br \/>\n<a href=\"https:\/\/cheznu.tv\/familymanagement\/schnittmuster-ausdrucken-und-zusammenkleben\/\">Schnittmuster ausdrucken und zuammenkleben<\/a><\/p>\n<p><em>Lieferform Papier (Post)<\/em><\/p>\n<p>Du erh\u00e4ltst einen oder mehrere Papierb\u00f6gen mit dem Schnittmuster. Die Teile \u00fcberlappen sich nicht. Du kannst sie also wahlweise ausschneiden oder auf Schnittmusterpapier kopieren.<br \/>\nWir versenden in der Regel sp\u00e4testens nach 7 Tagen, aber meistens viel schneller.<\/p>\n<p>Eine Ausf\u00fchrliche, reichlich bebilderte N\u00e4hanleitung liegt dem Schnittmuster bei.<\/p>\n<p>&nbsp;<\/p>\n<p>Wie das mit dem Zusammenkleben funktioniert haben wir hier kurz erkl\u00e4rt.<br \/>\n<a href=\"http:\/\/cheznu.tv\/familymanagement\/so-gehts\/\">So geht\u00b4s<\/a>.<\/p>\n<p><a href=\"https:\/\/cheznu.tv\/familymanagement\/wp-content\/uploads\/2021\/09\/ChezNU-Groessentabelle_fuer_Damen_2021.pdf\">Die Gr\u00f6ssentabelle mit den Massen f\u00fcr Damen findest Du hier.<\/a><\/p>\n<p>Dieser Schnitt darf zu privaten Zwecken und zur Fertigung von Einzelst\u00fccken\/Kleinserien (bis 5 Modelle) unter Nennung der Herkunft verwendet werden (ChezNU.TV). Massenproduktion der fertigen Ware sowie Kopieren, Weitergabe, Abdruck oder Ver\u00f6ffentlichung (auch teilweise) des Schnittmusters bedarf der schriftlichen Genehmigung. Wenn Du Dir nicht sicher bist, schreibe uns einfach kurz eine <a href=\"mailto:nu@cheznu.tv\">E-Mail.<\/a><\/p>\n<p><img decoding=\"async\" src=\"https:\/\/klick.cheznu.tv\/pix\/1s8wz4na2zfz75e5\" width=\"1\" height=\"1\" \/><\/p>\n","protected":false},"excerpt":{"rendered":"<p data-start=\"96\" data-end=\"458\">Die <strong data-start=\"46\" data-end=\"74\">Sommerjacke aus Musselin<\/strong> ist ein echtes Leichtgewicht \u2013 ideal f\u00fcr warme Tage und k\u00fchlere Abende. Das <strong data-start=\"151\" data-end=\"168\">Schnittmuster<\/strong> kombiniert legere <strong data-start=\"187\" data-end=\"199\">B\u00fcndchen<\/strong>, einen durchgehenden <strong data-start=\"221\" data-end=\"240\">Reissverschluss<\/strong> und einen <strong data-start=\"251\" data-end=\"275\">angeschr\u00e4gten Kragen<\/strong>. Besonders sch\u00f6n wirkt die Jacke aus Musselin, aber auch andere leichte Stoffe lassen sich perfekt verarbeiten. \ud83c\udf38\u2728 Ein Must-have f\u00fcr einen l\u00e4ssigen, sommerlichen Look.<\/p>\n<p data-start=\"740\" data-end=\"928\">Das <strong data-start=\"744\" data-end=\"761\">Schnittmuster<\/strong>\u00a0 erm\u00f6glicht eine <strong data-start=\"828\" data-end=\"852\">saubere Verarbeitung<\/strong> mit wenig Aufwand. Die <strong data-start=\"872\" data-end=\"892\">Videoanleitung<\/strong>\u00a0findest Du weiter unten verlinkt.<\/p>\n","protected":false},"featured_media":101275,"comment_status":"open","ping_status":"closed","template":"","meta":[],"product_brand":[],"product_cat":[3655,822,810,3901,811,1071],"product_tag":[865,3483,3222,836,813],"class_list":{"0":"post-101189","1":"product","2":"type-product","3":"status-publish","4":"has-post-thumbnail","6":"product_cat-jacke","7":"product_cat-kleidung","8":"product_cat-naehen","9":"product_cat-papierschnittmuster","10":"product_cat-schnittmuster","11":"product_cat-urlaub","12":"product_tag-jacke","13":"product_tag-kleidung-aus-musselin","14":"product_tag-musselin","15":"product_tag-sommer","16":"product_tag-urlaub","17":"product_shipping_class-grossbrief","19":"first","20":"instock","21":"shipping-taxable","22":"purchasable","23":"product-type-variable","24":"has-default-attributes"},"yoast_head":"<!-- This site is optimized with the Yoast SEO plugin v27.4 - https:\/\/yoast.com\/product\/yoast-seo-wordpress\/ -->\n<title>Schnittmuster Sommerjacke \ud83c\udf38\u2728 Leichte Jacke selber n\u00e4hen<\/title>\n<meta name=\"description\" content=\"Schnittmuster f\u00fcr eine Sommerjacke aus Musselin: Leichte Jacke mit Reissverschluss, B\u00fcndchen und angeschr\u00e4gtem Kragen \u2013 ideal f\u00fcr warme Tage. \ud83d\udc9b\ud83d\udc57\" \/>\n<meta name=\"robots\" content=\"index, follow, max-snippet:-1, max-image-preview:large, max-video-preview:-1\" \/>\n<link rel=\"canonical\" href=\"https:\/\/cheznu.tv\/familymanagement\/produkt\/sommerjacke-liv-schnittmuster\/\" \/>\n<meta property=\"og:locale\" content=\"de_DE\" \/>\n<meta property=\"og:type\" content=\"article\" \/>\n<meta property=\"og:title\" content=\"Schnittmuster Sommerjacke \ud83c\udf38\u2728 Leichte Jacke selber n\u00e4hen\" \/>\n<meta property=\"og:description\" content=\"Schnittmuster f\u00fcr eine Sommerjacke aus Musselin: Leichte Jacke mit Reissverschluss, B\u00fcndchen und angeschr\u00e4gtem Kragen \u2013 ideal f\u00fcr warme Tage. \ud83d\udc9b\ud83d\udc57\" \/>\n<meta property=\"og:url\" content=\"https:\/\/cheznu.tv\/familymanagement\/produkt\/sommerjacke-liv-schnittmuster\/\" \/>\n<meta property=\"og:site_name\" content=\"ChezNU.TV\" \/>\n<meta property=\"article:publisher\" content=\"https:\/\/www.facebook.com\/cheznutv\/\" \/>\n<meta property=\"article:modified_time\" content=\"2025-06-16T08:14:40+00:00\" \/>\n<meta property=\"og:image\" content=\"https:\/\/cheznu.tv\/familymanagement\/wp-content\/uploads\/2025\/05\/Schnittmuster-Sommerjacke-Tragebild-frontal.jpg\" \/>\n\t<meta property=\"og:image:width\" content=\"1200\" \/>\n\t<meta property=\"og:image:height\" content=\"1200\" \/>\n\t<meta property=\"og:image:type\" content=\"image\/jpeg\" \/>\n<meta name=\"twitter:card\" content=\"summary_large_image\" \/>\n<meta name=\"twitter:site\" content=\"@cheznu_family\" \/>\n<meta name=\"twitter:label1\" content=\"Gesch\u00e4tzte Lesezeit\" \/>\n\t<meta name=\"twitter:data1\" content=\"3\u00a0Minuten\" \/>\n<script type=\"application\/ld+json\" class=\"yoast-schema-graph\">{\"@context\":\"https:\\\/\\\/schema.org\",\"@graph\":[{\"@type\":\"WebPage\",\"@id\":\"https:\\\/\\\/cheznu.tv\\\/familymanagement\\\/produkt\\\/sommerjacke-liv-schnittmuster\\\/\",\"url\":\"https:\\\/\\\/cheznu.tv\\\/familymanagement\\\/produkt\\\/sommerjacke-liv-schnittmuster\\\/\",\"name\":\"Schnittmuster Sommerjacke \ud83c\udf38\u2728 Leichte Jacke selber n\u00e4hen\",\"isPartOf\":{\"@id\":\"https:\\\/\\\/cheznu.tv\\\/familymanagement\\\/#website\"},\"primaryImageOfPage\":{\"@id\":\"https:\\\/\\\/cheznu.tv\\\/familymanagement\\\/produkt\\\/sommerjacke-liv-schnittmuster\\\/#primaryimage\"},\"image\":{\"@id\":\"https:\\\/\\\/cheznu.tv\\\/familymanagement\\\/produkt\\\/sommerjacke-liv-schnittmuster\\\/#primaryimage\"},\"thumbnailUrl\":\"https:\\\/\\\/cheznu.tv\\\/familymanagement\\\/wp-content\\\/uploads\\\/2025\\\/05\\\/Schnittmuster-Sommerjacke-Tragebild-frontal.jpg\",\"datePublished\":\"2025-05-12T14:25:06+00:00\",\"dateModified\":\"2025-06-16T08:14:40+00:00\",\"description\":\"Schnittmuster f\u00fcr eine Sommerjacke aus Musselin: Leichte Jacke mit Reissverschluss, B\u00fcndchen und angeschr\u00e4gtem Kragen \u2013 ideal f\u00fcr warme Tage. \ud83d\udc9b\ud83d\udc57\",\"breadcrumb\":{\"@id\":\"https:\\\/\\\/cheznu.tv\\\/familymanagement\\\/produkt\\\/sommerjacke-liv-schnittmuster\\\/#breadcrumb\"},\"inLanguage\":\"de\",\"potentialAction\":[{\"@type\":\"ReadAction\",\"target\":[\"https:\\\/\\\/cheznu.tv\\\/familymanagement\\\/produkt\\\/sommerjacke-liv-schnittmuster\\\/\"]}]},{\"@type\":\"ImageObject\",\"inLanguage\":\"de\",\"@id\":\"https:\\\/\\\/cheznu.tv\\\/familymanagement\\\/produkt\\\/sommerjacke-liv-schnittmuster\\\/#primaryimage\",\"url\":\"https:\\\/\\\/cheznu.tv\\\/familymanagement\\\/wp-content\\\/uploads\\\/2025\\\/05\\\/Schnittmuster-Sommerjacke-Tragebild-frontal.jpg\",\"contentUrl\":\"https:\\\/\\\/cheznu.tv\\\/familymanagement\\\/wp-content\\\/uploads\\\/2025\\\/05\\\/Schnittmuster-Sommerjacke-Tragebild-frontal.jpg\",\"width\":1200,\"height\":1200,\"caption\":\"Schnittmuster Sommerjacke - Tragebild frontal\"},{\"@type\":\"BreadcrumbList\",\"@id\":\"https:\\\/\\\/cheznu.tv\\\/familymanagement\\\/produkt\\\/sommerjacke-liv-schnittmuster\\\/#breadcrumb\",\"itemListElement\":[{\"@type\":\"ListItem\",\"position\":1,\"name\":\"Startseite\",\"item\":\"https:\\\/\\\/cheznu.tv\\\/familymanagement\\\/\"},{\"@type\":\"ListItem\",\"position\":2,\"name\":\"Shop\",\"item\":\"https:\\\/\\\/cheznu.tv\\\/familymanagement\\\/shop\\\/\"},{\"@type\":\"ListItem\",\"position\":3,\"name\":\"Sommerjacke Liv aus Musselin \u2702\ufe0f\ud83e\uddf5\ud83d\udc5a Gr\u00f6sse 36-52 \u2702\ufe0f Schnittmuster\"}]},{\"@type\":\"WebSite\",\"@id\":\"https:\\\/\\\/cheznu.tv\\\/familymanagement\\\/#website\",\"url\":\"https:\\\/\\\/cheznu.tv\\\/familymanagement\\\/\",\"name\":\"ChezNU.TV\",\"description\":\"N\u00e4hen | Basteln | Haushalt | Familie\",\"potentialAction\":[{\"@type\":\"SearchAction\",\"target\":{\"@type\":\"EntryPoint\",\"urlTemplate\":\"https:\\\/\\\/cheznu.tv\\\/familymanagement\\\/?s={search_term_string}\"},\"query-input\":{\"@type\":\"PropertyValueSpecification\",\"valueRequired\":true,\"valueName\":\"search_term_string\"}}],\"inLanguage\":\"de\"}]}<\/script>\n<!-- \/ Yoast SEO plugin. -->","yoast_head_json":{"title":"Schnittmuster Sommerjacke \ud83c\udf38\u2728 Leichte Jacke selber n\u00e4hen","description":"Schnittmuster f\u00fcr eine Sommerjacke aus Musselin: Leichte Jacke mit Reissverschluss, B\u00fcndchen und angeschr\u00e4gtem Kragen \u2013 ideal f\u00fcr warme Tage. \ud83d\udc9b\ud83d\udc57","robots":{"index":"index","follow":"follow","max-snippet":"max-snippet:-1","max-image-preview":"max-image-preview:large","max-video-preview":"max-video-preview:-1"},"canonical":"https:\/\/cheznu.tv\/familymanagement\/produkt\/sommerjacke-liv-schnittmuster\/","og_locale":"de_DE","og_type":"article","og_title":"Schnittmuster Sommerjacke \ud83c\udf38\u2728 Leichte Jacke selber n\u00e4hen","og_description":"Schnittmuster f\u00fcr eine Sommerjacke aus Musselin: Leichte Jacke mit Reissverschluss, B\u00fcndchen und angeschr\u00e4gtem Kragen \u2013 ideal f\u00fcr warme Tage. \ud83d\udc9b\ud83d\udc57","og_url":"https:\/\/cheznu.tv\/familymanagement\/produkt\/sommerjacke-liv-schnittmuster\/","og_site_name":"ChezNU.TV","article_publisher":"https:\/\/www.facebook.com\/cheznutv\/","article_modified_time":"2025-06-16T08:14:40+00:00","og_image":[{"width":1200,"height":1200,"url":"https:\/\/cheznu.tv\/familymanagement\/wp-content\/uploads\/2025\/05\/Schnittmuster-Sommerjacke-Tragebild-frontal.jpg","type":"image\/jpeg"}],"twitter_card":"summary_large_image","twitter_site":"@cheznu_family","twitter_misc":{"Gesch\u00e4tzte Lesezeit":"3\u00a0Minuten"},"schema":{"@context":"https:\/\/schema.org","@graph":[{"@type":"WebPage","@id":"https:\/\/cheznu.tv\/familymanagement\/produkt\/sommerjacke-liv-schnittmuster\/","url":"https:\/\/cheznu.tv\/familymanagement\/produkt\/sommerjacke-liv-schnittmuster\/","name":"Schnittmuster Sommerjacke \ud83c\udf38\u2728 Leichte Jacke selber n\u00e4hen","isPartOf":{"@id":"https:\/\/cheznu.tv\/familymanagement\/#website"},"primaryImageOfPage":{"@id":"https:\/\/cheznu.tv\/familymanagement\/produkt\/sommerjacke-liv-schnittmuster\/#primaryimage"},"image":{"@id":"https:\/\/cheznu.tv\/familymanagement\/produkt\/sommerjacke-liv-schnittmuster\/#primaryimage"},"thumbnailUrl":"https:\/\/cheznu.tv\/familymanagement\/wp-content\/uploads\/2025\/05\/Schnittmuster-Sommerjacke-Tragebild-frontal.jpg","datePublished":"2025-05-12T14:25:06+00:00","dateModified":"2025-06-16T08:14:40+00:00","description":"Schnittmuster f\u00fcr eine Sommerjacke aus Musselin: Leichte Jacke mit Reissverschluss, B\u00fcndchen und angeschr\u00e4gtem Kragen \u2013 ideal f\u00fcr warme Tage. \ud83d\udc9b\ud83d\udc57","breadcrumb":{"@id":"https:\/\/cheznu.tv\/familymanagement\/produkt\/sommerjacke-liv-schnittmuster\/#breadcrumb"},"inLanguage":"de","potentialAction":[{"@type":"ReadAction","target":["https:\/\/cheznu.tv\/familymanagement\/produkt\/sommerjacke-liv-schnittmuster\/"]}]},{"@type":"ImageObject","inLanguage":"de","@id":"https:\/\/cheznu.tv\/familymanagement\/produkt\/sommerjacke-liv-schnittmuster\/#primaryimage","url":"https:\/\/cheznu.tv\/familymanagement\/wp-content\/uploads\/2025\/05\/Schnittmuster-Sommerjacke-Tragebild-frontal.jpg","contentUrl":"https:\/\/cheznu.tv\/familymanagement\/wp-content\/uploads\/2025\/05\/Schnittmuster-Sommerjacke-Tragebild-frontal.jpg","width":1200,"height":1200,"caption":"Schnittmuster Sommerjacke - Tragebild frontal"},{"@type":"BreadcrumbList","@id":"https:\/\/cheznu.tv\/familymanagement\/produkt\/sommerjacke-liv-schnittmuster\/#breadcrumb","itemListElement":[{"@type":"ListItem","position":1,"name":"Startseite","item":"https:\/\/cheznu.tv\/familymanagement\/"},{"@type":"ListItem","position":2,"name":"Shop","item":"https:\/\/cheznu.tv\/familymanagement\/shop\/"},{"@type":"ListItem","position":3,"name":"Sommerjacke Liv aus Musselin \u2702\ufe0f\ud83e\uddf5\ud83d\udc5a Gr\u00f6sse 36-52 \u2702\ufe0f Schnittmuster"}]},{"@type":"WebSite","@id":"https:\/\/cheznu.tv\/familymanagement\/#website","url":"https:\/\/cheznu.tv\/familymanagement\/","name":"ChezNU.TV","description":"N\u00e4hen | Basteln | Haushalt | Familie","potentialAction":[{"@type":"SearchAction","target":{"@type":"EntryPoint","urlTemplate":"https:\/\/cheznu.tv\/familymanagement\/?s={search_term_string}"},"query-input":{"@type":"PropertyValueSpecification","valueRequired":true,"valueName":"search_term_string"}}],"inLanguage":"de"}]}},"_links":{"self":[{"href":"https:\/\/cheznu.tv\/familymanagement\/wp-json\/wp\/v2\/product\/101189","targetHints":{"allow":["GET"]}}],"collection":[{"href":"https:\/\/cheznu.tv\/familymanagement\/wp-json\/wp\/v2\/product"}],"about":[{"href":"https:\/\/cheznu.tv\/familymanagement\/wp-json\/wp\/v2\/types\/product"}],"replies":[{"embeddable":true,"href":"https:\/\/cheznu.tv\/familymanagement\/wp-json\/wp\/v2\/comments?post=101189"}],"wp:featuredmedia":[{"embeddable":true,"href":"https:\/\/cheznu.tv\/familymanagement\/wp-json\/wp\/v2\/media\/101275"}],"wp:attachment":[{"href":"https:\/\/cheznu.tv\/familymanagement\/wp-json\/wp\/v2\/media?parent=101189"}],"wp:term":[{"taxonomy":"product_brand","embeddable":true,"href":"https:\/\/cheznu.tv\/familymanagement\/wp-json\/wp\/v2\/product_brand?post=101189"},{"taxonomy":"product_cat","embeddable":true,"href":"https:\/\/cheznu.tv\/familymanagement\/wp-json\/wp\/v2\/product_cat?post=101189"},{"taxonomy":"product_tag","embeddable":true,"href":"https:\/\/cheznu.tv\/familymanagement\/wp-json\/wp\/v2\/product_tag?post=101189"}],"curies":[{"name":"wp","href":"https:\/\/api.w.org\/{rel}","templated":true}]}}