{"id":56212,"date":"2021-01-05T12:06:06","date_gmt":"2021-01-05T11:06:06","guid":{"rendered":"https:\/\/cheznu.tv\/familymanagement\/?page_id=56212"},"modified":"2023-10-08T07:52:49","modified_gmt":"2023-10-08T05:52:49","slug":"schnittmuster-lizenzen","status":"publish","type":"page","link":"https:\/\/cheznu.tv\/familymanagement\/schnittmuster-lizenzen\/","title":{"rendered":"Schnittmuster-Lizenzen"},"content":{"rendered":"<div class=\"fusion-fullwidth fullwidth-box fusion-builder-row-1 nonhundred-percent-fullwidth non-hundred-percent-height-scrolling\" style=\"--awb-border-radius-top-left:0px;--awb-border-radius-top-right:0px;--awb-border-radius-bottom-right:0px;--awb-border-radius-bottom-left:0px;--awb-flex-wrap:wrap;\" ><div class=\"fusion-builder-row fusion-row\"><div class=\"fusion-layout-column fusion_builder_column fusion-builder-column-0 fusion_builder_column_1_1 1_1 fusion-one-full fusion-column-first fusion-column-last\" style=\"--awb-bg-size:cover;\"><div class=\"fusion-column-wrapper fusion-column-has-shadow fusion-flex-column-wrapper-legacy\"><div class=\"fusion-title title fusion-title-1 fusion-title-text fusion-title-size-one\" style=\"--awb-margin-top-small:10px;--awb-margin-right-small:0px;--awb-margin-bottom-small:10px;--awb-margin-left-small:0px;\"><h1 class=\"fusion-title-heading title-heading-left\" style=\"margin:0;\">Schnittmuster-Lizenzen<\/h1><span class=\"awb-title-spacer\"><\/span><div class=\"title-sep-container\"><div class=\"title-sep sep-double sep-solid\" style=\"border-color:#e2e2e2;\"><\/div><\/div><\/div><div class=\"fusion-text fusion-text-1\"><p>Uns erreichen immer wieder Anfragen, ob man unsere Schnittmuster gewerblich nutzen darf. Wir freuen nat\u00fcrlich \u00fcber das Interesse und haben daher ein Lizenzsystem f\u00fcr unsere Produkte entwickelt. Bitte beachte, dass du diese Lizenzen nat\u00fcrlich mehrfach kaufen kannst, wenn unser Angebot nur unzureichend deinen W\u00fcnschen entspricht.<\/p>\n<p>Es gibt folgende Lizenzen:<\/p>\n<ul>\n<li><strong>Private Nutzung:\u00a0<\/strong>Die private Nutzungslizenz ist unser Standard. Wenn du ein Schnittmuster zu diesem Preis kaufst, darfst du bis zu 5 Exemplare n\u00e4hen. Diese Expemplare geh\u00f6ren ganz dir und du kannst sie behalten oder an Freunde oder Familie verschenken. Aber du darfst sie <strong>nicht<\/strong> gewerblich verkaufen. Bitte beachte, dass nur die private Nutzungslizenz von Angeboten und Rabattaktionen betroffen ist.<\/li>\n<li><strong>Kleines Gewerbe:\u00a0<\/strong>Die kleine Gewerbelizenz richtet sich an flei\u00dfige N\u00e4herinnen und N\u00e4her, die im etwas gr\u00f6\u00dferen Stil arbeiten wollen. Zum doppelten Schnittmusterpreis, darfst du bis zu 25 Exemplare n\u00e4hen und diese auch gewerblich verkaufen. Bitte beachte, dass die Gewerbelizenzen nicht von Angeboten und Rabattaktionen profitieren.<\/li>\n<li><strong>Mittleres Gewerbe:\u00a0<\/strong>Die mittlere Gewerbelizenz ist noch gr\u00f6\u00dfer angelegt. Zum f\u00fcnffachen Schnittmusterpreis darfst du bis zu 100 Exemplare n\u00e4hen und gewerblich verkaufen. Bitte beachte, dass die Gewerbelizenzen nicht von Angeboten und Rabattaktionen profitieren.<\/li>\n<li><strong>Gro\u00dfes Gewerbe:\u00a0<\/strong>Das ist die gr\u00f6\u00dfte Lizenz, die wir anbieten. F\u00fcr den zehnfachen Schnittmusterpreis, darfst du bis zu 500 Exemplare unseres Produkts n\u00e4hen. Sollte diese Lizenz nicht gro\u00df genug f\u00fcr dich sein, wende dich bitte per <a href=\"mailto:schnittmuster@cheznu.tv\">Email<\/a> an uns, damit wir gemeinsam eine L\u00f6sung finden. Bitte beachte, dass die Gewerbelizenzen nicht von Angeboten und Rabattaktionen profitieren.<\/li>\n<\/ul>\n<p>F\u00fcr Freebies, die nicht reduziert sind, wird als Berechnungsgrundlage f\u00fcr die Lizenzkosten ein Basispreis von 1.99 Euro angesetzt.<\/p>\n<\/div><div class=\"fusion-clearfix\"><\/div><\/div><\/div><\/div><\/div>\n","protected":false},"excerpt":{"rendered":"","protected":false},"author":4644,"featured_media":0,"parent":0,"menu_order":0,"comment_status":"closed","ping_status":"closed","template":"","meta":{"footnotes":""},"class_list":["post-56212","page","type-page","status-publish","hentry"],"yoast_head":"<!-- This site is optimized with the Yoast SEO plugin v27.5 - https:\/\/yoast.com\/product\/yoast-seo-wordpress\/ -->\n<title>Schnittmuster-Lizenzen - ChezNU.TV<\/title>\n<meta name=\"robots\" content=\"index, follow, max-snippet:-1, max-image-preview:large, max-video-preview:-1\" \/>\n<link rel=\"canonical\" href=\"https:\/\/cheznu.tv\/familymanagement\/schnittmuster-lizenzen\/\" \/>\n<meta property=\"og:locale\" content=\"de_DE\" \/>\n<meta property=\"og:type\" content=\"article\" \/>\n<meta property=\"og:title\" content=\"Schnittmuster-Lizenzen - ChezNU.TV\" \/>\n<meta property=\"og:url\" content=\"https:\/\/cheznu.tv\/familymanagement\/schnittmuster-lizenzen\/\" \/>\n<meta property=\"og:site_name\" content=\"ChezNU.TV\" \/>\n<meta property=\"article:publisher\" content=\"https:\/\/www.facebook.com\/cheznutv\/\" \/>\n<meta property=\"article:modified_time\" content=\"2023-10-08T05:52:49+00:00\" \/>\n<meta property=\"og:image\" content=\"https:\/\/cheznu.tv\/familymanagement\/wp-content\/uploads\/2018\/02\/Facebook_ChezNU_Thumb.png\" \/>\n\t<meta property=\"og:image:width\" content=\"1200\" \/>\n\t<meta property=\"og:image:height\" content=\"630\" \/>\n\t<meta property=\"og:image:type\" content=\"image\/png\" \/>\n<meta name=\"twitter:card\" content=\"summary_large_image\" \/>\n<meta name=\"twitter:site\" content=\"@cheznu_family\" \/>\n<meta name=\"twitter:label1\" content=\"Gesch\u00e4tzte Lesezeit\" \/>\n\t<meta name=\"twitter:data1\" content=\"3\u00a0Minuten\" \/>\n<script type=\"application\/ld+json\" class=\"yoast-schema-graph\">{\"@context\":\"https:\\\/\\\/schema.org\",\"@graph\":[{\"@type\":\"WebPage\",\"@id\":\"https:\\\/\\\/cheznu.tv\\\/familymanagement\\\/schnittmuster-lizenzen\\\/\",\"url\":\"https:\\\/\\\/cheznu.tv\\\/familymanagement\\\/schnittmuster-lizenzen\\\/\",\"name\":\"Schnittmuster-Lizenzen - ChezNU.TV\",\"isPartOf\":{\"@id\":\"https:\\\/\\\/cheznu.tv\\\/familymanagement\\\/#website\"},\"datePublished\":\"2021-01-05T11:06:06+00:00\",\"dateModified\":\"2023-10-08T05:52:49+00:00\",\"breadcrumb\":{\"@id\":\"https:\\\/\\\/cheznu.tv\\\/familymanagement\\\/schnittmuster-lizenzen\\\/#breadcrumb\"},\"inLanguage\":\"de\",\"potentialAction\":[{\"@type\":\"ReadAction\",\"target\":[\"https:\\\/\\\/cheznu.tv\\\/familymanagement\\\/schnittmuster-lizenzen\\\/\"]}]},{\"@type\":\"BreadcrumbList\",\"@id\":\"https:\\\/\\\/cheznu.tv\\\/familymanagement\\\/schnittmuster-lizenzen\\\/#breadcrumb\",\"itemListElement\":[{\"@type\":\"ListItem\",\"position\":1,\"name\":\"Startseite\",\"item\":\"https:\\\/\\\/cheznu.tv\\\/familymanagement\\\/\"},{\"@type\":\"ListItem\",\"position\":2,\"name\":\"Schnittmuster-Lizenzen\"}]},{\"@type\":\"WebSite\",\"@id\":\"https:\\\/\\\/cheznu.tv\\\/familymanagement\\\/#website\",\"url\":\"https:\\\/\\\/cheznu.tv\\\/familymanagement\\\/\",\"name\":\"ChezNU.TV\",\"description\":\"N\u00e4hen | Basteln | Haushalt | Familie\",\"potentialAction\":[{\"@type\":\"SearchAction\",\"target\":{\"@type\":\"EntryPoint\",\"urlTemplate\":\"https:\\\/\\\/cheznu.tv\\\/familymanagement\\\/?s={search_term_string}\"},\"query-input\":{\"@type\":\"PropertyValueSpecification\",\"valueRequired\":true,\"valueName\":\"search_term_string\"}}],\"inLanguage\":\"de\"}]}<\/script>\n<!-- \/ Yoast SEO plugin. -->","yoast_head_json":{"title":"Schnittmuster-Lizenzen - ChezNU.TV","robots":{"index":"index","follow":"follow","max-snippet":"max-snippet:-1","max-image-preview":"max-image-preview:large","max-video-preview":"max-video-preview:-1"},"canonical":"https:\/\/cheznu.tv\/familymanagement\/schnittmuster-lizenzen\/","og_locale":"de_DE","og_type":"article","og_title":"Schnittmuster-Lizenzen - ChezNU.TV","og_url":"https:\/\/cheznu.tv\/familymanagement\/schnittmuster-lizenzen\/","og_site_name":"ChezNU.TV","article_publisher":"https:\/\/www.facebook.com\/cheznutv\/","article_modified_time":"2023-10-08T05:52:49+00:00","og_image":[{"width":1200,"height":630,"url":"https:\/\/cheznu.tv\/familymanagement\/wp-content\/uploads\/2018\/02\/Facebook_ChezNU_Thumb.png","type":"image\/png"}],"twitter_card":"summary_large_image","twitter_site":"@cheznu_family","twitter_misc":{"Gesch\u00e4tzte Lesezeit":"3\u00a0Minuten"},"schema":{"@context":"https:\/\/schema.org","@graph":[{"@type":"WebPage","@id":"https:\/\/cheznu.tv\/familymanagement\/schnittmuster-lizenzen\/","url":"https:\/\/cheznu.tv\/familymanagement\/schnittmuster-lizenzen\/","name":"Schnittmuster-Lizenzen - ChezNU.TV","isPartOf":{"@id":"https:\/\/cheznu.tv\/familymanagement\/#website"},"datePublished":"2021-01-05T11:06:06+00:00","dateModified":"2023-10-08T05:52:49+00:00","breadcrumb":{"@id":"https:\/\/cheznu.tv\/familymanagement\/schnittmuster-lizenzen\/#breadcrumb"},"inLanguage":"de","potentialAction":[{"@type":"ReadAction","target":["https:\/\/cheznu.tv\/familymanagement\/schnittmuster-lizenzen\/"]}]},{"@type":"BreadcrumbList","@id":"https:\/\/cheznu.tv\/familymanagement\/schnittmuster-lizenzen\/#breadcrumb","itemListElement":[{"@type":"ListItem","position":1,"name":"Startseite","item":"https:\/\/cheznu.tv\/familymanagement\/"},{"@type":"ListItem","position":2,"name":"Schnittmuster-Lizenzen"}]},{"@type":"WebSite","@id":"https:\/\/cheznu.tv\/familymanagement\/#website","url":"https:\/\/cheznu.tv\/familymanagement\/","name":"ChezNU.TV","description":"N\u00e4hen | Basteln | Haushalt | Familie","potentialAction":[{"@type":"SearchAction","target":{"@type":"EntryPoint","urlTemplate":"https:\/\/cheznu.tv\/familymanagement\/?s={search_term_string}"},"query-input":{"@type":"PropertyValueSpecification","valueRequired":true,"valueName":"search_term_string"}}],"inLanguage":"de"}]}},"_links":{"self":[{"href":"https:\/\/cheznu.tv\/familymanagement\/wp-json\/wp\/v2\/pages\/56212","targetHints":{"allow":["GET"]}}],"collection":[{"href":"https:\/\/cheznu.tv\/familymanagement\/wp-json\/wp\/v2\/pages"}],"about":[{"href":"https:\/\/cheznu.tv\/familymanagement\/wp-json\/wp\/v2\/types\/page"}],"author":[{"embeddable":true,"href":"https:\/\/cheznu.tv\/familymanagement\/wp-json\/wp\/v2\/users\/4644"}],"replies":[{"embeddable":true,"href":"https:\/\/cheznu.tv\/familymanagement\/wp-json\/wp\/v2\/comments?post=56212"}],"version-history":[{"count":5,"href":"https:\/\/cheznu.tv\/familymanagement\/wp-json\/wp\/v2\/pages\/56212\/revisions"}],"predecessor-version":[{"id":87125,"href":"https:\/\/cheznu.tv\/familymanagement\/wp-json\/wp\/v2\/pages\/56212\/revisions\/87125"}],"wp:attachment":[{"href":"https:\/\/cheznu.tv\/familymanagement\/wp-json\/wp\/v2\/media?parent=56212"}],"curies":[{"name":"wp","href":"https:\/\/api.w.org\/{rel}","templated":true}]}}